{"id":33856,"date":"2026-01-23T08:23:19","date_gmt":"2026-01-23T08:23:19","guid":{"rendered":"https:\/\/npicco.com\/?post_type=product&#038;p=33856"},"modified":"2026-01-23T08:23:19","modified_gmt":"2026-01-23T08:23:19","slug":"pilic-cevirme","status":"publish","type":"product","link":"https:\/\/npicco.com\/en\/urun\/pilic-cevirme\/","title":{"rendered":"P\u0130L\u0130\u00c7 \u00c7EV\u0130RME"},"content":{"rendered":"","protected":false},"excerpt":{"rendered":"<p><strong>TEKN\u0130K \u00d6ZELL\u0130KLER <\/strong><br \/>\n\u2022Paslanmaz \u00e7elik g\u00f6vde ve \u015fi\u015f<br \/>\n\u2022LPG veya do\u011falgaz ile \u00e7al\u0131\u015fma<br \/>\n\u2022Emniyet ventilli gaz muslu\u011fu<br \/>\n\u20224 radyan \u0131s\u0131t\u0131c\u0131<br \/>\n\u2022Hijyenik, emniyetli, \u0131s\u0131ya dayan\u0131kl\u0131 cam<br \/>\n\u2022Motorlu \u015fi\u015f d\u00f6nd\u00fcrme mekanizmas\u0131<\/p>\n<div class=\"product-details-table-horizontal\">\n<h3>\u00dcr\u00fcn \u00d6zellikleri<\/h3>\n<table style=\"height: 59px;\" width=\"520\">\n<thead>\n<tr>\n<th>KOD<\/th>\n<th>UZUNLUK<\/th>\n<th>GEN\u0130\u015eL\u0130K<\/th>\n<th>Y\u00dcKSEKL\u0130K<\/th>\n<th>A\u011eIRLIK<\/th>\n<\/tr>\n<\/thead>\n<tbody>\n<tr>\n<td style=\"text-align: center;\" data-label=\"\u00dcr\u00fcn Kodu\">NPICCO 284<\/td>\n<td style=\"text-align: center;\" data-label=\"Uzunluk\">112.5<\/td>\n<td style=\"text-align: center;\" data-label=\"Geni\u015flik\">55<\/td>\n<td style=\"text-align: center;\" data-label=\"Y\u00fckseklik\">130<\/td>\n<td style=\"text-align: center;\" data-label=\"A\u011f\u0131rl\u0131k\">180 kg<\/td>\n<\/tr>\n<\/tbody>\n<\/table>\n<\/div>\n","protected":false},"featured_media":33858,"comment_status":"open","ping_status":"closed","template":"","meta":{"_joinchat":[]},"product_brand":[],"product_cat":[375],"product_tag":[],"class_list":{"0":"post-33856","1":"product","2":"type-product","3":"status-publish","4":"has-post-thumbnail","6":"product_cat-elektrikli-gazli-izgaralar","8":"first","9":"instock","10":"shipping-taxable","11":"product-type-simple"},"_links":{"self":[{"href":"https:\/\/npicco.com\/en\/wp-json\/wp\/v2\/product\/33856","targetHints":{"allow":["GET"]}}],"collection":[{"href":"https:\/\/npicco.com\/en\/wp-json\/wp\/v2\/product"}],"about":[{"href":"https:\/\/npicco.com\/en\/wp-json\/wp\/v2\/types\/product"}],"replies":[{"embeddable":true,"href":"https:\/\/npicco.com\/en\/wp-json\/wp\/v2\/comments?post=33856"}],"version-history":[{"count":1,"href":"https:\/\/npicco.com\/en\/wp-json\/wp\/v2\/product\/33856\/revisions"}],"predecessor-version":[{"id":33861,"href":"https:\/\/npicco.com\/en\/wp-json\/wp\/v2\/product\/33856\/revisions\/33861"}],"wp:featuredmedia":[{"embeddable":true,"href":"https:\/\/npicco.com\/en\/wp-json\/wp\/v2\/media\/33858"}],"wp:attachment":[{"href":"https:\/\/npicco.com\/en\/wp-json\/wp\/v2\/media?parent=33856"}],"wp:term":[{"taxonomy":"product_brand","embeddable":true,"href":"https:\/\/npicco.com\/en\/wp-json\/wp\/v2\/product_brand?post=33856"},{"taxonomy":"product_cat","embeddable":true,"href":"https:\/\/npicco.com\/en\/wp-json\/wp\/v2\/product_cat?post=33856"},{"taxonomy":"product_tag","embeddable":true,"href":"https:\/\/npicco.com\/en\/wp-json\/wp\/v2\/product_tag?post=33856"}],"curies":[{"name":"wp","href":"https:\/\/api.w.org\/{rel}","templated":true}]}}