{"id":33788,"date":"2026-01-22T08:26:41","date_gmt":"2026-01-22T08:26:41","guid":{"rendered":"https:\/\/npicco.com\/?post_type=product&#038;p=33788"},"modified":"2026-01-22T08:26:41","modified_gmt":"2026-01-22T08:26:41","slug":"gazli-set-ustu-dokum-izgara","status":"publish","type":"product","link":"https:\/\/npicco.com\/en\/urun\/gazli-set-ustu-dokum-izgara\/","title":{"rendered":"GAZLI SET \u00dcST\u00dc D\u00d6K\u00dcM IZGARA"},"content":{"rendered":"","protected":false},"excerpt":{"rendered":"<p><strong>TEKN\u0130K \u00d6ZELL\u0130KLER <\/strong><br \/>\n\u2022 D\u00f6k\u00fcm pi\u015firme y\u00fczeyinin alt\u0131nda yer alan ba\u011f\u0131ms\u0131z kontrol edilebilir gaz valfleri, y\u00fczey s\u0131cakl\u0131\u011f\u0131n\u0131n hassas ayarlanmas\u0131na olanak<br \/>\nsa\u011flayarak her \u00fcr\u00fcnde tutarl\u0131 pi\u015firme performans\u0131 sunar.<br \/>\n\u2022 Yo\u011fun kullan\u0131m ko\u015fullar\u0131na uygun olarak tasarlanm\u0131\u015f d\u00f6k\u00fcm \u0131zgaralar, sa\u011flam yap\u0131lar\u0131yla uzun \u00f6m\u00fcrl\u00fc kullan\u0131m ve temizlik<br \/>\ns\u00fcre\u00e7lerinde pratiklik sa\u011flar.<br \/>\n\u2022 130 mm geni\u015fli\u011findeki y\u00fcksek dayan\u0131ml\u0131 d\u00f6k\u00fcm pi\u015firme \u0131zgaralar\u0131, \u0131s\u0131n\u0131n y\u00fczeye e\u015fit da\u011f\u0131l\u0131m\u0131n\u0131 sa\u011flayarak tutarl\u0131, verimli ve profesyonel pi\u015firme performans\u0131 sunar.<br \/>\n\u2022 Paslanmaz \u00e7elik koruma sac\u0131, y\u00fcksek dayan\u0131m ve hijyen standartlar\u0131yla uzun s\u00fcreli ve g\u00fcvenilir kullan\u0131m sa\u011flayarak bak\u0131m<br \/>\nkolayl\u0131\u011f\u0131 sunar.<br \/>\n\u2022 Pi\u015firme y\u00fczeyinin alt\u0131nda konumland\u0131r\u0131lan at\u0131k ya\u011f haznesi, olu\u015fan ya\u011f ve partik\u00fclleri verimli \u015fekilde toplayarak temiz bir \u00e7al\u0131\u015fma ortam\u0131 sa\u011flar. \u00d6nden eri\u015filebilir yap\u0131s\u0131, temizlik ve bak\u0131m s\u00fcrecini h\u0131zland\u0131r\u0131r. Her br\u00fcl\u00f6r\u00fcn \u00fczerinde yer alan dayan\u0131kl\u0131 d\u00f6k\u00fcm alev tutucular, a\u011f\u0131r \u00e7al\u0131\u015fma ko\u015fullar\u0131nda dahi kararl\u0131 ve g\u00fcvenilir performans sergiler.<br \/>\n\u2022 Pi\u015firme s\u0131ras\u0131nda olu\u015fan fazla ya\u011f\u0131n do\u011frudan hazneye y\u00f6nlendirilmesi, hem hijyeni art\u0131r\u0131r hem de alev alma riskini<br \/>\nminimuma indirerek \u00e7al\u0131\u015fma g\u00fcvenli\u011fini \u00fcst seviyeye ta\u015f\u0131r<\/p>\n<div class=\"product-details-table-horizontal\">\n<h3>\u00dcr\u00fcn \u00d6zellikleri<\/h3>\n<table style=\"height: 130px;\" width=\"505\">\n<thead>\n<tr>\n<th>\u00dcr\u00fcn Kodu<\/th>\n<th>G (MM)<\/th>\n<th>D (MM)<\/th>\n<th>Y (MM)<\/th>\n<th>Toplam G\u00fc\u00e7<\/th>\n<th>A\u011f\u0131rl\u0131k<\/th>\n<\/tr>\n<\/thead>\n<tbody>\n<tr>\n<td style=\"text-align: center;\" data-label=\"\u00dcr\u00fcn Kodu\">NPICCO 901<\/td>\n<td style=\"text-align: center;\" data-label=\"Uzunluk\">800<\/td>\n<td style=\"text-align: center;\" data-label=\"Geni\u015flik\">700<\/td>\n<td style=\"text-align: center;\" data-label=\"Y\u00fckseklik\">300<\/td>\n<td style=\"text-align: center;\" data-label=\"Izgara \u00d6l\u00e7\u00fcs\u00fc\">14 kW<\/td>\n<td style=\"text-align: center;\" data-label=\"A\u011f\u0131rl\u0131k\">65 kg<\/td>\n<\/tr>\n<tr>\n<td style=\"text-align: center;\" data-label=\"\u00dcr\u00fcn Kodu\">NPICCO 902<\/td>\n<td style=\"text-align: center;\" data-label=\"Uzunluk\">1200<\/td>\n<td style=\"text-align: center;\" data-label=\"Geni\u015flik\">700<\/td>\n<td style=\"text-align: center;\" data-label=\"Y\u00fckseklik\">300<\/td>\n<td style=\"text-align: center;\" data-label=\"Izgara \u00d6l\u00e7\u00fcs\u00fc\">21 kW<\/td>\n<td style=\"text-align: center;\" data-label=\"A\u011f\u0131rl\u0131k\">130 kg<\/td>\n<\/tr>\n<tr>\n<td style=\"text-align: center;\" data-label=\"\u00dcr\u00fcn Kodu\">NPICCO 903<\/td>\n<td style=\"text-align: center;\" data-label=\"Uzunluk\">800<\/td>\n<td style=\"text-align: center;\" data-label=\"Geni\u015flik\">900<\/td>\n<td style=\"text-align: center;\" data-label=\"Y\u00fckseklik\">300<\/td>\n<td style=\"text-align: center;\" data-label=\"Izgara \u00d6l\u00e7\u00fcs\u00fc\">18 kW<\/td>\n<td style=\"text-align: center;\" data-label=\"A\u011f\u0131rl\u0131k\">95 kg<\/td>\n<\/tr>\n<tr>\n<td style=\"text-align: center;\" data-label=\"\u00dcr\u00fcn Kodu\">NPICCO 904<\/td>\n<td style=\"text-align: center;\" data-label=\"Uzunluk\">1200<\/td>\n<td style=\"text-align: center;\" data-label=\"Geni\u015flik\">900<\/td>\n<td style=\"text-align: center;\" data-label=\"Y\u00fckseklik\">300<\/td>\n<td style=\"text-align: center;\" data-label=\"Izgara \u00d6l\u00e7\u00fcs\u00fc\">27 kW<\/td>\n<td style=\"text-align: center;\" data-label=\"A\u011f\u0131rl\u0131k\">150 kg<\/td>\n<\/tr>\n<\/tbody>\n<\/table>\n<\/div>\n","protected":false},"featured_media":33789,"comment_status":"open","ping_status":"closed","template":"","meta":{"_joinchat":[]},"product_brand":[],"product_cat":[375],"product_tag":[],"class_list":{"0":"post-33788","1":"product","2":"type-product","3":"status-publish","4":"has-post-thumbnail","6":"product_cat-elektrikli-gazli-izgaralar","8":"first","9":"instock","10":"shipping-taxable","11":"product-type-simple"},"_links":{"self":[{"href":"https:\/\/npicco.com\/en\/wp-json\/wp\/v2\/product\/33788","targetHints":{"allow":["GET"]}}],"collection":[{"href":"https:\/\/npicco.com\/en\/wp-json\/wp\/v2\/product"}],"about":[{"href":"https:\/\/npicco.com\/en\/wp-json\/wp\/v2\/types\/product"}],"replies":[{"embeddable":true,"href":"https:\/\/npicco.com\/en\/wp-json\/wp\/v2\/comments?post=33788"}],"version-history":[{"count":1,"href":"https:\/\/npicco.com\/en\/wp-json\/wp\/v2\/product\/33788\/revisions"}],"predecessor-version":[{"id":33792,"href":"https:\/\/npicco.com\/en\/wp-json\/wp\/v2\/product\/33788\/revisions\/33792"}],"wp:featuredmedia":[{"embeddable":true,"href":"https:\/\/npicco.com\/en\/wp-json\/wp\/v2\/media\/33789"}],"wp:attachment":[{"href":"https:\/\/npicco.com\/en\/wp-json\/wp\/v2\/media?parent=33788"}],"wp:term":[{"taxonomy":"product_brand","embeddable":true,"href":"https:\/\/npicco.com\/en\/wp-json\/wp\/v2\/product_brand?post=33788"},{"taxonomy":"product_cat","embeddable":true,"href":"https:\/\/npicco.com\/en\/wp-json\/wp\/v2\/product_cat?post=33788"},{"taxonomy":"product_tag","embeddable":true,"href":"https:\/\/npicco.com\/en\/wp-json\/wp\/v2\/product_tag?post=33788"}],"curies":[{"name":"wp","href":"https:\/\/api.w.org\/{rel}","templated":true}]}}