{"id":33774,"date":"2026-01-21T14:11:26","date_gmt":"2026-01-21T14:11:26","guid":{"rendered":"https:\/\/npicco.com\/?post_type=product&#038;p=33774"},"modified":"2026-01-21T14:11:26","modified_gmt":"2026-01-21T14:11:26","slug":"verona","status":"publish","type":"product","link":"https:\/\/npicco.com\/en\/urun\/verona\/","title":{"rendered":"VERONA"},"content":{"rendered":"","protected":false},"excerpt":{"rendered":"<p><strong>TEKN\u0130K \u00d6ZELL\u0130KLER <\/strong><br \/>\n\u2022 Y\u00fcksek performansl\u0131 \u0131s\u0131 yal\u0131t\u0131m\u0131<br \/>\n\u2022 Tekerlekli veya sabit ayakl\u0131 kullan\u0131m se\u00e7ene\u011fi<br \/>\n\u2022 \u0130\u00e7 haznesi ate\u015f tu\u011flas\u0131 ile kapl\u0131d\u0131r<br \/>\n\u2022 Paslanmaz \u00e7elik g\u00f6vde yap\u0131s\u0131<br \/>\n\u2022 3 katl\u0131 milli \u0131zgara sistemi<br \/>\n\u2022 9 adet GN 1\/9 k\u00fcvet ile uyumludur<br \/>\n\u2022 140 \u00d7 70 \u00d7 60 cm \u00f6l\u00e7\u00fclerinde, buzdolab\u0131 uyumlu hazne<br \/>\n\u2022 3 adet k\u00fcl bo\u015faltma haznesi<\/p>\n<div class=\"product-details-table-horizontal\">\n<h3>\u00dcr\u00fcn \u00d6zellikleri<\/h3>\n<table style=\"height: 71px;\" width=\"427\">\n<thead>\n<tr>\n<th style=\"text-align: center;\">\u00dcr\u00fcn Kodu<\/th>\n<th style=\"text-align: center;\">Uzunluk<\/th>\n<th style=\"text-align: center;\">Geni\u015flik<\/th>\n<th style=\"text-align: center;\">Y\u00fckseklik<\/th>\n<th style=\"text-align: center;\">A\u011f\u0131rl\u0131k<\/th>\n<\/tr>\n<\/thead>\n<tbody>\n<tr>\n<td style=\"text-align: center;\" data-label=\"\u00dcr\u00fcn Kodu\">NPICCO 91.1<\/td>\n<td style=\"text-align: center;\" data-label=\"Uzunluk\">180<\/td>\n<td style=\"text-align: center;\" data-label=\"Geni\u015flik\">70<\/td>\n<td style=\"text-align: center;\" data-label=\"Y\u00fckseklik\">110\/170<\/td>\n<td style=\"text-align: center;\" data-label=\"A\u011f\u0131rl\u0131k\">550 kg<\/td>\n<\/tr>\n<\/tbody>\n<\/table>\n<\/div>\n","protected":false},"featured_media":33775,"comment_status":"open","ping_status":"closed","template":"","meta":{"_joinchat":[]},"product_brand":[],"product_cat":[332],"product_tag":[],"class_list":{"0":"post-33774","1":"product","2":"type-product","3":"status-publish","4":"has-post-thumbnail","6":"product_cat-barbekuler","8":"first","9":"instock","10":"shipping-taxable","11":"product-type-simple"},"_links":{"self":[{"href":"https:\/\/npicco.com\/en\/wp-json\/wp\/v2\/product\/33774","targetHints":{"allow":["GET"]}}],"collection":[{"href":"https:\/\/npicco.com\/en\/wp-json\/wp\/v2\/product"}],"about":[{"href":"https:\/\/npicco.com\/en\/wp-json\/wp\/v2\/types\/product"}],"replies":[{"embeddable":true,"href":"https:\/\/npicco.com\/en\/wp-json\/wp\/v2\/comments?post=33774"}],"version-history":[{"count":2,"href":"https:\/\/npicco.com\/en\/wp-json\/wp\/v2\/product\/33774\/revisions"}],"predecessor-version":[{"id":33782,"href":"https:\/\/npicco.com\/en\/wp-json\/wp\/v2\/product\/33774\/revisions\/33782"}],"wp:featuredmedia":[{"embeddable":true,"href":"https:\/\/npicco.com\/en\/wp-json\/wp\/v2\/media\/33775"}],"wp:attachment":[{"href":"https:\/\/npicco.com\/en\/wp-json\/wp\/v2\/media?parent=33774"}],"wp:term":[{"taxonomy":"product_brand","embeddable":true,"href":"https:\/\/npicco.com\/en\/wp-json\/wp\/v2\/product_brand?post=33774"},{"taxonomy":"product_cat","embeddable":true,"href":"https:\/\/npicco.com\/en\/wp-json\/wp\/v2\/product_cat?post=33774"},{"taxonomy":"product_tag","embeddable":true,"href":"https:\/\/npicco.com\/en\/wp-json\/wp\/v2\/product_tag?post=33774"}],"curies":[{"name":"wp","href":"https:\/\/api.w.org\/{rel}","templated":true}]}}