{"id":33754,"date":"2026-01-21T13:44:08","date_gmt":"2026-01-21T13:44:08","guid":{"rendered":"https:\/\/npicco.com\/?post_type=product&#038;p=33754"},"modified":"2026-01-21T13:44:08","modified_gmt":"2026-01-21T13:44:08","slug":"alfa-2","status":"publish","type":"product","link":"https:\/\/npicco.com\/en\/urun\/alfa-2\/","title":{"rendered":"ALFA"},"content":{"rendered":"","protected":false},"excerpt":{"rendered":"<p><strong>TEKN\u0130K \u00d6ZELL\u0130KLER <\/strong><br \/>\n\u2022Y\u00fcksek performansl\u0131 \u0131s\u0131 yal\u0131t\u0131m\u0131<br \/>\n\u2022Etraf\u0131 a\u00e7\u0131k rafl\u0131 tasar\u0131m<br \/>\n\u2022Tekerlekli kullan\u0131m se\u00e7ene\u011fi<br \/>\n\u2022Paslanmaz \u00e7elik g\u00f6vde yap\u0131s\u0131<br \/>\n\u2022\u0130\u00e7 haznesi ate\u015f tu\u011fla ile kapl\u0131d\u0131r<br \/>\n\u202250\u00d750 cm \u00f6l\u00e7\u00fclerinde 2 adet steak \u0131zgara<br \/>\n\u2022Kebap pi\u015firme haznesi<br \/>\n\u2022Entegre ya\u011f toplama haznesi<br \/>\n\u2022Talep \u00fczerine \u00f6zel \u00f6l\u00e7\u00fclerde tasarlanabilir<\/p>\n<div class=\"product-details-table-horizontal\">\n<h3>\u00dcr\u00fcn \u00d6zellikleri<\/h3>\n<table style=\"height: 75px;\" width=\"414\">\n<thead>\n<tr>\n<th style=\"text-align: center;\">\u00dcr\u00fcn Kodu<\/th>\n<th style=\"text-align: center;\">Uzunluk<\/th>\n<th style=\"text-align: center;\">Geni\u015flik<\/th>\n<th style=\"text-align: center;\">Y\u00fckseklik<\/th>\n<th style=\"text-align: center;\">A\u011f\u0131rl\u0131k<\/th>\n<\/tr>\n<\/thead>\n<tbody>\n<tr>\n<td style=\"text-align: center;\" data-label=\"\u00dcr\u00fcn Kodu\">NPICCO 50.1<\/td>\n<td style=\"text-align: center;\" data-label=\"Uzunluk\">200<\/td>\n<td style=\"text-align: center;\" data-label=\"Geni\u015flik\">50<\/td>\n<td style=\"text-align: center;\" data-label=\"Y\u00fckseklik\">100<\/td>\n<td style=\"text-align: center;\" data-label=\"A\u011f\u0131rl\u0131k\">200 kg<\/td>\n<\/tr>\n<\/tbody>\n<\/table>\n<\/div>\n","protected":false},"featured_media":33755,"comment_status":"open","ping_status":"closed","template":"","meta":{"_joinchat":[]},"product_brand":[],"product_cat":[332],"product_tag":[],"class_list":{"0":"post-33754","1":"product","2":"type-product","3":"status-publish","4":"has-post-thumbnail","6":"product_cat-barbekuler","8":"first","9":"instock","10":"shipping-taxable","11":"product-type-simple"},"_links":{"self":[{"href":"https:\/\/npicco.com\/en\/wp-json\/wp\/v2\/product\/33754","targetHints":{"allow":["GET"]}}],"collection":[{"href":"https:\/\/npicco.com\/en\/wp-json\/wp\/v2\/product"}],"about":[{"href":"https:\/\/npicco.com\/en\/wp-json\/wp\/v2\/types\/product"}],"replies":[{"embeddable":true,"href":"https:\/\/npicco.com\/en\/wp-json\/wp\/v2\/comments?post=33754"}],"version-history":[{"count":1,"href":"https:\/\/npicco.com\/en\/wp-json\/wp\/v2\/product\/33754\/revisions"}],"predecessor-version":[{"id":33758,"href":"https:\/\/npicco.com\/en\/wp-json\/wp\/v2\/product\/33754\/revisions\/33758"}],"wp:featuredmedia":[{"embeddable":true,"href":"https:\/\/npicco.com\/en\/wp-json\/wp\/v2\/media\/33755"}],"wp:attachment":[{"href":"https:\/\/npicco.com\/en\/wp-json\/wp\/v2\/media?parent=33754"}],"wp:term":[{"taxonomy":"product_brand","embeddable":true,"href":"https:\/\/npicco.com\/en\/wp-json\/wp\/v2\/product_brand?post=33754"},{"taxonomy":"product_cat","embeddable":true,"href":"https:\/\/npicco.com\/en\/wp-json\/wp\/v2\/product_cat?post=33754"},{"taxonomy":"product_tag","embeddable":true,"href":"https:\/\/npicco.com\/en\/wp-json\/wp\/v2\/product_tag?post=33754"}],"curies":[{"name":"wp","href":"https:\/\/api.w.org\/{rel}","templated":true}]}}