{"id":33749,"date":"2026-01-21T13:39:46","date_gmt":"2026-01-21T13:39:46","guid":{"rendered":"https:\/\/npicco.com\/?post_type=product&#038;p=33749"},"modified":"2026-01-21T13:39:46","modified_gmt":"2026-01-21T13:39:46","slug":"set-ustu-camli-kebap","status":"publish","type":"product","link":"https:\/\/npicco.com\/en\/urun\/set-ustu-camli-kebap\/","title":{"rendered":"SET \u00dcST\u00dc CAMLI KEBAP"},"content":{"rendered":"","protected":false},"excerpt":{"rendered":"<p><strong>TEKN\u0130K \u00d6ZELL\u0130KLER <\/strong><br \/>\n\u2022 Y\u00fcksek performansl\u0131 \u0131s\u0131 yal\u0131t\u0131m\u0131<br \/>\n\u2022 \u00dc\u00e7 taraf\u0131 \u0131s\u0131ya dayan\u0131kl\u0131 cam ile kapal\u0131, davlumbaza sahip tasar\u0131m<br \/>\n\u2022 Paslanmaz \u00e7elik g\u00f6vde yap\u0131s\u0131<br \/>\n\u2022 \u0130\u00e7 haznesi ate\u015f tu\u011flas\u0131 ile kapl\u0131d\u0131r<br \/>\n\u2022 Kebap pi\u015firme haznesi<br \/>\n\u2022 Talep \u00fczerine \u00f6zel \u00f6l\u00e7\u00fclerde tasarlanabilir<\/p>\n<div class=\"product-details-table-horizontal\">\n<h3>\u00dcr\u00fcn \u00d6zellikleri<\/h3>\n<table style=\"height: 64px;\" width=\"442\">\n<thead>\n<tr>\n<th style=\"text-align: center;\">\u00dcr\u00fcn Kodu<\/th>\n<th style=\"text-align: center;\">Uzunluk<\/th>\n<th style=\"text-align: center;\">Geni\u015flik<\/th>\n<th style=\"text-align: center;\">Y\u00fckseklik<\/th>\n<th style=\"text-align: center;\">A\u011f\u0131rl\u0131k<\/th>\n<\/tr>\n<\/thead>\n<tbody>\n<tr>\n<td style=\"text-align: center;\" data-label=\"\u00dcr\u00fcn Kodu\">NPICCO 51.1<\/td>\n<td style=\"text-align: center;\" data-label=\"Uzunluk\">190<\/td>\n<td style=\"text-align: center;\" data-label=\"Geni\u015flik\">60<\/td>\n<td style=\"text-align: center;\" data-label=\"Y\u00fckseklik\">30\/120<\/td>\n<td style=\"text-align: center;\" data-label=\"A\u011f\u0131rl\u0131k\">250 kg<\/td>\n<\/tr>\n<\/tbody>\n<\/table>\n<\/div>\n","protected":false},"featured_media":33750,"comment_status":"open","ping_status":"closed","template":"","meta":{"_joinchat":[]},"product_brand":[],"product_cat":[332,334],"product_tag":[],"class_list":{"0":"post-33749","1":"product","2":"type-product","3":"status-publish","4":"has-post-thumbnail","6":"product_cat-barbekuler","7":"product_cat-davlumbazli-barbekuler","9":"first","10":"instock","11":"shipping-taxable","12":"product-type-simple"},"_links":{"self":[{"href":"https:\/\/npicco.com\/en\/wp-json\/wp\/v2\/product\/33749","targetHints":{"allow":["GET"]}}],"collection":[{"href":"https:\/\/npicco.com\/en\/wp-json\/wp\/v2\/product"}],"about":[{"href":"https:\/\/npicco.com\/en\/wp-json\/wp\/v2\/types\/product"}],"replies":[{"embeddable":true,"href":"https:\/\/npicco.com\/en\/wp-json\/wp\/v2\/comments?post=33749"}],"version-history":[{"count":1,"href":"https:\/\/npicco.com\/en\/wp-json\/wp\/v2\/product\/33749\/revisions"}],"predecessor-version":[{"id":33753,"href":"https:\/\/npicco.com\/en\/wp-json\/wp\/v2\/product\/33749\/revisions\/33753"}],"wp:featuredmedia":[{"embeddable":true,"href":"https:\/\/npicco.com\/en\/wp-json\/wp\/v2\/media\/33750"}],"wp:attachment":[{"href":"https:\/\/npicco.com\/en\/wp-json\/wp\/v2\/media?parent=33749"}],"wp:term":[{"taxonomy":"product_brand","embeddable":true,"href":"https:\/\/npicco.com\/en\/wp-json\/wp\/v2\/product_brand?post=33749"},{"taxonomy":"product_cat","embeddable":true,"href":"https:\/\/npicco.com\/en\/wp-json\/wp\/v2\/product_cat?post=33749"},{"taxonomy":"product_tag","embeddable":true,"href":"https:\/\/npicco.com\/en\/wp-json\/wp\/v2\/product_tag?post=33749"}],"curies":[{"name":"wp","href":"https:\/\/api.w.org\/{rel}","templated":true}]}}