{"id":33744,"date":"2026-01-21T13:35:47","date_gmt":"2026-01-21T13:35:47","guid":{"rendered":"https:\/\/npicco.com\/?post_type=product&#038;p=33744"},"modified":"2026-01-21T13:35:48","modified_gmt":"2026-01-21T13:35:48","slug":"set-ustu-davlumbazli-grill","status":"publish","type":"product","link":"https:\/\/npicco.com\/en\/urun\/set-ustu-davlumbazli-grill\/","title":{"rendered":"SET \u00dcST\u00dc DAVLUMBAZLI GRILL"},"content":{"rendered":"","protected":false},"excerpt":{"rendered":"<p><strong>TEKN\u0130K \u00d6ZELL\u0130KLER <\/strong><br \/>\n\u2022 Y\u00fcksek performansl\u0131 \u0131s\u0131 yal\u0131t\u0131m\u0131<br \/>\n\u2022 \u00dc\u00e7 taraf\u0131 kapal\u0131, davlumbaza sahip paslanmaz \u00e7elik g\u00f6vde yap\u0131s\u0131<br \/>\n\u2022 \u0130\u00e7 haznesi ate\u015f tu\u011flas\u0131 ile kapl\u0131d\u0131r<br \/>\n\u2022 2 adet steak \u0131zgaras\u0131<br \/>\n\u2022 2 adet dinlendirme raf\u0131<br \/>\n\u2022 Kebap pi\u015firme haznesi<br \/>\n\u2022 Talep \u00fczerine \u00f6zel \u00f6l\u00e7\u00fclerde tasarlanabilir<\/p>\n<div class=\"product-details-table-horizontal\">\n<h3>\u00dcr\u00fcn \u00d6zellikleri<\/h3>\n<table style=\"height: 84px;\" width=\"581\">\n<thead>\n<tr>\n<th style=\"text-align: center;\">\u00dcr\u00fcn Kodu<\/th>\n<th style=\"text-align: center;\">Uzunluk<\/th>\n<th style=\"text-align: center;\">Geni\u015flik<\/th>\n<th style=\"text-align: center;\">Y\u00fckseklik<\/th>\n<th style=\"text-align: center;\">A\u011f\u0131rl\u0131k<\/th>\n<\/tr>\n<\/thead>\n<tbody>\n<tr>\n<td style=\"text-align: center;\" data-label=\"\u00dcr\u00fcn Kodu\">NPICCO 52.1<\/td>\n<td style=\"text-align: center;\" data-label=\"Uzunluk\">230<\/td>\n<td style=\"text-align: center;\" data-label=\"Geni\u015flik\">60<\/td>\n<td style=\"text-align: center;\" data-label=\"Y\u00fckseklik\">30\/112<\/td>\n<td style=\"text-align: center;\" data-label=\"A\u011f\u0131rl\u0131k\">300 kg<\/td>\n<\/tr>\n<\/tbody>\n<\/table>\n<\/div>\n","protected":false},"featured_media":33745,"comment_status":"open","ping_status":"closed","template":"","meta":{"_joinchat":[]},"product_brand":[],"product_cat":[332,334],"product_tag":[],"class_list":{"0":"post-33744","1":"product","2":"type-product","3":"status-publish","4":"has-post-thumbnail","6":"product_cat-barbekuler","7":"product_cat-davlumbazli-barbekuler","9":"first","10":"instock","11":"shipping-taxable","12":"product-type-simple"},"_links":{"self":[{"href":"https:\/\/npicco.com\/en\/wp-json\/wp\/v2\/product\/33744","targetHints":{"allow":["GET"]}}],"collection":[{"href":"https:\/\/npicco.com\/en\/wp-json\/wp\/v2\/product"}],"about":[{"href":"https:\/\/npicco.com\/en\/wp-json\/wp\/v2\/types\/product"}],"replies":[{"embeddable":true,"href":"https:\/\/npicco.com\/en\/wp-json\/wp\/v2\/comments?post=33744"}],"version-history":[{"count":1,"href":"https:\/\/npicco.com\/en\/wp-json\/wp\/v2\/product\/33744\/revisions"}],"predecessor-version":[{"id":33748,"href":"https:\/\/npicco.com\/en\/wp-json\/wp\/v2\/product\/33744\/revisions\/33748"}],"wp:featuredmedia":[{"embeddable":true,"href":"https:\/\/npicco.com\/en\/wp-json\/wp\/v2\/media\/33745"}],"wp:attachment":[{"href":"https:\/\/npicco.com\/en\/wp-json\/wp\/v2\/media?parent=33744"}],"wp:term":[{"taxonomy":"product_brand","embeddable":true,"href":"https:\/\/npicco.com\/en\/wp-json\/wp\/v2\/product_brand?post=33744"},{"taxonomy":"product_cat","embeddable":true,"href":"https:\/\/npicco.com\/en\/wp-json\/wp\/v2\/product_cat?post=33744"},{"taxonomy":"product_tag","embeddable":true,"href":"https:\/\/npicco.com\/en\/wp-json\/wp\/v2\/product_tag?post=33744"}],"curies":[{"name":"wp","href":"https:\/\/api.w.org\/{rel}","templated":true}]}}