{"id":33728,"date":"2026-01-21T11:38:31","date_gmt":"2026-01-21T11:38:31","guid":{"rendered":"https:\/\/npicco.com\/?post_type=product&#038;p=33728"},"modified":"2026-01-21T11:40:45","modified_gmt":"2026-01-21T11:40:45","slug":"otantik-tezgahli","status":"publish","type":"product","link":"https:\/\/npicco.com\/en\/urun\/otantik-tezgahli\/","title":{"rendered":"OTANT\u0130K TEZGAHLI"},"content":{"rendered":"","protected":false},"excerpt":{"rendered":"<p><strong>TEKN\u0130K \u00d6ZELL\u0130KLER <\/strong><br \/>\n\u2022 Y\u00fcksek \u0131s\u0131 yal\u0131t\u0131ml\u0131<br \/>\n\u2022 Granit \u00fcst tezgah<br \/>\n\u2022 3 adet ayarlanabilir asans\u00f6rl\u00fc \u0131zgara<br \/>\n\u2022 3 adet dinlendirme raf\u0131<br \/>\n\u2022 Et ask\u0131 aparatlar\u0131 ve odun haznesi<br \/>\n\u2022 Izgaralarda ayarlanabilir fren sistemi<br \/>\n\u2022 \u0130\u00e7 hazne ate\u015f tu\u011fla<br \/>\n\u2022 2 adet 50* 90 hareketli tezgah<\/p>\n<div class=\"product-details-table-horizontal\">\n<h3>\u00dcr\u00fcn \u00d6zellikleri<\/h3>\n<table style=\"height: 65px;\" width=\"432\">\n<thead>\n<tr>\n<th style=\"text-align: center;\">\u00dcr\u00fcn Kodu<\/th>\n<th style=\"text-align: center;\">Uzunluk<\/th>\n<th style=\"text-align: center;\">Geni\u015flik<\/th>\n<th style=\"text-align: center;\">Y\u00fckseklik<\/th>\n<th style=\"text-align: center;\">A\u011f\u0131rl\u0131k<\/th>\n<\/tr>\n<\/thead>\n<tbody>\n<tr>\n<td style=\"text-align: center;\" data-label=\"\u00dcr\u00fcn Kodu\">72.3<\/td>\n<td style=\"text-align: center;\" data-label=\"Uzunluk\">320<\/td>\n<td style=\"text-align: center;\" data-label=\"Geni\u015flik\">220<\/td>\n<td style=\"text-align: center;\" data-label=\"Y\u00fckseklik\">90\/185<\/td>\n<td style=\"text-align: center;\" data-label=\"A\u011f\u0131rl\u0131k\">1100 kg<\/td>\n<\/tr>\n<\/tbody>\n<\/table>\n<\/div>\n","protected":false},"featured_media":33729,"comment_status":"open","ping_status":"closed","template":"","meta":{"_joinchat":[]},"product_brand":[],"product_cat":[367],"product_tag":[],"class_list":{"0":"post-33728","1":"product","2":"type-product","3":"status-publish","4":"has-post-thumbnail","6":"product_cat-barbecues","8":"first","9":"instock","10":"shipping-taxable","11":"product-type-simple"},"_links":{"self":[{"href":"https:\/\/npicco.com\/en\/wp-json\/wp\/v2\/product\/33728","targetHints":{"allow":["GET"]}}],"collection":[{"href":"https:\/\/npicco.com\/en\/wp-json\/wp\/v2\/product"}],"about":[{"href":"https:\/\/npicco.com\/en\/wp-json\/wp\/v2\/types\/product"}],"replies":[{"embeddable":true,"href":"https:\/\/npicco.com\/en\/wp-json\/wp\/v2\/comments?post=33728"}],"version-history":[{"count":1,"href":"https:\/\/npicco.com\/en\/wp-json\/wp\/v2\/product\/33728\/revisions"}],"predecessor-version":[{"id":33732,"href":"https:\/\/npicco.com\/en\/wp-json\/wp\/v2\/product\/33728\/revisions\/33732"}],"wp:featuredmedia":[{"embeddable":true,"href":"https:\/\/npicco.com\/en\/wp-json\/wp\/v2\/media\/33729"}],"wp:attachment":[{"href":"https:\/\/npicco.com\/en\/wp-json\/wp\/v2\/media?parent=33728"}],"wp:term":[{"taxonomy":"product_brand","embeddable":true,"href":"https:\/\/npicco.com\/en\/wp-json\/wp\/v2\/product_brand?post=33728"},{"taxonomy":"product_cat","embeddable":true,"href":"https:\/\/npicco.com\/en\/wp-json\/wp\/v2\/product_cat?post=33728"},{"taxonomy":"product_tag","embeddable":true,"href":"https:\/\/npicco.com\/en\/wp-json\/wp\/v2\/product_tag?post=33728"}],"curies":[{"name":"wp","href":"https:\/\/api.w.org\/{rel}","templated":true}]}}