{"id":33718,"date":"2026-01-21T10:42:41","date_gmt":"2026-01-21T10:42:41","guid":{"rendered":"https:\/\/npicco.com\/?post_type=product&#038;p=33718"},"modified":"2026-01-21T10:42:41","modified_gmt":"2026-01-21T10:42:41","slug":"castillo","status":"publish","type":"product","link":"https:\/\/npicco.com\/en\/urun\/castillo\/","title":{"rendered":"CAST\u0130LLO"},"content":{"rendered":"","protected":false},"excerpt":{"rendered":"<p><strong>TEKN\u0130K \u00d6ZELL\u0130KLER <\/strong><br \/>\n\u2022 Sa\u011f ve sol tarafta konumland\u0131r\u0131lm\u0131\u015f, 50 \u00d7 90 \u00d7 90 cm \u00f6l\u00e7\u00fclerinde 2 adet n\u00f6tr tezg\u00e2h<br \/>\n\u2022 130 \u00d7 90 \u00d7 90 cm \u00f6l\u00e7\u00fclerinde 1 adet kuzu \u00e7evirme \u00fcnitesi<br \/>\n\u2022 170 \u00d7 90 \u00d7 90 \u00d7 135 cm \u00f6l\u00e7\u00fclerinde 1 adet long grill \u00fcnitesi<br \/>\n\u2022 Kademeli, manuel Ca\u011f Kebab\u0131 aparat\u0131<br \/>\n\u2022 2 adet steak \u0131zgaras\u0131<br \/>\n\u2022 2 adet dinlendirme raf\u0131<\/p>\n<div class=\"product-details-table-horizontal\">\n<h3>\u00dcr\u00fcn \u00d6zellikleri<\/h3>\n<table style=\"height: 33px;\" width=\"454\">\n<thead>\n<tr>\n<th style=\"text-align: center;\">\u00dcr\u00fcn Kodu<\/th>\n<th style=\"text-align: center;\">Uzunluk<\/th>\n<th style=\"text-align: center;\">Geni\u015flik<\/th>\n<th style=\"text-align: center;\">Y\u00fckseklik<\/th>\n<th style=\"text-align: center;\">A\u011f\u0131rl\u0131k<\/th>\n<\/tr>\n<\/thead>\n<tbody>\n<tr>\n<td style=\"text-align: center;\" data-label=\"\u00dcr\u00fcn Kodu\">NPICCO 93.1<\/td>\n<td style=\"text-align: center;\" data-label=\"Uzunluk\">400<\/td>\n<td style=\"text-align: center;\" data-label=\"Geni\u015flik\">90<\/td>\n<td style=\"text-align: center;\" data-label=\"Y\u00fckseklik\">90\/135<\/td>\n<td style=\"text-align: center;\" data-label=\"A\u011f\u0131rl\u0131k\">1000 kg<\/td>\n<\/tr>\n<\/tbody>\n<\/table>\n<\/div>\n","protected":false},"featured_media":33719,"comment_status":"open","ping_status":"closed","template":"","meta":{"_joinchat":[]},"product_brand":[],"product_cat":[332,335],"product_tag":[],"class_list":{"0":"post-33718","1":"product","2":"type-product","3":"status-publish","4":"has-post-thumbnail","6":"product_cat-barbekuler","7":"product_cat-multi-set-barbekuler","9":"first","10":"instock","11":"shipping-taxable","12":"product-type-simple"},"_links":{"self":[{"href":"https:\/\/npicco.com\/en\/wp-json\/wp\/v2\/product\/33718","targetHints":{"allow":["GET"]}}],"collection":[{"href":"https:\/\/npicco.com\/en\/wp-json\/wp\/v2\/product"}],"about":[{"href":"https:\/\/npicco.com\/en\/wp-json\/wp\/v2\/types\/product"}],"replies":[{"embeddable":true,"href":"https:\/\/npicco.com\/en\/wp-json\/wp\/v2\/comments?post=33718"}],"version-history":[{"count":1,"href":"https:\/\/npicco.com\/en\/wp-json\/wp\/v2\/product\/33718\/revisions"}],"predecessor-version":[{"id":33722,"href":"https:\/\/npicco.com\/en\/wp-json\/wp\/v2\/product\/33718\/revisions\/33722"}],"wp:featuredmedia":[{"embeddable":true,"href":"https:\/\/npicco.com\/en\/wp-json\/wp\/v2\/media\/33719"}],"wp:attachment":[{"href":"https:\/\/npicco.com\/en\/wp-json\/wp\/v2\/media?parent=33718"}],"wp:term":[{"taxonomy":"product_brand","embeddable":true,"href":"https:\/\/npicco.com\/en\/wp-json\/wp\/v2\/product_brand?post=33718"},{"taxonomy":"product_cat","embeddable":true,"href":"https:\/\/npicco.com\/en\/wp-json\/wp\/v2\/product_cat?post=33718"},{"taxonomy":"product_tag","embeddable":true,"href":"https:\/\/npicco.com\/en\/wp-json\/wp\/v2\/product_tag?post=33718"}],"curies":[{"name":"wp","href":"https:\/\/api.w.org\/{rel}","templated":true}]}}