{"id":33707,"date":"2026-01-21T10:17:03","date_gmt":"2026-01-21T10:17:03","guid":{"rendered":"https:\/\/npicco.com\/?post_type=product&#038;p=33707"},"modified":"2026-01-21T10:17:03","modified_gmt":"2026-01-21T10:17:03","slug":"notr-tezgah-2","status":"publish","type":"product","link":"https:\/\/npicco.com\/en\/urun\/notr-tezgah-2\/","title":{"rendered":"N\u00d6TR TEZGAH"},"content":{"rendered":"","protected":false},"excerpt":{"rendered":"<p><strong>TEKN\u0130K \u00d6ZELL\u0130KLER <\/strong><br \/>\n\u2022 Y\u00fcksek \u0131s\u0131 yal\u0131t\u0131ml\u0131<br \/>\n\u2022 Tekerlek veya sabit ayak se\u00e7ene\u011fi<br \/>\n\u2022 Boyal\u0131 ve paslanmaz se\u00e7ene\u011fi<br \/>\n\u2022 Y\u00fcksekli\u011fi ayarlanabilir \u0131zgara<br \/>\n\u2022 Izgaralarda ayarlanabilir fren sistemi<br \/>\n\u2022 \u0130\u00e7 hazne ate\u015f tu\u011fla kapl\u0131<br \/>\n\u2022 Dinlendirme raf\u0131<br \/>\n\u2022 Kanal, mil ve kare \u0131zgara se\u00e7enekleri<br \/>\n\u2022 K\u00fcl bo\u015faltma haznesi<br \/>\n\u2022 \u00c7\u0131kar\u0131labilen ya\u011f kanal\u0131<br \/>\n\u2022 \u00c7\u0131kar\u0131labilen \u0131zgara ve dinlendirme raf\u0131<\/p>\n<div class=\"product-details-table-horizontal\">\n<h3>\u00dcr\u00fcn \u00d6zellikleri<\/h3>\n<table style=\"height: 53px;\" width=\"571\">\n<thead>\n<tr>\n<th style=\"text-align: center;\">\u00dcr\u00fcn Kodu<\/th>\n<th style=\"text-align: center;\">Uzunluk<\/th>\n<th style=\"text-align: center;\">Geni\u015flik<\/th>\n<th style=\"text-align: center;\">Y\u00fckseklik<\/th>\n<th style=\"text-align: center;\">A\u011f\u0131rl\u0131k<\/th>\n<\/tr>\n<\/thead>\n<tbody>\n<tr>\n<td style=\"text-align: center;\" data-label=\"\u00dcr\u00fcn Kodu\">NPICCO 48.1<\/td>\n<td style=\"text-align: center;\" data-label=\"Uzunluk\">50<\/td>\n<td style=\"text-align: center;\" data-label=\"Geni\u015flik\">90<\/td>\n<td style=\"text-align: center;\" data-label=\"Y\u00fckseklik\">90\/146<\/td>\n<td style=\"text-align: center;\" data-label=\"A\u011f\u0131rl\u0131k\">70 kg<\/td>\n<\/tr>\n<\/tbody>\n<\/table>\n<\/div>\n","protected":false},"featured_media":33708,"comment_status":"open","ping_status":"closed","template":"","meta":{"_joinchat":[]},"product_brand":[],"product_cat":[367],"product_tag":[],"class_list":{"0":"post-33707","1":"product","2":"type-product","3":"status-publish","4":"has-post-thumbnail","6":"product_cat-barbecues","8":"first","9":"instock","10":"shipping-taxable","11":"product-type-simple"},"_links":{"self":[{"href":"https:\/\/npicco.com\/en\/wp-json\/wp\/v2\/product\/33707","targetHints":{"allow":["GET"]}}],"collection":[{"href":"https:\/\/npicco.com\/en\/wp-json\/wp\/v2\/product"}],"about":[{"href":"https:\/\/npicco.com\/en\/wp-json\/wp\/v2\/types\/product"}],"replies":[{"embeddable":true,"href":"https:\/\/npicco.com\/en\/wp-json\/wp\/v2\/comments?post=33707"}],"version-history":[{"count":1,"href":"https:\/\/npicco.com\/en\/wp-json\/wp\/v2\/product\/33707\/revisions"}],"predecessor-version":[{"id":33711,"href":"https:\/\/npicco.com\/en\/wp-json\/wp\/v2\/product\/33707\/revisions\/33711"}],"wp:featuredmedia":[{"embeddable":true,"href":"https:\/\/npicco.com\/en\/wp-json\/wp\/v2\/media\/33708"}],"wp:attachment":[{"href":"https:\/\/npicco.com\/en\/wp-json\/wp\/v2\/media?parent=33707"}],"wp:term":[{"taxonomy":"product_brand","embeddable":true,"href":"https:\/\/npicco.com\/en\/wp-json\/wp\/v2\/product_brand?post=33707"},{"taxonomy":"product_cat","embeddable":true,"href":"https:\/\/npicco.com\/en\/wp-json\/wp\/v2\/product_cat?post=33707"},{"taxonomy":"product_tag","embeddable":true,"href":"https:\/\/npicco.com\/en\/wp-json\/wp\/v2\/product_tag?post=33707"}],"curies":[{"name":"wp","href":"https:\/\/api.w.org\/{rel}","templated":true}]}}