{"id":33696,"date":"2026-01-21T09:31:00","date_gmt":"2026-01-21T09:31:00","guid":{"rendered":"https:\/\/npicco.com\/?post_type=product&#038;p=33696"},"modified":"2026-01-21T09:31:01","modified_gmt":"2026-01-21T09:31:01","slug":"kuzu-cevirme-kebap-2","status":"publish","type":"product","link":"https:\/\/npicco.com\/en\/urun\/kuzu-cevirme-kebap-2\/","title":{"rendered":"KUZU \u00c7EV\u0130RME &#038; KEBAP"},"content":{"rendered":"","protected":false},"excerpt":{"rendered":"<p><strong>TEKN\u0130K \u00d6ZELL\u0130KLER<\/strong><br \/>\n\u2022 Y\u00fcksek \u0131s\u0131 yal\u0131t\u0131ml\u0131<br \/>\n\u2022 Tekerlek veya sabit ayak se\u00e7ene\u011fi<br \/>\n\u2022 Paslanmaz \u00e7elik g\u00f6vde<br \/>\n\u2022 1 adet 90 cm \u00f6l\u00e7\u00fclerinde kuzu \u00e7evirme ve \u015fi\u015f kebap haznesi<br \/>\n\u2022 1 adet k\u00f6m\u00fcr arabas\u0131<br \/>\n\u2022 Taban ara rafl\u0131<br \/>\n<strong>\u2022\u00a0<\/strong>\u00c7evirme y\u00fckseklik ayar\u0131 yapabilme \u00f6zelli\u011fi<\/p>\n<div class=\"product-details-table-horizontal\">\n<h3>\u00dcr\u00fcn \u00d6zellikleri<\/h3>\n<table style=\"height: 56px;\" width=\"564\">\n<thead>\n<tr>\n<th>\u00dcr\u00fcn Kodu<\/th>\n<th>Uzunluk<\/th>\n<th>Geni\u015flik<\/th>\n<th>Y\u00fckseklik<\/th>\n<th>A\u011f\u0131rl\u0131k<\/th>\n<\/tr>\n<\/thead>\n<tbody>\n<tr>\n<td style=\"text-align: center;\" data-label=\"\u00dcr\u00fcn Kodu\">NPICCO 42.1<\/td>\n<td style=\"text-align: center;\" data-label=\"Uzunluk\">130<\/td>\n<td style=\"text-align: center;\" data-label=\"Geni\u015flik\">90<\/td>\n<td style=\"text-align: center;\" data-label=\"Y\u00fckseklik\">90\/146<\/td>\n<td style=\"text-align: center;\" data-label=\"A\u011f\u0131rl\u0131k\">300<\/td>\n<\/tr>\n<\/tbody>\n<\/table>\n<\/div>\n","protected":false},"featured_media":33697,"comment_status":"open","ping_status":"closed","template":"","meta":{"_joinchat":[]},"product_brand":[],"product_cat":[332],"product_tag":[],"class_list":{"0":"post-33696","1":"product","2":"type-product","3":"status-publish","4":"has-post-thumbnail","6":"product_cat-barbekuler","8":"first","9":"instock","10":"shipping-taxable","11":"product-type-simple"},"_links":{"self":[{"href":"https:\/\/npicco.com\/en\/wp-json\/wp\/v2\/product\/33696","targetHints":{"allow":["GET"]}}],"collection":[{"href":"https:\/\/npicco.com\/en\/wp-json\/wp\/v2\/product"}],"about":[{"href":"https:\/\/npicco.com\/en\/wp-json\/wp\/v2\/types\/product"}],"replies":[{"embeddable":true,"href":"https:\/\/npicco.com\/en\/wp-json\/wp\/v2\/comments?post=33696"}],"version-history":[{"count":1,"href":"https:\/\/npicco.com\/en\/wp-json\/wp\/v2\/product\/33696\/revisions"}],"predecessor-version":[{"id":33700,"href":"https:\/\/npicco.com\/en\/wp-json\/wp\/v2\/product\/33696\/revisions\/33700"}],"wp:featuredmedia":[{"embeddable":true,"href":"https:\/\/npicco.com\/en\/wp-json\/wp\/v2\/media\/33697"}],"wp:attachment":[{"href":"https:\/\/npicco.com\/en\/wp-json\/wp\/v2\/media?parent=33696"}],"wp:term":[{"taxonomy":"product_brand","embeddable":true,"href":"https:\/\/npicco.com\/en\/wp-json\/wp\/v2\/product_brand?post=33696"},{"taxonomy":"product_cat","embeddable":true,"href":"https:\/\/npicco.com\/en\/wp-json\/wp\/v2\/product_cat?post=33696"},{"taxonomy":"product_tag","embeddable":true,"href":"https:\/\/npicco.com\/en\/wp-json\/wp\/v2\/product_tag?post=33696"}],"curies":[{"name":"wp","href":"https:\/\/api.w.org\/{rel}","templated":true}]}}