{"id":33683,"date":"2026-01-21T07:04:07","date_gmt":"2026-01-21T07:04:07","guid":{"rendered":"https:\/\/npicco.com\/?post_type=product&#038;p=33683"},"modified":"2026-01-21T07:04:07","modified_gmt":"2026-01-21T07:04:07","slug":"acik-ates-ada","status":"publish","type":"product","link":"https:\/\/npicco.com\/en\/urun\/acik-ates-ada\/","title":{"rendered":"A\u00c7IK ATE\u015e ADA"},"content":{"rendered":"","protected":false},"excerpt":{"rendered":"<p><strong>TEKN\u0130K \u00d6ZELL\u0130KLER <\/strong><br \/>\n\u2022 1 adet a\u00e7\u0131k ate\u015f<br \/>\n\u2022 1 adet alttan volanl\u0131<br \/>\n\u2022 1 adet katl\u0131 \u00e7evirme<br \/>\n\u2022 1 adet kuzu \u00e7evirme<br \/>\n\u2022 1 adet n\u00f6tr tezgah<\/p>\n<div class=\"product-details-table-horizontal\">\n<h3>\u00dcr\u00fcn \u00d6zellikleri<\/h3>\n<table style=\"height: 104px;\" width=\"610\">\n<thead>\n<tr>\n<th>\u00dcr\u00fcn Kodu<\/th>\n<th>Uzunluk<\/th>\n<th>Geni\u015flik<\/th>\n<th>Y\u00fckseklik<\/th>\n<th>A\u011f\u0131rl\u0131k<\/th>\n<\/tr>\n<\/thead>\n<tbody>\n<tr>\n<td style=\"text-align: center;\" data-label=\"\u00dcr\u00fcn Kodu\">NPICCO 45.1<\/td>\n<td style=\"text-align: center;\" data-label=\"Uzunluk\">300<\/td>\n<td style=\"text-align: center;\" data-label=\"Geni\u015flik\">200<\/td>\n<td style=\"text-align: center;\" data-label=\"Y\u00fckseklik\">146<\/td>\n<td style=\"text-align: center;\" data-label=\"A\u011f\u0131rl\u0131k\">1620<\/td>\n<\/tr>\n<tr>\n<td style=\"text-align: center;\" data-label=\"\u00dcr\u00fcn Kodu\">NPICCO 45.2<br \/>\nDAVLUMBAZLI<\/td>\n<td style=\"text-align: center;\" data-label=\"Uzunluk\">300<\/td>\n<td style=\"text-align: center;\" data-label=\"Geni\u015flik\">200<\/td>\n<td style=\"text-align: center;\" data-label=\"Y\u00fckseklik\">240<\/td>\n<td style=\"text-align: center;\" data-label=\"A\u011f\u0131rl\u0131k\">1870<\/td>\n<\/tr>\n<\/tbody>\n<\/table>\n<\/div>\n","protected":false},"featured_media":33687,"comment_status":"open","ping_status":"closed","template":"","meta":{"_joinchat":[]},"product_brand":[],"product_cat":[367,368,370],"product_tag":[],"class_list":{"0":"post-33683","1":"product","2":"type-product","3":"status-publish","4":"has-post-thumbnail","6":"product_cat-barbecues","7":"product_cat-filter-hood-barbecues","8":"product_cat-multi-set-barbecues","10":"first","11":"instock","12":"shipping-taxable","13":"product-type-simple"},"_links":{"self":[{"href":"https:\/\/npicco.com\/en\/wp-json\/wp\/v2\/product\/33683","targetHints":{"allow":["GET"]}}],"collection":[{"href":"https:\/\/npicco.com\/en\/wp-json\/wp\/v2\/product"}],"about":[{"href":"https:\/\/npicco.com\/en\/wp-json\/wp\/v2\/types\/product"}],"replies":[{"embeddable":true,"href":"https:\/\/npicco.com\/en\/wp-json\/wp\/v2\/comments?post=33683"}],"version-history":[{"count":2,"href":"https:\/\/npicco.com\/en\/wp-json\/wp\/v2\/product\/33683\/revisions"}],"predecessor-version":[{"id":33692,"href":"https:\/\/npicco.com\/en\/wp-json\/wp\/v2\/product\/33683\/revisions\/33692"}],"wp:featuredmedia":[{"embeddable":true,"href":"https:\/\/npicco.com\/en\/wp-json\/wp\/v2\/media\/33687"}],"wp:attachment":[{"href":"https:\/\/npicco.com\/en\/wp-json\/wp\/v2\/media?parent=33683"}],"wp:term":[{"taxonomy":"product_brand","embeddable":true,"href":"https:\/\/npicco.com\/en\/wp-json\/wp\/v2\/product_brand?post=33683"},{"taxonomy":"product_cat","embeddable":true,"href":"https:\/\/npicco.com\/en\/wp-json\/wp\/v2\/product_cat?post=33683"},{"taxonomy":"product_tag","embeddable":true,"href":"https:\/\/npicco.com\/en\/wp-json\/wp\/v2\/product_tag?post=33683"}],"curies":[{"name":"wp","href":"https:\/\/api.w.org\/{rel}","templated":true}]}}