{"id":33678,"date":"2026-01-20T13:39:26","date_gmt":"2026-01-20T13:39:26","guid":{"rendered":"https:\/\/npicco.com\/?post_type=product&#038;p=33678"},"modified":"2026-01-20T13:39:27","modified_gmt":"2026-01-20T13:39:27","slug":"grande","status":"publish","type":"product","link":"https:\/\/npicco.com\/en\/urun\/grande\/","title":{"rendered":"GRANDE"},"content":{"rendered":"","protected":false},"excerpt":{"rendered":"<p><strong>TEKN\u0130K \u00d6ZELL\u0130KLER <\/strong><br \/>\n\u2022 Y\u00fcksek performansl\u0131 \u0131s\u0131 yal\u0131t\u0131m\u0131<br \/>\n\u2022 Tekerlekli veya sabit ayakl\u0131 kullan\u0131m se\u00e7ene\u011fi<br \/>\n\u2022 Paslanmaz \u00e7elik g\u00f6vde yap\u0131s\u0131<br \/>\n\u2022 Dinlendirme raflar\u0131 ve et ask\u0131 aparatlar\u0131 i\u00e7in konumu ayarlanabilir ask\u0131 sistemi<br \/>\n\u2022 \u0130\u00e7 haznesi ate\u015f tu\u011flas\u0131 ile kapl\u0131d\u0131r<br \/>\n\u2022 Odun veya k\u00f6m\u00fcr ile \u00e7al\u0131\u015fma sistemi<br \/>\n\u2022 4 adet otomatik \u00e7evirme \u015fi\u015fli, 20 adet pili\u00e7 kapasitesi<br \/>\n\u2022 4 adet k\u00f6m\u00fcr arabas\u0131<br \/>\n\u2022 3 adet odun haznesi<br \/>\n\u2022 1 adet plate \u0131zgara<br \/>\n\u2022 1 adet oluklu \u0131zgara<br \/>\n\u2022 3 adet ayakl\u0131 ocak<br \/>\n\u2022 1 adet d\u00f6k\u00fcm \u0131zgara<br \/>\n\u2022 Alt k\u0131s\u0131mda ara rafl\u0131 tabakl\u0131k<\/p>\n<div class=\"product-details-table-horizontal\">\n<h3>\u00dcr\u00fcn \u00d6zellikleri<\/h3>\n<table style=\"height: 63px;\" width=\"554\">\n<thead>\n<tr>\n<th style=\"text-align: center;\">\u00dcr\u00fcn Kodu<\/th>\n<th style=\"text-align: center;\">Uzunluk<\/th>\n<th style=\"text-align: center;\">Geni\u015flik<\/th>\n<th style=\"text-align: center;\">Y\u00fckseklik<\/th>\n<th style=\"text-align: center;\">A\u011f\u0131rl\u0131k<\/th>\n<\/tr>\n<\/thead>\n<tbody>\n<tr>\n<td style=\"text-align: center;\" data-label=\"\u00dcr\u00fcn Kodu\">NPICCO 90.1<\/td>\n<td style=\"text-align: center;\" data-label=\"Uzunluk\">400<\/td>\n<td style=\"text-align: center;\" data-label=\"Geni\u015flik\">110<\/td>\n<td style=\"text-align: center;\" data-label=\"Y\u00fckseklik\">90\/180<\/td>\n<td style=\"text-align: center;\" data-label=\"A\u011f\u0131rl\u0131k\">900 kg<\/td>\n<\/tr>\n<\/tbody>\n<\/table>\n<\/div>\n","protected":false},"featured_media":33679,"comment_status":"open","ping_status":"closed","template":"","meta":{"_joinchat":[]},"product_brand":[],"product_cat":[332,335],"product_tag":[],"class_list":{"0":"post-33678","1":"product","2":"type-product","3":"status-publish","4":"has-post-thumbnail","6":"product_cat-barbekuler","7":"product_cat-multi-set-barbekuler","9":"first","10":"instock","11":"shipping-taxable","12":"product-type-simple"},"_links":{"self":[{"href":"https:\/\/npicco.com\/en\/wp-json\/wp\/v2\/product\/33678","targetHints":{"allow":["GET"]}}],"collection":[{"href":"https:\/\/npicco.com\/en\/wp-json\/wp\/v2\/product"}],"about":[{"href":"https:\/\/npicco.com\/en\/wp-json\/wp\/v2\/types\/product"}],"replies":[{"embeddable":true,"href":"https:\/\/npicco.com\/en\/wp-json\/wp\/v2\/comments?post=33678"}],"version-history":[{"count":1,"href":"https:\/\/npicco.com\/en\/wp-json\/wp\/v2\/product\/33678\/revisions"}],"predecessor-version":[{"id":33682,"href":"https:\/\/npicco.com\/en\/wp-json\/wp\/v2\/product\/33678\/revisions\/33682"}],"wp:featuredmedia":[{"embeddable":true,"href":"https:\/\/npicco.com\/en\/wp-json\/wp\/v2\/media\/33679"}],"wp:attachment":[{"href":"https:\/\/npicco.com\/en\/wp-json\/wp\/v2\/media?parent=33678"}],"wp:term":[{"taxonomy":"product_brand","embeddable":true,"href":"https:\/\/npicco.com\/en\/wp-json\/wp\/v2\/product_brand?post=33678"},{"taxonomy":"product_cat","embeddable":true,"href":"https:\/\/npicco.com\/en\/wp-json\/wp\/v2\/product_cat?post=33678"},{"taxonomy":"product_tag","embeddable":true,"href":"https:\/\/npicco.com\/en\/wp-json\/wp\/v2\/product_tag?post=33678"}],"curies":[{"name":"wp","href":"https:\/\/api.w.org\/{rel}","templated":true}]}}