{"id":33656,"date":"2026-01-20T13:10:37","date_gmt":"2026-01-20T13:10:37","guid":{"rendered":"https:\/\/npicco.com\/?post_type=product&#038;p=33656"},"modified":"2026-01-20T13:10:37","modified_gmt":"2026-01-20T13:10:37","slug":"kuzu-cevirme-kebap","status":"publish","type":"product","link":"https:\/\/npicco.com\/en\/urun\/kuzu-cevirme-kebap\/","title":{"rendered":"KUZU \u00c7EV\u0130RME &#038; KEBAP"},"content":{"rendered":"","protected":false},"excerpt":{"rendered":"<p><strong>TEKN\u0130K \u00d6ZELL\u0130KLER <\/strong><br \/>\n\u2022 1 adet 150 cm \u00f6l\u00e7\u00fclerinde kuzu \u00e7evirme \u015fi\u015f ve kebap haznesi<br \/>\n\u2022 K\u00fcl \u00e7ekmeceli<br \/>\n\u2022 Taban ara rafl\u0131<br \/>\n\u2022 Ayarlanabilir \u00e7evirme ve y\u00fckseklik<br \/>\n\u2022 1 adet k\u00f6m\u00fcr arabas\u0131<br \/>\n\u2022 Elektro statik toz boya<\/p>\n<div class=\"product-details-table-horizontal\">\n<h3>\u00dcr\u00fcn \u00d6zellikleri<\/h3>\n<table style=\"height: 63px;\" width=\"554\">\n<thead>\n<tr>\n<th style=\"text-align: center;\">\u00dcr\u00fcn Kodu<\/th>\n<th style=\"text-align: center;\">Uzunluk<\/th>\n<th style=\"text-align: center;\">Geni\u015flik<\/th>\n<th style=\"text-align: center;\">Y\u00fckseklik<\/th>\n<th style=\"text-align: center;\">A\u011f\u0131rl\u0131k<\/th>\n<\/tr>\n<\/thead>\n<tbody>\n<tr>\n<td style=\"text-align: center;\" data-label=\"\u00dcr\u00fcn Kodu\">NPICCO 43.1<\/td>\n<td style=\"text-align: center;\" data-label=\"Uzunluk\">180<\/td>\n<td style=\"text-align: center;\" data-label=\"Geni\u015flik\">65<\/td>\n<td style=\"text-align: center;\" data-label=\"Y\u00fckseklik\">90\/135<\/td>\n<td style=\"text-align: center;\" data-label=\"A\u011f\u0131rl\u0131k\">350 kg<\/td>\n<\/tr>\n<\/tbody>\n<\/table>\n<\/div>\n","protected":false},"featured_media":33657,"comment_status":"open","ping_status":"closed","template":"","meta":{"_joinchat":[]},"product_brand":[],"product_cat":[366],"product_tag":[],"class_list":{"0":"post-33656","1":"product","2":"type-product","3":"status-publish","4":"has-post-thumbnail","6":"product_cat-general","8":"first","9":"instock","10":"shipping-taxable","11":"product-type-simple"},"_links":{"self":[{"href":"https:\/\/npicco.com\/en\/wp-json\/wp\/v2\/product\/33656","targetHints":{"allow":["GET"]}}],"collection":[{"href":"https:\/\/npicco.com\/en\/wp-json\/wp\/v2\/product"}],"about":[{"href":"https:\/\/npicco.com\/en\/wp-json\/wp\/v2\/types\/product"}],"replies":[{"embeddable":true,"href":"https:\/\/npicco.com\/en\/wp-json\/wp\/v2\/comments?post=33656"}],"version-history":[{"count":1,"href":"https:\/\/npicco.com\/en\/wp-json\/wp\/v2\/product\/33656\/revisions"}],"predecessor-version":[{"id":33664,"href":"https:\/\/npicco.com\/en\/wp-json\/wp\/v2\/product\/33656\/revisions\/33664"}],"wp:featuredmedia":[{"embeddable":true,"href":"https:\/\/npicco.com\/en\/wp-json\/wp\/v2\/media\/33657"}],"wp:attachment":[{"href":"https:\/\/npicco.com\/en\/wp-json\/wp\/v2\/media?parent=33656"}],"wp:term":[{"taxonomy":"product_brand","embeddable":true,"href":"https:\/\/npicco.com\/en\/wp-json\/wp\/v2\/product_brand?post=33656"},{"taxonomy":"product_cat","embeddable":true,"href":"https:\/\/npicco.com\/en\/wp-json\/wp\/v2\/product_cat?post=33656"},{"taxonomy":"product_tag","embeddable":true,"href":"https:\/\/npicco.com\/en\/wp-json\/wp\/v2\/product_tag?post=33656"}],"curies":[{"name":"wp","href":"https:\/\/api.w.org\/{rel}","templated":true}]}}