{"id":33646,"date":"2026-01-20T12:27:35","date_gmt":"2026-01-20T12:27:35","guid":{"rendered":"https:\/\/npicco.com\/?post_type=product&#038;p=33646"},"modified":"2026-01-20T12:27:35","modified_gmt":"2026-01-20T12:27:35","slug":"firinli-tezgah","status":"publish","type":"product","link":"https:\/\/npicco.com\/en\/urun\/firinli-tezgah\/","title":{"rendered":"FIRINLI TEZGAH"},"content":{"rendered":"","protected":false},"excerpt":{"rendered":"<p><strong>TEKN\u0130K \u00d6ZELL\u0130KLER <\/strong><br \/>\n\u2022 1 adet seramik mangal<br \/>\n\u2022 Is\u0131y\u0131 hapseden kal\u0131n tamamen seramik hazne<br \/>\n\u2022 Paslanmaz \u00e7elik pi\u015firme \u0131zgaras\u0131<br \/>\n\u2022 Dahili termometre<br \/>\n\u2022 D\u00f6k\u00fcm hava kontrol kapa\u011f\u0131<br \/>\n\u2022 K\u00fcl temizleme \u00e7ekmecesi<br \/>\n\u2022 Is\u0131 kayb\u0131n\u0131 engelleyen ke\u00e7e conta<br \/>\n\u2022 Mente\u015feli kapak<br \/>\n\u2022 Serin kalan barbek\u00fc kapak kolu<br \/>\n\u2022 Alt k\u0131s\u0131m \u00e7arpma kap\u0131l\u0131 dolap<br \/>\n\u2022 Tekerlek veya sabit ayak se\u00e7ene\u011fi<br \/>\n\u2022 Elektro statik toz boya<\/p>\n<p><span style=\"color: #1b1919; font-size: 22px;\">\u00dcr\u00fcn \u00d6zellikleri<\/span><\/p>\n<div class=\"product-details-table-horizontal\">\n<table style=\"height: 63px;\" width=\"554\">\n<thead>\n<tr>\n<th style=\"text-align: center;\">\u00dcr\u00fcn Kodu<\/th>\n<th style=\"text-align: center;\">Uzunluk<\/th>\n<th style=\"text-align: center;\">Geni\u015flik<\/th>\n<th style=\"text-align: center;\">Y\u00fckseklik<\/th>\n<th style=\"text-align: center;\">A\u011f\u0131rl\u0131k<\/th>\n<\/tr>\n<\/thead>\n<tbody>\n<tr>\n<td style=\"text-align: center;\" data-label=\"\u00dcr\u00fcn Kodu\">NPICCO 39.1<\/td>\n<td style=\"text-align: center;\" data-label=\"Uzunluk\">150<\/td>\n<td style=\"text-align: center;\" data-label=\"Geni\u015flik\">70<\/td>\n<td style=\"text-align: center;\" data-label=\"Y\u00fckseklik\">90\/125<\/td>\n<td style=\"text-align: center;\" data-label=\"A\u011f\u0131rl\u0131k\">110 kg<\/td>\n<\/tr>\n<\/tbody>\n<\/table>\n<\/div>\n","protected":false},"featured_media":33647,"comment_status":"open","ping_status":"closed","template":"","meta":{"_joinchat":[]},"product_brand":[],"product_cat":[367],"product_tag":[],"class_list":{"0":"post-33646","1":"product","2":"type-product","3":"status-publish","4":"has-post-thumbnail","6":"product_cat-barbecues","8":"first","9":"instock","10":"shipping-taxable","11":"product-type-simple"},"_links":{"self":[{"href":"https:\/\/npicco.com\/en\/wp-json\/wp\/v2\/product\/33646","targetHints":{"allow":["GET"]}}],"collection":[{"href":"https:\/\/npicco.com\/en\/wp-json\/wp\/v2\/product"}],"about":[{"href":"https:\/\/npicco.com\/en\/wp-json\/wp\/v2\/types\/product"}],"replies":[{"embeddable":true,"href":"https:\/\/npicco.com\/en\/wp-json\/wp\/v2\/comments?post=33646"}],"version-history":[{"count":1,"href":"https:\/\/npicco.com\/en\/wp-json\/wp\/v2\/product\/33646\/revisions"}],"predecessor-version":[{"id":33650,"href":"https:\/\/npicco.com\/en\/wp-json\/wp\/v2\/product\/33646\/revisions\/33650"}],"wp:featuredmedia":[{"embeddable":true,"href":"https:\/\/npicco.com\/en\/wp-json\/wp\/v2\/media\/33647"}],"wp:attachment":[{"href":"https:\/\/npicco.com\/en\/wp-json\/wp\/v2\/media?parent=33646"}],"wp:term":[{"taxonomy":"product_brand","embeddable":true,"href":"https:\/\/npicco.com\/en\/wp-json\/wp\/v2\/product_brand?post=33646"},{"taxonomy":"product_cat","embeddable":true,"href":"https:\/\/npicco.com\/en\/wp-json\/wp\/v2\/product_cat?post=33646"},{"taxonomy":"product_tag","embeddable":true,"href":"https:\/\/npicco.com\/en\/wp-json\/wp\/v2\/product_tag?post=33646"}],"curies":[{"name":"wp","href":"https:\/\/api.w.org\/{rel}","templated":true}]}}