{"id":32248,"date":"2024-11-13T00:30:49","date_gmt":"2024-11-13T00:30:49","guid":{"rendered":"https:\/\/www.npicco.com\/urun\/moena\/"},"modified":"2024-11-13T00:30:49","modified_gmt":"2024-11-13T00:30:49","slug":"moena","status":"publish","type":"product","link":"https:\/\/npicco.com\/en\/urun\/moena\/","title":{"rendered":"MOENA"},"content":{"rendered":"<p><strong>TECHNICAL SPECIFICATIONS<\/strong><br \/>\n\u2022 High heat insulation<br \/>\n\u2022 Adjustable brake system on grills<br \/>\n\u2022 Meat hanger and resting shelf<br \/>\n\u2022 2 ash storage chambers<br \/>\n\u2022 Stainless steel spice service counter<br \/>\n\u2022 Three sides with 10mm heat-resistant glass<br \/>\n\u2022 Synthetic paint with stainless steel decor<br \/>\n\u2022 Firebrick-lined inner chamber<\/p>\n<p><strong>TECHNICAL SPECIFICATIONS<\/strong><br \/>\n\u2022 High heat insulation<br \/>\n\u2022 Wheel or fixed leg option<br \/>\n\u2022 Height-adjustable chain system elevator grill<br \/>\n\u2022 Adjustable brake system on grills<br \/>\n\u2022 High heat-resistant paint<br \/>\n\u2022 Firebrick-lined inner chamber<br \/>\n\u2022 Foldable service counter<br \/>\n\u2022 Meat hanger and resting shelf<br \/>\n\u2022 Channel grill option<\/p>\n","protected":false},"excerpt":{"rendered":"<p><strong>TECHNICAL SPECIFICATIONS<\/strong><br \/>\n\u2022 High heat insulation<br \/>\n\u2022 Adjustable brake system on grills<br \/>\n\u2022 Meat hanger and resting shelf<br \/>\n\u2022 2 ash storage chambers<br \/>\n\u2022 Stainless steel spice service counter<br \/>\n\u2022 Three sides with 10mm heat-resistant glass<br \/>\n\u2022 Synthetic paint with stainless steel decor<br \/>\n\u2022 Firebrick-lined inner chamber<\/p>\n<p><strong>TECHNICAL SPECIFICATIONS<\/strong><br \/>\n\u2022 High heat insulation<br \/>\n\u2022 Wheel or fixed leg option<br \/>\n\u2022 Height-adjustable chain system elevator grill<br \/>\n\u2022 Adjustable brake system on grills<br \/>\n\u2022 High heat-resistant paint<br \/>\n\u2022 Firebrick-lined inner chamber<br \/>\n\u2022 Foldable service counter<br \/>\n\u2022 Meat hanger and resting shelf<br \/>\n\u2022 Channel grill option<\/p>\n<div class=\"product-details-table-horizontal\">\n<h3>\u00dcr\u00fcn \u00d6zellikleri<\/h3>\n<table>\n<thead>\n<tr>\n<th>\u00dcr\u00fcn Kodu<\/th>\n<th>Uzunluk<\/th>\n<th>Geni\u015flik<\/th>\n<th>Y\u00fckseklik<\/th>\n<th>Izgara \u00d6l\u00e7\u00fcs\u00fc<\/th>\n<th>A\u011f\u0131rl\u0131k<\/th>\n<\/tr>\n<\/thead>\n<tbody>\n<tr>\n<td data-label=\"\u00dcr\u00fcn Kodu\">NPICCO 58<\/td>\n<td data-label=\"Uzunluk\">160<\/td>\n<td data-label=\"Geni\u015flik\">85<\/td>\n<td data-label=\"Y\u00fckseklik\">90\/240<\/td>\n<td data-label=\"Izgara \u00d6l\u00e7\u00fcs\u00fc\">54&#215;60 2 Adet<\/td>\n<td data-label=\"A\u011f\u0131rl\u0131k\">440<\/td>\n<\/tr>\n<\/tbody>\n<\/table>\n<\/div>\n","protected":false},"featured_media":31848,"comment_status":"open","ping_status":"closed","template":"","meta":{"_joinchat":[]},"product_brand":[],"product_cat":[368],"product_tag":[],"class_list":{"0":"post-32248","1":"product","2":"type-product","3":"status-publish","4":"has-post-thumbnail","6":"product_cat-filter-hood-barbecues","8":"first","9":"instock","10":"shipping-taxable","11":"product-type-simple"},"_links":{"self":[{"href":"https:\/\/npicco.com\/en\/wp-json\/wp\/v2\/product\/32248","targetHints":{"allow":["GET"]}}],"collection":[{"href":"https:\/\/npicco.com\/en\/wp-json\/wp\/v2\/product"}],"about":[{"href":"https:\/\/npicco.com\/en\/wp-json\/wp\/v2\/types\/product"}],"replies":[{"embeddable":true,"href":"https:\/\/npicco.com\/en\/wp-json\/wp\/v2\/comments?post=32248"}],"version-history":[{"count":0,"href":"https:\/\/npicco.com\/en\/wp-json\/wp\/v2\/product\/32248\/revisions"}],"wp:featuredmedia":[{"embeddable":true,"href":"https:\/\/npicco.com\/en\/wp-json\/wp\/v2\/media\/31848"}],"wp:attachment":[{"href":"https:\/\/npicco.com\/en\/wp-json\/wp\/v2\/media?parent=32248"}],"wp:term":[{"taxonomy":"product_brand","embeddable":true,"href":"https:\/\/npicco.com\/en\/wp-json\/wp\/v2\/product_brand?post=32248"},{"taxonomy":"product_cat","embeddable":true,"href":"https:\/\/npicco.com\/en\/wp-json\/wp\/v2\/product_cat?post=32248"},{"taxonomy":"product_tag","embeddable":true,"href":"https:\/\/npicco.com\/en\/wp-json\/wp\/v2\/product_tag?post=32248"}],"curies":[{"name":"wp","href":"https:\/\/api.w.org\/{rel}","templated":true}]}}