{"id":32236,"date":"2024-11-13T00:30:52","date_gmt":"2024-11-13T00:30:52","guid":{"rendered":"https:\/\/www.npicco.com\/urun\/cag-kebab\/"},"modified":"2024-11-13T00:30:52","modified_gmt":"2024-11-13T00:30:52","slug":"cag-kebab","status":"publish","type":"product","link":"https:\/\/npicco.com\/en\/urun\/cag-kebab\/","title":{"rendered":"CAG KEBAB"},"content":{"rendered":"<p><strong>TECHNICAL SPECIFICATIONS<\/strong><br \/>\n\u2022 High heat insulation<br \/>\n\u2022 Stainless steel body<br \/>\n\u2022 Ash drawer<br \/>\n\u2022 Grease drawer<br \/>\n\u2022 Heavy-duty wheels<br \/>\n\u2022 Lower section with slam door cabinet<\/p>\n","protected":false},"excerpt":{"rendered":"<p><strong>TECHNICAL SPECIFICATIONS<\/strong><br \/>\n\u2022 High heat insulation<br \/>\n\u2022 Stainless steel body<br \/>\n\u2022 Ash drawer<br \/>\n\u2022 Grease drawer<br \/>\n\u2022 Heavy-duty wheels<br \/>\n\u2022 Lower section with slam door cabinet<\/p>\n<div class=\"product-details-table-horizontal\">\n<h3>\u00dcr\u00fcn \u00d6zellikleri<\/h3>\n<table>\n<thead>\n<tr>\n<th>\u00dcr\u00fcn Kodu<\/th>\n<th>Uzunluk<\/th>\n<th>Geni\u015flik<\/th>\n<th>Y\u00fckseklik<\/th>\n<th>A\u011f\u0131rl\u0131k<\/th>\n<\/tr>\n<\/thead>\n<tbody>\n<tr>\n<td data-label=\"\u00dcr\u00fcn Kodu\">NPICCO 334<\/td>\n<td data-label=\"Uzunluk\">130<\/td>\n<td data-label=\"Geni\u015flik\">100<\/td>\n<td data-label=\"Y\u00fckseklik\">105\/150<\/td>\n<td data-label=\"A\u011f\u0131rl\u0131k\">350<\/td>\n<\/tr>\n<\/tbody>\n<\/table>\n<\/div>\n","protected":false},"featured_media":33174,"comment_status":"open","ping_status":"closed","template":"","meta":{"_joinchat":[]},"product_brand":[],"product_cat":[332],"product_tag":[],"class_list":{"0":"post-32236","1":"product","2":"type-product","3":"status-publish","4":"has-post-thumbnail","6":"product_cat-barbekuler","8":"first","9":"instock","10":"shipping-taxable","11":"product-type-simple"},"_links":{"self":[{"href":"https:\/\/npicco.com\/en\/wp-json\/wp\/v2\/product\/32236","targetHints":{"allow":["GET"]}}],"collection":[{"href":"https:\/\/npicco.com\/en\/wp-json\/wp\/v2\/product"}],"about":[{"href":"https:\/\/npicco.com\/en\/wp-json\/wp\/v2\/types\/product"}],"replies":[{"embeddable":true,"href":"https:\/\/npicco.com\/en\/wp-json\/wp\/v2\/comments?post=32236"}],"version-history":[{"count":0,"href":"https:\/\/npicco.com\/en\/wp-json\/wp\/v2\/product\/32236\/revisions"}],"wp:featuredmedia":[{"embeddable":true,"href":"https:\/\/npicco.com\/en\/wp-json\/wp\/v2\/media\/33174"}],"wp:attachment":[{"href":"https:\/\/npicco.com\/en\/wp-json\/wp\/v2\/media?parent=32236"}],"wp:term":[{"taxonomy":"product_brand","embeddable":true,"href":"https:\/\/npicco.com\/en\/wp-json\/wp\/v2\/product_brand?post=32236"},{"taxonomy":"product_cat","embeddable":true,"href":"https:\/\/npicco.com\/en\/wp-json\/wp\/v2\/product_cat?post=32236"},{"taxonomy":"product_tag","embeddable":true,"href":"https:\/\/npicco.com\/en\/wp-json\/wp\/v2\/product_tag?post=32236"}],"curies":[{"name":"wp","href":"https:\/\/api.w.org\/{rel}","templated":true}]}}