{"id":32209,"date":"2024-11-13T00:30:57","date_gmt":"2024-11-13T00:30:57","guid":{"rendered":"https:\/\/www.npicco.com\/urun\/verde\/"},"modified":"2026-05-06T12:38:58","modified_gmt":"2026-05-06T12:38:58","slug":"verde","status":"publish","type":"product","link":"https:\/\/npicco.com\/en\/urun\/verde\/","title":{"rendered":"VERDE"},"content":{"rendered":"","protected":false},"excerpt":{"rendered":"<p><strong>TEKN\u0130K \u00d6ZELL\u0130KLER<\/strong><br \/>\n\u2022 High-performance thermalin sulation<br \/>\n\u2022 Wheel-mountedor fixed-legoption<br \/>\n\u2022 Chain-driven, height-adjustablelift grill system<br \/>\n\u2022 Adjustable grill brake system<br \/>\n\u2022 Inner chamber lined with fire bricks<br \/>\n\u2022 Meat hanging hooks and height adjustable resting racks<br \/>\n\u2022 Height-adjustable wood storage compartment<br \/>\n\u2022 One plate grill<br \/>\n\u2022 One cast iron grill<br \/>\n\u2022 One charcoal trolley<br \/>\n\u2022 Foldable services helf<br \/>\n\u2022 Services helf compatible with<br \/>\n\u2022 6\u00d7GN 1\/6 containers<\/p>\n<div class=\"product-details-table-horizontal\">\n<h3>Product Specifications<\/h3>\n<table style=\"height: 57px;\" width=\"409\">\n<thead>\n<tr>\n<th>Product Code<\/th>\n<th>Length<\/th>\n<th>Width<\/th>\n<th>Height<\/th>\n<th>Weight<\/th>\n<\/tr>\n<\/thead>\n<tbody>\n<tr>\n<td data-label=\"Product Code\">NPICCO 41.1<\/td>\n<td data-label=\"Length\">150<\/td>\n<td data-label=\"Width\">100<\/td>\n<td data-label=\"Height\">90\/190<\/td>\n<td data-label=\"Weight\">400<\/td>\n<\/tr>\n<\/tbody>\n<\/table>\n<\/div>\n","protected":false},"featured_media":33669,"comment_status":"open","ping_status":"closed","template":"","meta":{"_joinchat":[]},"product_brand":[],"product_cat":[367],"product_tag":[],"class_list":{"0":"post-32209","1":"product","2":"type-product","3":"status-publish","4":"has-post-thumbnail","6":"product_cat-barbecues","8":"first","9":"instock","10":"shipping-taxable","11":"product-type-simple"},"_links":{"self":[{"href":"https:\/\/npicco.com\/en\/wp-json\/wp\/v2\/product\/32209","targetHints":{"allow":["GET"]}}],"collection":[{"href":"https:\/\/npicco.com\/en\/wp-json\/wp\/v2\/product"}],"about":[{"href":"https:\/\/npicco.com\/en\/wp-json\/wp\/v2\/types\/product"}],"replies":[{"embeddable":true,"href":"https:\/\/npicco.com\/en\/wp-json\/wp\/v2\/comments?post=32209"}],"version-history":[{"count":2,"href":"https:\/\/npicco.com\/en\/wp-json\/wp\/v2\/product\/32209\/revisions"}],"predecessor-version":[{"id":33971,"href":"https:\/\/npicco.com\/en\/wp-json\/wp\/v2\/product\/32209\/revisions\/33971"}],"wp:featuredmedia":[{"embeddable":true,"href":"https:\/\/npicco.com\/en\/wp-json\/wp\/v2\/media\/33669"}],"wp:attachment":[{"href":"https:\/\/npicco.com\/en\/wp-json\/wp\/v2\/media?parent=32209"}],"wp:term":[{"taxonomy":"product_brand","embeddable":true,"href":"https:\/\/npicco.com\/en\/wp-json\/wp\/v2\/product_brand?post=32209"},{"taxonomy":"product_cat","embeddable":true,"href":"https:\/\/npicco.com\/en\/wp-json\/wp\/v2\/product_cat?post=32209"},{"taxonomy":"product_tag","embeddable":true,"href":"https:\/\/npicco.com\/en\/wp-json\/wp\/v2\/product_tag?post=32209"}],"curies":[{"name":"wp","href":"https:\/\/api.w.org\/{rel}","templated":true}]}}