{"id":32206,"date":"2024-11-13T00:30:59","date_gmt":"2024-11-13T00:30:59","guid":{"rendered":"https:\/\/www.npicco.com\/urun\/valencia\/"},"modified":"2024-11-13T00:30:59","modified_gmt":"2024-11-13T00:30:59","slug":"valencia","status":"publish","type":"product","link":"https:\/\/npicco.com\/en\/urun\/valencia\/","title":{"rendered":"VALENCIA"},"content":{"rendered":"<p><strong>TEKN\u0130K \u00d6ZELL\u0130KLER<\/strong><br \/>\n\u2022 Y\u00fcksek \u0131s\u0131 yal\u0131t\u0131ml\u0131<br \/>\n\u2022 3 adet y\u00fcksekli\u011fi ayarlanabilir asans\u00f6rl\u00fc \u0131zgara<br \/>\n\u2022 Paslanmaz g\u00f6vde ve davlumbaz<br \/>\n\u2022 Et ask\u0131 ve dinlendirme raf\u0131<br \/>\n\u2022 2 adet k\u00fcl depolama haznesi<br \/>\n\u2022 Izgaralarda ayarl\u0131 fren sistemi<br \/>\n\u2022 Buzdolab\u0131 hazneli ve iki b\u00f6lmeli \u015fi\u015f raf\u0131<br \/>\n\u25a0 Ortada kebap hazneli<br \/>\n\u2022 Baharatl\u0131k paslanmaz raf<br \/>\n\u2022 i\u00e7 hazne ate\u015f tu\u011fla<\/p>\n","protected":false},"excerpt":{"rendered":"<p><strong>TEKN\u0130K \u00d6ZELL\u0130KLER<\/strong><br \/>\n\u2022 Y\u00fcksek \u0131s\u0131 yal\u0131t\u0131ml\u0131<\/p>\n<p>\u2022 3 adet y\u00fcksekli\u011fi ayarlanabilir asans\u00f6rl\u00fc \u0131zgara<br \/>\n\u2022 Paslanmaz g\u00f6vde ve davlumbaz<br \/>\n\u2022 Et ask\u0131 ve dinlendirme raf\u0131<br \/>\n\u2022 2 adet k\u00fcl depolama haznesi<br \/>\n\u2022 Izgaralarda ayarl\u0131 fren sistemi<br \/>\n\u2022 Buzdolab\u0131 hazneli ve iki b\u00f6lmeli \u015fi\u015f raf\u0131<br \/>\n\u25a0 Ortada kebap hazneli<br \/>\n\u2022 Baharatl\u0131k paslanmaz raf<br \/>\n\u2022 i\u00e7 hazne ate\u015f tu\u011fla<\/p>\n<div class=\"product-details-table-horizontal\">\n<h3>Product Specifications<\/h3>\n<table>\n<thead>\n<tr>\n<th>Product Code<\/th>\n<th>Length<\/th>\n<th>Width<\/th>\n<th>Height<\/th>\n<th>Weight<\/th>\n<\/tr>\n<\/thead>\n<tbody>\n<tr>\n<td data-label=\"Product Code\">NPICCO 20<\/td>\n<td data-label=\"Length\">300<\/td>\n<td data-label=\"Width\">85<\/td>\n<td data-label=\"Height\">90\/180<\/td>\n<td data-label=\"Weight\">530<\/td>\n<\/tr>\n<\/tbody>\n<\/table>\n<\/div>\n","protected":false},"featured_media":33486,"comment_status":"open","ping_status":"closed","template":"","meta":{"_joinchat":[]},"product_brand":[],"product_cat":[367],"product_tag":[],"class_list":{"0":"post-32206","1":"product","2":"type-product","3":"status-publish","4":"has-post-thumbnail","6":"product_cat-barbecues","8":"first","9":"instock","10":"shipping-taxable","11":"product-type-simple"},"_links":{"self":[{"href":"https:\/\/npicco.com\/en\/wp-json\/wp\/v2\/product\/32206","targetHints":{"allow":["GET"]}}],"collection":[{"href":"https:\/\/npicco.com\/en\/wp-json\/wp\/v2\/product"}],"about":[{"href":"https:\/\/npicco.com\/en\/wp-json\/wp\/v2\/types\/product"}],"replies":[{"embeddable":true,"href":"https:\/\/npicco.com\/en\/wp-json\/wp\/v2\/comments?post=32206"}],"version-history":[{"count":0,"href":"https:\/\/npicco.com\/en\/wp-json\/wp\/v2\/product\/32206\/revisions"}],"wp:featuredmedia":[{"embeddable":true,"href":"https:\/\/npicco.com\/en\/wp-json\/wp\/v2\/media\/33486"}],"wp:attachment":[{"href":"https:\/\/npicco.com\/en\/wp-json\/wp\/v2\/media?parent=32206"}],"wp:term":[{"taxonomy":"product_brand","embeddable":true,"href":"https:\/\/npicco.com\/en\/wp-json\/wp\/v2\/product_brand?post=32206"},{"taxonomy":"product_cat","embeddable":true,"href":"https:\/\/npicco.com\/en\/wp-json\/wp\/v2\/product_cat?post=32206"},{"taxonomy":"product_tag","embeddable":true,"href":"https:\/\/npicco.com\/en\/wp-json\/wp\/v2\/product_tag?post=32206"}],"curies":[{"name":"wp","href":"https:\/\/api.w.org\/{rel}","templated":true}]}}