{"id":32200,"date":"2024-11-13T00:36:46","date_gmt":"2024-11-13T00:36:46","guid":{"rendered":"https:\/\/www.npicco.com\/urun\/croxoven\/"},"modified":"2024-11-13T00:36:46","modified_gmt":"2024-11-13T00:36:46","slug":"croxoven","status":"publish","type":"product","link":"https:\/\/npicco.com\/en\/urun\/croxoven\/","title":{"rendered":"CROXOVEN"},"content":{"rendered":"<p><strong>TECHNICAL SPECIFICATIONS<\/strong><br \/>\n\u2022 Closed system barbecue<br \/>\n\u2022 Stainless steel front body<br \/>\n\u2022 High heat-resistant paint<br \/>\n\u2022 High heat-resistant glass<br \/>\n\u2022 500\u00b0C operating temperature<br \/>\n\u2022 Insulated body<br \/>\n\u2022 Ash and grease drawer<br \/>\n\u2022 2 cooking grills<br \/>\n\u2022 Stainless steel lower drawer<br \/>\n\u2022 Temperature control system<br \/>\n\u2022 Top-opening lid system<br \/>\n\u2022 1 resting shelf<br \/>\n\u2022 Stainless steel lower cabinet with lid<\/p>\n","protected":false},"excerpt":{"rendered":"<p><strong>TECHNICAL SPECIFICATIONS<\/strong><br \/>\n\u2022 Closed system barbecue<br \/>\n\u2022 Stainless steel front body<br \/>\n\u2022 High heat-resistant paint<br \/>\n\u2022 High heat-resistant glass<br \/>\n\u2022 500\u00b0C operating temperature<br \/>\n\u2022 Insulated body<br \/>\n\u2022 Ash and grease drawer<br \/>\n\u2022 2 cooking grills<br \/>\n\u2022 Stainless steel lower drawer<br \/>\n\u2022 Temperature control system<br \/>\n\u2022 Top-opening lid system<br \/>\n\u2022 1 resting shelf<br \/>\n\u2022 Stainless steel lower cabinet with lid<\/p>\n<div class=\"product-details-table-horizontal\">\n<h3>\u00dcr\u00fcn \u00d6zellikleri<\/h3>\n<table>\n<thead>\n<tr>\n<th>\u00dcr\u00fcn Kodu<\/th>\n<th>Uzunluk<\/th>\n<th>Geni\u015flik<\/th>\n<th>Y\u00fckseklik<\/th>\n<th>A\u011f\u0131rl\u0131k<\/th>\n<\/tr>\n<\/thead>\n<tbody>\n<tr>\n<td data-label=\"\u00dcr\u00fcn Kodu\">NPICCO 50.5<\/td>\n<td data-label=\"Uzunluk\">80<\/td>\n<td data-label=\"Geni\u015flik\">75<\/td>\n<td data-label=\"Y\u00fckseklik\">90\/185<\/td>\n<td data-label=\"A\u011f\u0131rl\u0131k\">245<\/td>\n<\/tr>\n<tr>\n<td data-label=\"\u00dcr\u00fcn Kodu\">NPICCO 50.6<\/td>\n<td data-label=\"Uzunluk\">120<\/td>\n<td data-label=\"Geni\u015flik\">75<\/td>\n<td data-label=\"Y\u00fckseklik\">90\/185<\/td>\n<td data-label=\"A\u011f\u0131rl\u0131k\">345<\/td>\n<\/tr>\n<\/tbody>\n<\/table>\n<\/div>\n","protected":false},"featured_media":33471,"comment_status":"open","ping_status":"closed","template":"","meta":{"_joinchat":[]},"product_brand":[],"product_cat":[369],"product_tag":[],"class_list":{"0":"post-32200","1":"product","2":"type-product","3":"status-publish","4":"has-post-thumbnail","6":"product_cat-charcoal-ovens","8":"first","9":"instock","10":"shipping-taxable","11":"product-type-simple"},"_links":{"self":[{"href":"https:\/\/npicco.com\/en\/wp-json\/wp\/v2\/product\/32200","targetHints":{"allow":["GET"]}}],"collection":[{"href":"https:\/\/npicco.com\/en\/wp-json\/wp\/v2\/product"}],"about":[{"href":"https:\/\/npicco.com\/en\/wp-json\/wp\/v2\/types\/product"}],"replies":[{"embeddable":true,"href":"https:\/\/npicco.com\/en\/wp-json\/wp\/v2\/comments?post=32200"}],"version-history":[{"count":0,"href":"https:\/\/npicco.com\/en\/wp-json\/wp\/v2\/product\/32200\/revisions"}],"wp:featuredmedia":[{"embeddable":true,"href":"https:\/\/npicco.com\/en\/wp-json\/wp\/v2\/media\/33471"}],"wp:attachment":[{"href":"https:\/\/npicco.com\/en\/wp-json\/wp\/v2\/media?parent=32200"}],"wp:term":[{"taxonomy":"product_brand","embeddable":true,"href":"https:\/\/npicco.com\/en\/wp-json\/wp\/v2\/product_brand?post=32200"},{"taxonomy":"product_cat","embeddable":true,"href":"https:\/\/npicco.com\/en\/wp-json\/wp\/v2\/product_cat?post=32200"},{"taxonomy":"product_tag","embeddable":true,"href":"https:\/\/npicco.com\/en\/wp-json\/wp\/v2\/product_tag?post=32200"}],"curies":[{"name":"wp","href":"https:\/\/api.w.org\/{rel}","templated":true}]}}