{"id":32175,"date":"2024-11-13T00:42:56","date_gmt":"2024-11-13T00:42:56","guid":{"rendered":"https:\/\/www.npicco.com\/urun\/yakitori-stainless\/"},"modified":"2024-11-13T00:42:56","modified_gmt":"2024-11-13T00:42:56","slug":"yakitori-stainless","status":"publish","type":"product","link":"https:\/\/npicco.com\/en\/urun\/yakitori-stainless\/","title":{"rendered":"YAKI\u0307TORI\u0307 STAINLESS"},"content":{"rendered":"<p><strong>TECHNICAL SPECIFICATIONS<\/strong><br \/>\n\u2022 Ash drawer<br \/>\n\u2022 Stainless steel body<br \/>\n\u2022 Air vent<br \/>\n\u2022 Wire, Rod, Plate, Tray, Rack, and Skewer Apparatus options<\/p>\n","protected":false},"excerpt":{"rendered":"<p><strong>TECHNICAL SPECIFICATIONS<\/strong><br \/>\n\u2022 Ash drawer<br \/>\n\u2022 Stainless steel body<br \/>\n\u2022 Air vent<br \/>\n\u2022 Wire, Rod, Plate, Tray, Rack, and Skewer Apparatus options<\/p>\n<div class=\"product-details-table-horizontal\">\n<h3>\u00dcr\u00fcn \u00d6zellikleri<\/h3>\n<table>\n<thead>\n<tr>\n<th>\u00dcr\u00fcn Kodu<\/th>\n<th>Uzunluk<\/th>\n<th>Geni\u015flik<\/th>\n<th>Y\u00fckseklik<\/th>\n<\/tr>\n<\/thead>\n<tbody>\n<tr>\n<td data-label=\"\u00dcr\u00fcn Kodu\">NPICCO 330.7<\/td>\n<td data-label=\"Uzunluk\">40<\/td>\n<td data-label=\"Geni\u015flik\">27<\/td>\n<td data-label=\"Y\u00fckseklik\">23<\/td>\n<\/tr>\n<tr>\n<td data-label=\"\u00dcr\u00fcn Kodu\">NPICCO 330.8<\/td>\n<td data-label=\"Uzunluk\">40<\/td>\n<td data-label=\"Geni\u015flik\">27<\/td>\n<td data-label=\"Y\u00fckseklik\">70<\/td>\n<\/tr>\n<\/tbody>\n<\/table>\n<\/div>\n","protected":false},"featured_media":33441,"comment_status":"open","ping_status":"closed","template":"","meta":{"_joinchat":[]},"product_brand":[],"product_cat":[373],"product_tag":[],"class_list":{"0":"post-32175","1":"product","2":"type-product","3":"status-publish","4":"has-post-thumbnail","6":"product_cat-yakitori-en","8":"first","9":"instock","10":"shipping-taxable","11":"product-type-simple"},"_links":{"self":[{"href":"https:\/\/npicco.com\/en\/wp-json\/wp\/v2\/product\/32175","targetHints":{"allow":["GET"]}}],"collection":[{"href":"https:\/\/npicco.com\/en\/wp-json\/wp\/v2\/product"}],"about":[{"href":"https:\/\/npicco.com\/en\/wp-json\/wp\/v2\/types\/product"}],"replies":[{"embeddable":true,"href":"https:\/\/npicco.com\/en\/wp-json\/wp\/v2\/comments?post=32175"}],"version-history":[{"count":0,"href":"https:\/\/npicco.com\/en\/wp-json\/wp\/v2\/product\/32175\/revisions"}],"wp:featuredmedia":[{"embeddable":true,"href":"https:\/\/npicco.com\/en\/wp-json\/wp\/v2\/media\/33441"}],"wp:attachment":[{"href":"https:\/\/npicco.com\/en\/wp-json\/wp\/v2\/media?parent=32175"}],"wp:term":[{"taxonomy":"product_brand","embeddable":true,"href":"https:\/\/npicco.com\/en\/wp-json\/wp\/v2\/product_brand?post=32175"},{"taxonomy":"product_cat","embeddable":true,"href":"https:\/\/npicco.com\/en\/wp-json\/wp\/v2\/product_cat?post=32175"},{"taxonomy":"product_tag","embeddable":true,"href":"https:\/\/npicco.com\/en\/wp-json\/wp\/v2\/product_tag?post=32175"}],"curies":[{"name":"wp","href":"https:\/\/api.w.org\/{rel}","templated":true}]}}