{"id":33841,"date":"2026-01-23T08:00:24","date_gmt":"2026-01-23T08:00:24","guid":{"rendered":"https:\/\/npicco.com\/?post_type=product&#038;p=33841"},"modified":"2026-01-23T08:00:25","modified_gmt":"2026-01-23T08:00:25","slug":"gazli-ustten-radyanli-sis-cevirme","status":"publish","type":"product","link":"https:\/\/npicco.com\/ar\/urun\/gazli-ustten-radyanli-sis-cevirme\/","title":{"rendered":"GAZLI \u00dcSTTEN RADYANLI \u015e\u0130\u015e \u00c7EV\u0130RME"},"content":{"rendered":"","protected":false},"excerpt":{"rendered":"<p><strong>TEKN\u0130K \u00d6ZELL\u0130KLER <\/strong><br \/>\n\u2022Kapal\u0131 sistem barbek\u00fc<br \/>\n\u2022Paslanmaz \u00e7elik g\u00f6vde<br \/>\n\u2022S\u0131cakl\u0131k kontrol sistemi<br \/>\n\u2022Maksimum \u00e7al\u0131\u015fma s\u0131cakl\u0131\u011f\u0131: 300\u00b0C<br \/>\n\u2022\u00c7ift katmanl\u0131 yal\u0131t\u0131ml\u0131 g\u00f6vde<br \/>\n\u2022Bir adet paslanmaz \u00e7elik \u0131zgara<br \/>\n\u2022\u00dcst b\u00f6l\u00fcmde etleri pi\u015firen ve \u0131zgara yapan br\u00fcl\u00f6r sistemiyle donat\u0131lm\u0131\u015ft\u0131r<br \/>\n\u2022Alt b\u00f6l\u00fcmde, duman olu\u015fumunu \u00f6nleyen ve ya\u011f\u0131 g\u00fcvenli \u015fekilde toplayan entegre su haznesi bulunmaktad\u0131r.<br \/>\n\u202211 adet otomatik d\u00f6nen \u015fi\u015f sistemiyle y\u00fcksek verimli pi\u015firme imk\u00e2n\u0131 sunar<\/p>\n<div class=\"product-details-table-horizontal\">\n<h3>\u00dcr\u00fcn \u00d6zellikleri<\/h3>\n<table style=\"height: 63px;\" width=\"523\">\n<thead>\n<tr>\n<th>KOD<\/th>\n<th>UZUNLUK<\/th>\n<th>GEN\u0130\u015eL\u0130K<\/th>\n<th>Y\u00dcKSEKL\u0130K<\/th>\n<th>A\u011eIRLIK<\/th>\n<\/tr>\n<\/thead>\n<tbody>\n<tr>\n<td style=\"text-align: center;\" data-label=\"\u00dcr\u00fcn Kodu\">NPICCO 227<\/td>\n<td style=\"text-align: center;\" data-label=\"Uzunluk\">90<\/td>\n<td style=\"text-align: center;\" data-label=\"Geni\u015flik\">75<\/td>\n<td style=\"text-align: center;\" data-label=\"Y\u00fckseklik\">85<\/td>\n<td style=\"text-align: center;\" data-label=\"A\u011f\u0131rl\u0131k\">70 kg<\/td>\n<\/tr>\n<\/tbody>\n<\/table>\n<\/div>\n","protected":false},"featured_media":33842,"comment_status":"open","ping_status":"closed","template":"","meta":{"_joinchat":[]},"product_brand":[],"product_cat":[375],"product_tag":[],"class_list":{"0":"post-33841","1":"product","2":"type-product","3":"status-publish","4":"has-post-thumbnail","6":"product_cat-elektrikli-gazli-izgaralar","8":"first","9":"instock","10":"shipping-taxable","11":"product-type-simple"},"_links":{"self":[{"href":"https:\/\/npicco.com\/ar\/wp-json\/wp\/v2\/product\/33841","targetHints":{"allow":["GET"]}}],"collection":[{"href":"https:\/\/npicco.com\/ar\/wp-json\/wp\/v2\/product"}],"about":[{"href":"https:\/\/npicco.com\/ar\/wp-json\/wp\/v2\/types\/product"}],"replies":[{"embeddable":true,"href":"https:\/\/npicco.com\/ar\/wp-json\/wp\/v2\/comments?post=33841"}],"version-history":[{"count":1,"href":"https:\/\/npicco.com\/ar\/wp-json\/wp\/v2\/product\/33841\/revisions"}],"predecessor-version":[{"id":33845,"href":"https:\/\/npicco.com\/ar\/wp-json\/wp\/v2\/product\/33841\/revisions\/33845"}],"wp:featuredmedia":[{"embeddable":true,"href":"https:\/\/npicco.com\/ar\/wp-json\/wp\/v2\/media\/33842"}],"wp:attachment":[{"href":"https:\/\/npicco.com\/ar\/wp-json\/wp\/v2\/media?parent=33841"}],"wp:term":[{"taxonomy":"product_brand","embeddable":true,"href":"https:\/\/npicco.com\/ar\/wp-json\/wp\/v2\/product_brand?post=33841"},{"taxonomy":"product_cat","embeddable":true,"href":"https:\/\/npicco.com\/ar\/wp-json\/wp\/v2\/product_cat?post=33841"},{"taxonomy":"product_tag","embeddable":true,"href":"https:\/\/npicco.com\/ar\/wp-json\/wp\/v2\/product_tag?post=33841"}],"curies":[{"name":"wp","href":"https:\/\/api.w.org\/{rel}","templated":true}]}}