{"id":33824,"date":"2026-01-23T07:31:52","date_gmt":"2026-01-23T07:31:52","guid":{"rendered":"https:\/\/npicco.com\/?post_type=product&#038;p=33824"},"modified":"2026-01-23T07:31:53","modified_gmt":"2026-01-23T07:31:53","slug":"elektrikli-dolapli-pleyt-izgara","status":"publish","type":"product","link":"https:\/\/npicco.com\/ar\/urun\/elektrikli-dolapli-pleyt-izgara\/","title":{"rendered":"ELEKTR\u0130KL\u0130 DOLAPLI PLEYT IZGARA"},"content":{"rendered":"","protected":false},"excerpt":{"rendered":"<p><strong>TEKN\u0130K \u00d6ZELL\u0130KLER <\/strong><br \/>\n\u2022\u00d6zg\u00fcn \u0131s\u0131 teknolojimiz, y\u00fczeyin tamam\u0131nda tekrarlanabilir homojenlik sa\u011flayacak \u015fekilde tasarlanm\u0131\u015ft\u0131r, profesyoneller i\u00e7in<br \/>\nhatas\u0131z performans.<br \/>\n\u202215 mm satine \u00e7elik y\u00fczey, elektrikli g\u00fc\u00e7 ile birle\u015fti\u011finde en y\u00fcksek \u0131s\u0131l stabiliteyi sunar; hijyen ve dayan\u0131m ilk planda.<br \/>\n\u2022Ak\u0131ll\u0131 ya\u011f tahliyesi: geni\u015f kanal ve \u00f6nden eri\u015fimli 1,5 L hazne ile temizlik minimal, operasyon maksimum verimli.<br \/>\n\u2022Tam paslanmaz koruma kasas\u0131, ya\u011f s\u0131\u00e7ramas\u0131n\u0131 ve \u0131s\u0131 yay\u0131l\u0131m\u0131n\u0131 kontrol alt\u0131na al\u0131r; mod\u00fcler ve kolay temizlenebilir yap\u0131 g\u00fcnl\u00fck<br \/>\nbak\u0131mda s\u00fcre kazand\u0131r\u0131r.<br \/>\n\u2022\u00d6zel tasar\u0131m rezistans seti, y\u00fczeyi h\u0131zl\u0131 \u0131s\u0131t\u0131r, h\u0131zl\u0131 geri kazan\u0131m sa\u011flar ve profesyonel servis temposunda dahi stabil kal\u0131r.<br \/>\n\u2022Keskin kontrol ve g\u00fcvenlik: hassas termostatik y\u00f6netim (50\u2013300\u00b0C) ile her \u00fcr\u00fcn i\u00e7in tekrarlanabilir ideal sonu\u00e7lar; elektrikli yap\u0131n\u0131n<br \/>\nsundu\u011fu d\u00fc\u015f\u00fck bak\u0131m, sessiz \u00e7al\u0131\u015fma ve g\u00fcvenilir performans.<br \/>\n\u2022\u00c7ok fonksiyonel y\u00fczey se\u00e7enekleri: d\u00fcz, oluklu, kombine; \u00e7ift b\u00f6lgeli modeller ayn\u0131 anda farkl\u0131 i\u015fler i\u00e7in performans\u0131 katlar.<br \/>\n\u2022Besleme \/ Gerilim: 400V \/ 3 NPE \u2013 50\/60 Hz, 9 kW<\/p>\n<div class=\"product-details-table-horizontal\">\n<h3>\u00dcr\u00fcn \u00d6zellikleri<\/h3>\n<table style=\"height: 138px;\" width=\"626\">\n<thead>\n<tr>\n<th>\u00dcr\u00fcn Kodu<\/th>\n<th>G (MM)<\/th>\n<th>D (MM)<\/th>\n<th>Y (MM)<\/th>\n<th>Toplam G\u00fc\u00e7<\/th>\n<th>A\u011f\u0131rl\u0131k<\/th>\n<\/tr>\n<\/thead>\n<tbody>\n<tr>\n<td style=\"text-align: center;\" data-label=\"\u00dcr\u00fcn Kodu\">NPICCO 712.1 D\u00dcZ<\/td>\n<td style=\"text-align: center;\" data-label=\"Uzunluk\">800<\/td>\n<td style=\"text-align: center;\" data-label=\"Geni\u015flik\">700<\/td>\n<td style=\"text-align: center;\" data-label=\"Y\u00fckseklik\">850<\/td>\n<td style=\"text-align: center;\" data-label=\"Izgara \u00d6l\u00e7\u00fcs\u00fc\">9 kW<\/td>\n<td style=\"text-align: center;\" data-label=\"A\u011f\u0131rl\u0131k\">100 kg<\/td>\n<\/tr>\n<tr>\n<td style=\"text-align: center;\" data-label=\"\u00dcr\u00fcn Kodu\">NPICCO 712.2 OLUKLU<\/td>\n<td style=\"text-align: center;\" data-label=\"Uzunluk\">800<\/td>\n<td style=\"text-align: center;\" data-label=\"Geni\u015flik\">700<\/td>\n<td style=\"text-align: center;\" data-label=\"Y\u00fckseklik\">850<\/td>\n<td style=\"text-align: center;\" data-label=\"Izgara \u00d6l\u00e7\u00fcs\u00fc\">9 kW<\/td>\n<td style=\"text-align: center;\" data-label=\"A\u011f\u0131rl\u0131k\">100 kg<\/td>\n<\/tr>\n<tr>\n<td style=\"text-align: center;\" data-label=\"\u00dcr\u00fcn Kodu\">NPICCO 712.3 YARI OLUKLU<\/td>\n<td style=\"text-align: center;\" data-label=\"Uzunluk\">800<\/td>\n<td style=\"text-align: center;\" data-label=\"Geni\u015flik\">700<\/td>\n<td style=\"text-align: center;\" data-label=\"Y\u00fckseklik\">850<\/td>\n<td style=\"text-align: center;\" data-label=\"Izgara \u00d6l\u00e7\u00fcs\u00fc\">9 kW<\/td>\n<td style=\"text-align: center;\" data-label=\"A\u011f\u0131rl\u0131k\">100 kg<\/td>\n<\/tr>\n<\/tbody>\n<\/table>\n<\/div>\n","protected":false},"featured_media":33826,"comment_status":"open","ping_status":"closed","template":"","meta":{"_joinchat":[]},"product_brand":[],"product_cat":[375],"product_tag":[],"class_list":{"0":"post-33824","1":"product","2":"type-product","3":"status-publish","4":"has-post-thumbnail","6":"product_cat-elektrikli-gazli-izgaralar","8":"first","9":"instock","10":"shipping-taxable","11":"product-type-simple"},"_links":{"self":[{"href":"https:\/\/npicco.com\/ar\/wp-json\/wp\/v2\/product\/33824","targetHints":{"allow":["GET"]}}],"collection":[{"href":"https:\/\/npicco.com\/ar\/wp-json\/wp\/v2\/product"}],"about":[{"href":"https:\/\/npicco.com\/ar\/wp-json\/wp\/v2\/types\/product"}],"replies":[{"embeddable":true,"href":"https:\/\/npicco.com\/ar\/wp-json\/wp\/v2\/comments?post=33824"}],"version-history":[{"count":1,"href":"https:\/\/npicco.com\/ar\/wp-json\/wp\/v2\/product\/33824\/revisions"}],"predecessor-version":[{"id":33829,"href":"https:\/\/npicco.com\/ar\/wp-json\/wp\/v2\/product\/33824\/revisions\/33829"}],"wp:featuredmedia":[{"embeddable":true,"href":"https:\/\/npicco.com\/ar\/wp-json\/wp\/v2\/media\/33826"}],"wp:attachment":[{"href":"https:\/\/npicco.com\/ar\/wp-json\/wp\/v2\/media?parent=33824"}],"wp:term":[{"taxonomy":"product_brand","embeddable":true,"href":"https:\/\/npicco.com\/ar\/wp-json\/wp\/v2\/product_brand?post=33824"},{"taxonomy":"product_cat","embeddable":true,"href":"https:\/\/npicco.com\/ar\/wp-json\/wp\/v2\/product_cat?post=33824"},{"taxonomy":"product_tag","embeddable":true,"href":"https:\/\/npicco.com\/ar\/wp-json\/wp\/v2\/product_tag?post=33824"}],"curies":[{"name":"wp","href":"https:\/\/api.w.org\/{rel}","templated":true}]}}