{"id":33783,"date":"2026-01-21T14:40:27","date_gmt":"2026-01-21T14:40:27","guid":{"rendered":"https:\/\/npicco.com\/?post_type=product&#038;p=33783"},"modified":"2026-01-21T14:40:28","modified_gmt":"2026-01-21T14:40:28","slug":"piccante-2","status":"publish","type":"product","link":"https:\/\/npicco.com\/ar\/urun\/piccante-2\/","title":{"rendered":"P\u0130CCANTE"},"content":{"rendered":"","protected":false},"excerpt":{"rendered":"<p><strong>TEKN\u0130K \u00d6ZELL\u0130KLER <\/strong><br \/>\n\u2022 Kapal\u0131 sistem barbek\u00fc<br \/>\n\u2022 Paslanmaz \u00e7elik g\u00f6vde<br \/>\n\u2022 Kap\u0131 ve \u00f6n g\u00f6vde d\u00f6k\u00fcm malzeme<br \/>\n\u2022 S\u0131cakl\u0131k kontrol sistemi<br \/>\n\u2022 500 derece \u00e7al\u0131\u015fma \u0131s\u0131s\u0131<br \/>\n\u2022 \u0130zolasyonlu g\u00f6vde<br \/>\n\u2022 K\u00fcl \u00e7ekmecesi<br \/>\n\u2022 \u0130ki adet pi\u015firme \u0131zgaras\u0131<br \/>\n\u2022 Kapakl\u0131 ve paslanmaz alt dolap<br \/>\n\u2022 \u00dcst kapak yap\u0131s\u0131na sahip hidrolik sistem<\/p>\n<div class=\"product-details-table-horizontal\">\n<h3>\u00dcr\u00fcn \u00d6zellikleri<\/h3>\n<table style=\"height: 54px;\" width=\"541\">\n<thead>\n<tr>\n<th style=\"text-align: center;\">\u00dcr\u00fcn Kodu<\/th>\n<th style=\"text-align: center;\">Uzunluk<\/th>\n<th style=\"text-align: center;\">Geni\u015flik<\/th>\n<th style=\"text-align: center;\">Y\u00fckseklik<\/th>\n<th style=\"text-align: center;\">Izgara \u00d6l\u00e7\u00fcs\u00fc<\/th>\n<th style=\"text-align: center;\">A\u011f\u0131rl\u0131k<\/th>\n<\/tr>\n<\/thead>\n<tbody>\n<tr>\n<td style=\"text-align: center;\" data-label=\"\u00dcr\u00fcn Kodu\">NPICCO 79.1<\/td>\n<td style=\"text-align: center;\" data-label=\"Uzunluk\">93<\/td>\n<td style=\"text-align: center;\" data-label=\"Geni\u015flik\">75<\/td>\n<td style=\"text-align: center;\" data-label=\"Y\u00fckseklik\">170<\/td>\n<td style=\"text-align: center;\" data-label=\"Izgara \u00d6l\u00e7\u00fcs\u00fc\">65*52<\/td>\n<td style=\"text-align: center;\" data-label=\"A\u011f\u0131rl\u0131k\">352 kg<\/td>\n<\/tr>\n<\/tbody>\n<\/table>\n<\/div>\n","protected":false},"featured_media":33784,"comment_status":"open","ping_status":"closed","template":"","meta":{"_joinchat":[]},"product_brand":[],"product_cat":[336],"product_tag":[],"class_list":{"0":"post-33783","1":"product","2":"type-product","3":"status-publish","4":"has-post-thumbnail","6":"product_cat-komurlu-firinlar","8":"first","9":"instock","10":"shipping-taxable","11":"product-type-simple"},"_links":{"self":[{"href":"https:\/\/npicco.com\/ar\/wp-json\/wp\/v2\/product\/33783","targetHints":{"allow":["GET"]}}],"collection":[{"href":"https:\/\/npicco.com\/ar\/wp-json\/wp\/v2\/product"}],"about":[{"href":"https:\/\/npicco.com\/ar\/wp-json\/wp\/v2\/types\/product"}],"replies":[{"embeddable":true,"href":"https:\/\/npicco.com\/ar\/wp-json\/wp\/v2\/comments?post=33783"}],"version-history":[{"count":1,"href":"https:\/\/npicco.com\/ar\/wp-json\/wp\/v2\/product\/33783\/revisions"}],"predecessor-version":[{"id":33787,"href":"https:\/\/npicco.com\/ar\/wp-json\/wp\/v2\/product\/33783\/revisions\/33787"}],"wp:featuredmedia":[{"embeddable":true,"href":"https:\/\/npicco.com\/ar\/wp-json\/wp\/v2\/media\/33784"}],"wp:attachment":[{"href":"https:\/\/npicco.com\/ar\/wp-json\/wp\/v2\/media?parent=33783"}],"wp:term":[{"taxonomy":"product_brand","embeddable":true,"href":"https:\/\/npicco.com\/ar\/wp-json\/wp\/v2\/product_brand?post=33783"},{"taxonomy":"product_cat","embeddable":true,"href":"https:\/\/npicco.com\/ar\/wp-json\/wp\/v2\/product_cat?post=33783"},{"taxonomy":"product_tag","embeddable":true,"href":"https:\/\/npicco.com\/ar\/wp-json\/wp\/v2\/product_tag?post=33783"}],"curies":[{"name":"wp","href":"https:\/\/api.w.org\/{rel}","templated":true}]}}