{"id":33739,"date":"2026-01-21T12:50:17","date_gmt":"2026-01-21T12:50:17","guid":{"rendered":"https:\/\/npicco.com\/?post_type=product&#038;p=33739"},"modified":"2026-01-21T12:50:17","modified_gmt":"2026-01-21T12:50:17","slug":"kebap-grill-box","status":"publish","type":"product","link":"https:\/\/npicco.com\/ar\/urun\/kebap-grill-box\/","title":{"rendered":"KEBAP &#038; GRILL BOX"},"content":{"rendered":"","protected":false},"excerpt":{"rendered":"<p><strong>TEKN\u0130K \u00d6ZELL\u0130KLER <\/strong><br \/>\n\u2022 Y\u00fcksek performansl\u0131 \u0131s\u0131 yal\u0131t\u0131m\u0131<br \/>\n\u2022\u00a0Tekerlekli veya sabit ayakl\u0131 kullan\u0131m se\u00e7ene\u011fi<br \/>\n\u2022 Zincir sistemli, y\u00fcksekli\u011fi ayarlanabilir asans\u00f6rl\u00fc \u0131zgaralar<br \/>\n\u2022 Izgaralarda ayarlanabilir fren sistemi<br \/>\n\u2022 \u0130\u00e7 haznesi ate\u015f tu\u011flas\u0131 ile kapl\u0131d\u0131r<br \/>\n\u2022 Et ask\u0131s\u0131 ve dinlendirme raf\u0131<br \/>\n\u2022 Kanal, mil ve kare \u0131zgara se\u00e7enekleri<br \/>\n\u2022 1 adet \u015fi\u015f arabas\u0131<br \/>\n\u2022 1 adet k\u00f6m\u00fcr arabas\u0131<br \/>\n\u2022 Kebap pi\u015firme haznesi<br \/>\n\u2022 Polietilen kesme tahtas\u0131<br \/>\n\u2022 Buzdolab\u0131 hazneli se\u00e7ene\u011fi<\/p>\n<div class=\"product-details-table-horizontal\">\n<h3>\u00dcr\u00fcn \u00d6zellikleri<\/h3>\n<table style=\"height: 48px;\" width=\"422\">\n<thead>\n<tr>\n<th style=\"text-align: center;\">\u00dcr\u00fcn Kodu<\/th>\n<th style=\"text-align: center;\">Uzunluk<\/th>\n<th style=\"text-align: center;\">Geni\u015flik<\/th>\n<th style=\"text-align: center;\">Y\u00fckseklik<\/th>\n<th style=\"text-align: center;\">A\u011f\u0131rl\u0131k<\/th>\n<\/tr>\n<\/thead>\n<tbody>\n<tr>\n<td style=\"text-align: center;\" data-label=\"\u00dcr\u00fcn Kodu\">NPICCO 85.1<\/td>\n<td style=\"text-align: center;\" data-label=\"Uzunluk\">300<\/td>\n<td style=\"text-align: center;\" data-label=\"Geni\u015flik\">100<\/td>\n<td style=\"text-align: center;\" data-label=\"Y\u00fckseklik\">90\/180<\/td>\n<td style=\"text-align: center;\" data-label=\"A\u011f\u0131rl\u0131k\">800 kg<\/td>\n<\/tr>\n<\/tbody>\n<\/table>\n<\/div>\n","protected":false},"featured_media":33740,"comment_status":"open","ping_status":"closed","template":"","meta":{"_joinchat":[]},"product_brand":[],"product_cat":[332],"product_tag":[],"class_list":{"0":"post-33739","1":"product","2":"type-product","3":"status-publish","4":"has-post-thumbnail","6":"product_cat-barbekuler","8":"first","9":"instock","10":"shipping-taxable","11":"product-type-simple"},"_links":{"self":[{"href":"https:\/\/npicco.com\/ar\/wp-json\/wp\/v2\/product\/33739","targetHints":{"allow":["GET"]}}],"collection":[{"href":"https:\/\/npicco.com\/ar\/wp-json\/wp\/v2\/product"}],"about":[{"href":"https:\/\/npicco.com\/ar\/wp-json\/wp\/v2\/types\/product"}],"replies":[{"embeddable":true,"href":"https:\/\/npicco.com\/ar\/wp-json\/wp\/v2\/comments?post=33739"}],"version-history":[{"count":1,"href":"https:\/\/npicco.com\/ar\/wp-json\/wp\/v2\/product\/33739\/revisions"}],"predecessor-version":[{"id":33743,"href":"https:\/\/npicco.com\/ar\/wp-json\/wp\/v2\/product\/33739\/revisions\/33743"}],"wp:featuredmedia":[{"embeddable":true,"href":"https:\/\/npicco.com\/ar\/wp-json\/wp\/v2\/media\/33740"}],"wp:attachment":[{"href":"https:\/\/npicco.com\/ar\/wp-json\/wp\/v2\/media?parent=33739"}],"wp:term":[{"taxonomy":"product_brand","embeddable":true,"href":"https:\/\/npicco.com\/ar\/wp-json\/wp\/v2\/product_brand?post=33739"},{"taxonomy":"product_cat","embeddable":true,"href":"https:\/\/npicco.com\/ar\/wp-json\/wp\/v2\/product_cat?post=33739"},{"taxonomy":"product_tag","embeddable":true,"href":"https:\/\/npicco.com\/ar\/wp-json\/wp\/v2\/product_tag?post=33739"}],"curies":[{"name":"wp","href":"https:\/\/api.w.org\/{rel}","templated":true}]}}