{"id":33712,"date":"2026-01-21T10:24:26","date_gmt":"2026-01-21T10:24:26","guid":{"rendered":"https:\/\/npicco.com\/?post_type=product&#038;p=33712"},"modified":"2026-01-21T10:24:26","modified_gmt":"2026-01-21T10:24:26","slug":"ponza-kebap","status":"publish","type":"product","link":"https:\/\/npicco.com\/ar\/urun\/ponza-kebap\/","title":{"rendered":"PONZA KEBAP"},"content":{"rendered":"","protected":false},"excerpt":{"rendered":"<p><strong>TEKN\u0130K \u00d6ZELL\u0130KLER <\/strong><br \/>\n\u2022 Y\u00fcksek \u0131s\u0131 yal\u0131t\u0131ml\u0131<br \/>\n\u2022 Tekerlek veya sabit ayak se\u00e7ene\u011fi<br \/>\n\u2022 Paslanmaz \u00e7elik g\u00f6vde<br \/>\n\u2022 Ca\u011f kebap aparatl\u0131<br \/>\n\u2022 Dinlendirme rafl\u0131<br \/>\n\u2022 Polietilen kesme tahtas\u0131<br \/>\n\u2022 1 adet k\u00f6m\u00fcr arabas\u0131<br \/>\n\u2022 1 adet \u015fi\u015f arabas\u0131<\/p>\n<div class=\"product-details-table-horizontal\">\n<h3>\u00dcr\u00fcn \u00d6zellikleri<\/h3>\n<table style=\"height: 54px;\" width=\"496\">\n<thead>\n<tr>\n<th style=\"text-align: center;\">\u00dcr\u00fcn Kodu<\/th>\n<th style=\"text-align: center;\">Uzunluk<\/th>\n<th style=\"text-align: center;\">Geni\u015flik<\/th>\n<th style=\"text-align: center;\">Y\u00fckseklik<\/th>\n<th style=\"text-align: center;\">A\u011f\u0131rl\u0131k<\/th>\n<\/tr>\n<\/thead>\n<tbody>\n<tr>\n<td style=\"text-align: center;\" data-label=\"\u00dcr\u00fcn Kodu\">NPICCO 49.1<\/td>\n<td style=\"text-align: center;\" data-label=\"Uzunluk\">100<\/td>\n<td style=\"text-align: center;\" data-label=\"Geni\u015flik\">91.5<\/td>\n<td style=\"text-align: center;\" data-label=\"Y\u00fckseklik\">160\/185<\/td>\n<td style=\"text-align: center;\" data-label=\"A\u011f\u0131rl\u0131k\">250 kg<\/td>\n<\/tr>\n<\/tbody>\n<\/table>\n<\/div>\n","protected":false},"featured_media":33714,"comment_status":"open","ping_status":"closed","template":"","meta":{"_joinchat":[]},"product_brand":[],"product_cat":[332],"product_tag":[],"class_list":{"0":"post-33712","1":"product","2":"type-product","3":"status-publish","4":"has-post-thumbnail","6":"product_cat-barbekuler","8":"first","9":"instock","10":"shipping-taxable","11":"product-type-simple"},"_links":{"self":[{"href":"https:\/\/npicco.com\/ar\/wp-json\/wp\/v2\/product\/33712","targetHints":{"allow":["GET"]}}],"collection":[{"href":"https:\/\/npicco.com\/ar\/wp-json\/wp\/v2\/product"}],"about":[{"href":"https:\/\/npicco.com\/ar\/wp-json\/wp\/v2\/types\/product"}],"replies":[{"embeddable":true,"href":"https:\/\/npicco.com\/ar\/wp-json\/wp\/v2\/comments?post=33712"}],"version-history":[{"count":1,"href":"https:\/\/npicco.com\/ar\/wp-json\/wp\/v2\/product\/33712\/revisions"}],"predecessor-version":[{"id":33717,"href":"https:\/\/npicco.com\/ar\/wp-json\/wp\/v2\/product\/33712\/revisions\/33717"}],"wp:featuredmedia":[{"embeddable":true,"href":"https:\/\/npicco.com\/ar\/wp-json\/wp\/v2\/media\/33714"}],"wp:attachment":[{"href":"https:\/\/npicco.com\/ar\/wp-json\/wp\/v2\/media?parent=33712"}],"wp:term":[{"taxonomy":"product_brand","embeddable":true,"href":"https:\/\/npicco.com\/ar\/wp-json\/wp\/v2\/product_brand?post=33712"},{"taxonomy":"product_cat","embeddable":true,"href":"https:\/\/npicco.com\/ar\/wp-json\/wp\/v2\/product_cat?post=33712"},{"taxonomy":"product_tag","embeddable":true,"href":"https:\/\/npicco.com\/ar\/wp-json\/wp\/v2\/product_tag?post=33712"}],"curies":[{"name":"wp","href":"https:\/\/api.w.org\/{rel}","templated":true}]}}