{"id":33672,"date":"2026-01-20T13:21:51","date_gmt":"2026-01-20T13:21:51","guid":{"rendered":"https:\/\/npicco.com\/?post_type=product&#038;p=33672"},"modified":"2026-01-20T13:21:52","modified_gmt":"2026-01-20T13:21:52","slug":"acik-ates","status":"publish","type":"product","link":"https:\/\/npicco.com\/ar\/urun\/acik-ates\/","title":{"rendered":"A\u00c7IK ATE\u015e"},"content":{"rendered":"","protected":false},"excerpt":{"rendered":"<p>TEKN\u0130K \u00d6ZELL\u0130KLER<br \/>\n\u2022 Y\u00fcksek \u0131s\u0131 yal\u0131t\u0131ml\u0131<br \/>\n\u2022 Paslanmaz \u00e7elik g\u00f6vde<br \/>\n\u2022 Tekerlek veya sabit ayak se\u00e7ene\u011fi<br \/>\n\u2022 \u0130\u00e7 hazne ate\u015f tu\u011fla ile kapl\u0131<br \/>\n\u2022 Izgara konumu ayarlanabilir ask\u0131 sistemi<br \/>\n\u2022 Et ask\u0131 aparat\u0131<br \/>\n\u2022 3 adet dinlendirme \u0131zgara<br \/>\n\u2022 1 adet odun haznesi<br \/>\n\u2022 1 adet pleyt \u0131zgara<br \/>\n\u2022 1 adet steak \u0131zgara<br \/>\n\u2022 1 adet ayakl\u0131 ocak<br \/>\n\u2022 1 adet d\u00f6k\u00fcm \u0131zgara<br \/>\n\u2022 1 adet g\u00f6mme 60 cm yakitori \u0131zgara<br \/>\n\u2022 Alt k\u0131s\u0131m taban ara raf\u0131<\/p>\n<div class=\"product-details-table-horizontal\">\n<h3>\u00dcr\u00fcn \u00d6zellikleri<\/h3>\n<table style=\"height: 60px;\" width=\"521\">\n<thead>\n<tr>\n<th style=\"text-align: center;\">\u00dcr\u00fcn Kodu<\/th>\n<th style=\"text-align: center;\">Uzunluk<\/th>\n<th style=\"text-align: center;\">Geni\u015flik<\/th>\n<th style=\"text-align: center;\">Y\u00fckseklik<\/th>\n<th style=\"text-align: center;\">A\u011f\u0131rl\u0131k<\/th>\n<\/tr>\n<\/thead>\n<tbody>\n<tr>\n<td style=\"text-align: center;\" data-label=\"\u00dcr\u00fcn Kodu\">NPICCO 44.1<\/td>\n<td style=\"text-align: center;\" data-label=\"Uzunluk\">200<\/td>\n<td style=\"text-align: center;\" data-label=\"Geni\u015flik\">100<\/td>\n<td style=\"text-align: center;\" data-label=\"Y\u00fckseklik\">90\/146<\/td>\n<td style=\"text-align: center;\" data-label=\"A\u011f\u0131rl\u0131k\">500 kg<\/td>\n<\/tr>\n<\/tbody>\n<\/table>\n<\/div>\n","protected":false},"featured_media":33673,"comment_status":"open","ping_status":"closed","template":"","meta":{"_joinchat":[]},"product_brand":[],"product_cat":[332,335],"product_tag":[],"class_list":{"0":"post-33672","1":"product","2":"type-product","3":"status-publish","4":"has-post-thumbnail","6":"product_cat-barbekuler","7":"product_cat-multi-set-barbekuler","9":"first","10":"instock","11":"shipping-taxable","12":"product-type-simple"},"_links":{"self":[{"href":"https:\/\/npicco.com\/ar\/wp-json\/wp\/v2\/product\/33672","targetHints":{"allow":["GET"]}}],"collection":[{"href":"https:\/\/npicco.com\/ar\/wp-json\/wp\/v2\/product"}],"about":[{"href":"https:\/\/npicco.com\/ar\/wp-json\/wp\/v2\/types\/product"}],"replies":[{"embeddable":true,"href":"https:\/\/npicco.com\/ar\/wp-json\/wp\/v2\/comments?post=33672"}],"version-history":[{"count":1,"href":"https:\/\/npicco.com\/ar\/wp-json\/wp\/v2\/product\/33672\/revisions"}],"predecessor-version":[{"id":33676,"href":"https:\/\/npicco.com\/ar\/wp-json\/wp\/v2\/product\/33672\/revisions\/33676"}],"wp:featuredmedia":[{"embeddable":true,"href":"https:\/\/npicco.com\/ar\/wp-json\/wp\/v2\/media\/33673"}],"wp:attachment":[{"href":"https:\/\/npicco.com\/ar\/wp-json\/wp\/v2\/media?parent=33672"}],"wp:term":[{"taxonomy":"product_brand","embeddable":true,"href":"https:\/\/npicco.com\/ar\/wp-json\/wp\/v2\/product_brand?post=33672"},{"taxonomy":"product_cat","embeddable":true,"href":"https:\/\/npicco.com\/ar\/wp-json\/wp\/v2\/product_cat?post=33672"},{"taxonomy":"product_tag","embeddable":true,"href":"https:\/\/npicco.com\/ar\/wp-json\/wp\/v2\/product_tag?post=33672"}],"curies":[{"name":"wp","href":"https:\/\/api.w.org\/{rel}","templated":true}]}}