{"id":33619,"date":"2026-01-20T09:03:02","date_gmt":"2026-01-20T09:03:02","guid":{"rendered":"https:\/\/npicco.com\/?post_type=product&#038;p=33619"},"modified":"2026-01-20T09:03:02","modified_gmt":"2026-01-20T09:03:02","slug":"san-marino","status":"publish","type":"product","link":"https:\/\/npicco.com\/ar\/urun\/san-marino\/","title":{"rendered":"SAN MAR\u0130NO"},"content":{"rendered":"","protected":false},"excerpt":{"rendered":"<p><strong>TEKN\u0130K \u00d6ZELL\u0130KLER <\/strong><br \/>\n\u2022 Y\u00fcksek performansl\u0131 \u0131s\u0131 yal\u0131t\u0131m\u0131<br \/>\n\u2022 Tekerlekli veya sabit ayakl\u0131 kullan\u0131m se\u00e7ene\u011fi<br \/>\n\u2022 Paslanmaz \u00e7elik g\u00f6vde yap\u0131s\u0131<br \/>\n\u2022 Y\u00fcksekli\u011fi ayarlanabilir \u0131zgara sistemleri<br \/>\n\u2022 Izgaralarda ayarlanabilir fren sistemi<br \/>\n\u2022 \u0130\u00e7 haznesi ate\u015f tu\u011flas\u0131 ile kapl\u0131d\u0131r<br \/>\n\u2022 Dinlendirme raf\u0131<br \/>\n\u2022 Kanal, mil ve kare \u0131zgara se\u00e7enekleri<br \/>\n\u2022 K\u00fcl bo\u015faltma haznesi<br \/>\n\u2022 \u00c7\u0131kar\u0131labilir ya\u011f kanal\u0131<br \/>\n\u2022 \u00c7\u0131kar\u0131labilir \u0131zgara ve dinlendirme raf\u0131<\/p>\n<div class=\"product-details-table-horizontal\">\n<h3>\u00dcr\u00fcn \u00d6zellikleri<\/h3>\n<table style=\"height: 63px;\" width=\"554\">\n<thead>\n<tr>\n<th style=\"text-align: center;\">\u00dcr\u00fcn Kodu<\/th>\n<th style=\"text-align: center;\">Uzunluk<\/th>\n<th style=\"text-align: center;\">Geni\u015flik<\/th>\n<th style=\"text-align: center;\">Y\u00fckseklik<\/th>\n<th style=\"text-align: center;\">A\u011f\u0131rl\u0131k<\/th>\n<\/tr>\n<\/thead>\n<tbody>\n<tr>\n<td style=\"text-align: center;\" data-label=\"\u00dcr\u00fcn Kodu\">NPICCO 30.1<\/td>\n<td style=\"text-align: center;\" data-label=\"Uzunluk\">220<\/td>\n<td style=\"text-align: center;\" data-label=\"Geni\u015flik\">77<\/td>\n<td style=\"text-align: center;\" data-label=\"Y\u00fckseklik\">90\/122<\/td>\n<td style=\"text-align: center;\" data-label=\"A\u011f\u0131rl\u0131k\">500 kg<\/td>\n<\/tr>\n<\/tbody>\n<\/table>\n<\/div>\n","protected":false},"featured_media":33621,"comment_status":"open","ping_status":"closed","template":"","meta":{"_joinchat":[]},"product_brand":[],"product_cat":[332],"product_tag":[],"class_list":{"0":"post-33619","1":"product","2":"type-product","3":"status-publish","4":"has-post-thumbnail","6":"product_cat-barbekuler","8":"first","9":"instock","10":"shipping-taxable","11":"product-type-simple"},"_links":{"self":[{"href":"https:\/\/npicco.com\/ar\/wp-json\/wp\/v2\/product\/33619","targetHints":{"allow":["GET"]}}],"collection":[{"href":"https:\/\/npicco.com\/ar\/wp-json\/wp\/v2\/product"}],"about":[{"href":"https:\/\/npicco.com\/ar\/wp-json\/wp\/v2\/types\/product"}],"replies":[{"embeddable":true,"href":"https:\/\/npicco.com\/ar\/wp-json\/wp\/v2\/comments?post=33619"}],"version-history":[{"count":1,"href":"https:\/\/npicco.com\/ar\/wp-json\/wp\/v2\/product\/33619\/revisions"}],"predecessor-version":[{"id":33624,"href":"https:\/\/npicco.com\/ar\/wp-json\/wp\/v2\/product\/33619\/revisions\/33624"}],"wp:featuredmedia":[{"embeddable":true,"href":"https:\/\/npicco.com\/ar\/wp-json\/wp\/v2\/media\/33621"}],"wp:attachment":[{"href":"https:\/\/npicco.com\/ar\/wp-json\/wp\/v2\/media?parent=33619"}],"wp:term":[{"taxonomy":"product_brand","embeddable":true,"href":"https:\/\/npicco.com\/ar\/wp-json\/wp\/v2\/product_brand?post=33619"},{"taxonomy":"product_cat","embeddable":true,"href":"https:\/\/npicco.com\/ar\/wp-json\/wp\/v2\/product_cat?post=33619"},{"taxonomy":"product_tag","embeddable":true,"href":"https:\/\/npicco.com\/ar\/wp-json\/wp\/v2\/product_tag?post=33619"}],"curies":[{"name":"wp","href":"https:\/\/api.w.org\/{rel}","templated":true}]}}