{"id":33613,"date":"2026-01-20T08:53:29","date_gmt":"2026-01-20T08:53:29","guid":{"rendered":"https:\/\/npicco.com\/?post_type=product&#038;p=33613"},"modified":"2026-01-20T08:53:29","modified_gmt":"2026-01-20T08:53:29","slug":"lion","status":"publish","type":"product","link":"https:\/\/npicco.com\/ar\/urun\/lion\/","title":{"rendered":"L\u0130ON"},"content":{"rendered":"","protected":false},"excerpt":{"rendered":"<p><strong>TEKN\u0130K \u00d6ZELL\u0130KLER <\/strong><br \/>\n\u2022 Y\u00fcksek \u0131s\u0131 yal\u0131t\u0131ml\u0131<br \/>\n\u2022 Tekerlek veya sabit ayak se\u00e7ene\u011fi<br \/>\n\u2022 Y\u00fcksekli\u011fi ayarlanabilir zincir sistem asans\u00f6rl\u00fc \u0131zgara<br \/>\n\u2022 Izgaralarda ayarlanabilir fren sistemi<br \/>\n\u2022 Y\u00fcksek \u0131s\u0131ya dayan\u0131kl\u0131 boya<br \/>\n\u2022 \u0130\u00e7 hazne ate\u015f tu\u011fla kapl\u0131<br \/>\n\u2022 Katlanabilir servis tezgah\u0131<br \/>\n\u2022 Et ask\u0131s\u0131 ve dinlendirme raf\u0131<br \/>\n\u2022 Kanal, mil, kare \u0131zgara se\u00e7enekleri<br \/>\n\u2022 K\u00fcl bo\u015faltma haznesi<br \/>\n\u2022 Manuel veya otomatik \u00e7evirme aparat\u0131 (opsiyonel)<br \/>\n\u2022 Alt k\u0131s\u0131m 4 farkl\u0131 se\u00e7enek<\/p>\n<div class=\"product-details-table-horizontal\">\n<h3>\u00dcr\u00fcn \u00d6zellikleri<\/h3>\n<p>&nbsp;<\/p>\n<table style=\"height: 72px;\" width=\"580\">\n<thead>\n<tr>\n<th>\u00dcr\u00fcn Kodu<\/th>\n<th>Uzunluk<\/th>\n<th>Geni\u015flik<\/th>\n<th>Y\u00fckseklik<\/th>\n<th>Izgara \u00d6l\u00e7\u00fcs\u00fc<\/th>\n<th>A\u011f\u0131rl\u0131k<\/th>\n<\/tr>\n<\/thead>\n<tbody>\n<tr>\n<td style=\"text-align: center;\" data-label=\"\u00dcr\u00fcn Kodu\">NPICCO 24.1<\/td>\n<td style=\"text-align: center;\" data-label=\"Uzunluk\">110<\/td>\n<td style=\"text-align: center;\" data-label=\"Geni\u015flik\">85<\/td>\n<td style=\"text-align: center;\" data-label=\"Y\u00fckseklik\">90\/180<\/td>\n<td style=\"text-align: center;\" data-label=\"Izgara \u00d6l\u00e7\u00fcs\u00fc\">66&#215;60 1 Adet<\/td>\n<td style=\"text-align: center;\" data-label=\"A\u011f\u0131rl\u0131k\">200<\/td>\n<\/tr>\n<tr>\n<td style=\"text-align: center;\" data-label=\"\u00dcr\u00fcn Kodu\">NPICCO 24.2<\/td>\n<td style=\"text-align: center;\" data-label=\"Uzunluk\">160<\/td>\n<td style=\"text-align: center;\" data-label=\"Geni\u015flik\">85<\/td>\n<td style=\"text-align: center;\" data-label=\"Y\u00fckseklik\">90\/180<\/td>\n<td style=\"text-align: center;\" data-label=\"Izgara \u00d6l\u00e7\u00fcs\u00fc\">54&#215;60 2 Adet<\/td>\n<td style=\"text-align: center;\" data-label=\"A\u011f\u0131rl\u0131k\">450<\/td>\n<\/tr>\n<tr>\n<td style=\"text-align: center;\" data-label=\"\u00dcr\u00fcn Kodu\">NPICCO 24.3<\/td>\n<td style=\"text-align: center;\" data-label=\"Uzunluk\">200<\/td>\n<td style=\"text-align: center;\" data-label=\"Geni\u015flik\">85<\/td>\n<td style=\"text-align: center;\" data-label=\"Y\u00fckseklik\">90\/180<\/td>\n<td style=\"text-align: center;\" data-label=\"Izgara \u00d6l\u00e7\u00fcs\u00fc\">74&#215;60 2 Adet<\/td>\n<td style=\"text-align: center;\" data-label=\"A\u011f\u0131rl\u0131k\">550<\/td>\n<\/tr>\n<tr>\n<td style=\"text-align: center;\" data-label=\"\u00dcr\u00fcn Kodu\">NPICCO 24.4<\/td>\n<td style=\"text-align: center;\" data-label=\"Uzunluk\">300<\/td>\n<td style=\"text-align: center;\" data-label=\"Geni\u015flik\">85<\/td>\n<td style=\"text-align: center;\" data-label=\"Y\u00fckseklik\">90\/180<\/td>\n<td style=\"text-align: center;\" data-label=\"Izgara \u00d6l\u00e7\u00fcs\u00fc\">69&#215;60 3 Adet<\/td>\n<td style=\"text-align: center;\" data-label=\"A\u011f\u0131rl\u0131k\">800<\/td>\n<\/tr>\n<\/tbody>\n<\/table>\n<\/div>\n","protected":false},"featured_media":33614,"comment_status":"open","ping_status":"closed","template":"","meta":{"_joinchat":[]},"product_brand":[],"product_cat":[367],"product_tag":[],"class_list":{"0":"post-33613","1":"product","2":"type-product","3":"status-publish","4":"has-post-thumbnail","6":"product_cat-barbecues","8":"first","9":"instock","10":"shipping-taxable","11":"product-type-simple"},"_links":{"self":[{"href":"https:\/\/npicco.com\/ar\/wp-json\/wp\/v2\/product\/33613","targetHints":{"allow":["GET"]}}],"collection":[{"href":"https:\/\/npicco.com\/ar\/wp-json\/wp\/v2\/product"}],"about":[{"href":"https:\/\/npicco.com\/ar\/wp-json\/wp\/v2\/types\/product"}],"replies":[{"embeddable":true,"href":"https:\/\/npicco.com\/ar\/wp-json\/wp\/v2\/comments?post=33613"}],"version-history":[{"count":1,"href":"https:\/\/npicco.com\/ar\/wp-json\/wp\/v2\/product\/33613\/revisions"}],"predecessor-version":[{"id":33617,"href":"https:\/\/npicco.com\/ar\/wp-json\/wp\/v2\/product\/33613\/revisions\/33617"}],"wp:featuredmedia":[{"embeddable":true,"href":"https:\/\/npicco.com\/ar\/wp-json\/wp\/v2\/media\/33614"}],"wp:attachment":[{"href":"https:\/\/npicco.com\/ar\/wp-json\/wp\/v2\/media?parent=33613"}],"wp:term":[{"taxonomy":"product_brand","embeddable":true,"href":"https:\/\/npicco.com\/ar\/wp-json\/wp\/v2\/product_brand?post=33613"},{"taxonomy":"product_cat","embeddable":true,"href":"https:\/\/npicco.com\/ar\/wp-json\/wp\/v2\/product_cat?post=33613"},{"taxonomy":"product_tag","embeddable":true,"href":"https:\/\/npicco.com\/ar\/wp-json\/wp\/v2\/product_tag?post=33613"}],"curies":[{"name":"wp","href":"https:\/\/api.w.org\/{rel}","templated":true}]}}