{"id":32565,"date":"2024-11-13T00:43:39","date_gmt":"2024-11-13T00:43:39","guid":{"rendered":"https:\/\/www.npicco.com\/urun\/%d9%81%d8%b1%d9%86-%d8%a7%d9%84%d8%ba%d8%a7%d8%b2-%d9%88%d8%a7%d9%84%d8%af%d8%ae%d8%a7%d9%86-%d9%85%d8%b9%d8%af%d9%86%d9%8a\/"},"modified":"2025-02-09T21:30:39","modified_gmt":"2025-02-09T21:30:39","slug":"%d9%81%d8%b1%d9%86-%d8%a7%d9%84%d8%ba%d8%a7%d8%b2-%d9%88%d8%a7%d9%84%d8%af%d8%ae%d8%a7%d9%86-%d9%85%d8%b9%d8%af%d9%86%d9%8a","status":"publish","type":"product","link":"https:\/\/npicco.com\/ar\/urun\/%d9%81%d8%b1%d9%86-%d8%a7%d9%84%d8%ba%d8%a7%d8%b2-%d9%88%d8%a7%d9%84%d8%af%d8%ae%d8%a7%d9%86-%d9%85%d8%b9%d8%af%d9%86%d9%8a\/","title":{"rendered":"\u0641\u0631\u0646 \u0627\u0644\u063a\u0627\u0632 \u0648\u0627\u0644\u062f\u062e\u0627\u0646 &#8211; \u0645\u0639\u062f\u0646\u064a"},"content":{"rendered":"<p><strong><u>\u0627\u0644\u0645\u0648\u0627\u0635\u0641\u0627\u062a \u0627\u0644\u062a\u0642\u0646\u064a\u0629<\/u><\/strong><\/p>\n<ul>\n<li><strong>\u0645\u0642\u0627\u0648\u0645 \u0644\u0644\u062d\u0631\u0627\u0631\u0629<\/strong><\/li>\n<li><strong>\u0645\u0624\u0634\u0631 \u062f\u0631\u062c\u0629 \u0627\u0644\u062d\u0631\u0627\u0631\u0629<\/strong><\/li>\n<li><strong>4 <\/strong><strong>\u0631\u0641\u0648\u0641 \u0644\u0642\u0644\u064a \u0627\u0644\u0637\u0639\u0627\u0645<\/strong><\/li>\n<li><strong>\u062a\u062d\u0643\u0645 \u0641\u064a \u062a\u062f\u0641\u0642 \u0627\u0644\u0647\u0648\u0627\u0621 \u0648\u062f\u0631\u062c\u0629 \u0627\u0644\u062d\u0631\u0627\u0631\u0629<\/strong><\/li>\n<li><strong>\u0627\u0644\u062c\u0632\u0621 \u0627\u0644\u062f\u0627\u062e\u0644\u064a \u0645\u0646 \u0627\u0644\u0641\u0648\u0644\u0627\u0630 \u0627\u0644\u0645\u0642\u0627\u0648\u0645 \u0644\u0644\u0635\u062f\u0623<\/strong><\/li>\n<li><strong>\u0645\u064a\u0632\u0629 \u0627\u0644\u062a\u062f\u062e\u064a\u0646 \u0648\u0627\u0644\u0637\u0647\u064a<\/strong><\/li>\n<li><strong>\u0635\u064a\u0646\u064a\u0629 \u0645\u0627\u0621 \u0645\u0646 \u0627\u0644\u0641\u0648\u0644\u0627\u0630 \u0627\u0644\u0645\u0642\u0627\u0648\u0645 \u0644\u0644\u0635\u062f\u0623<\/strong><\/li>\n<li><strong>\u0633\u0639\u0629 \u0644\u062d\u0645\u0644 70 \u0643\u063a \u0645\u0646 \u0627\u0644\u0644\u062d\u0648\u0645<\/strong><\/li>\n<li><strong>\u0627\u0644\u0642\u062f\u0631\u0629 \u0639\u0644\u0649 \u0627\u0644\u0639\u0645\u0644 \u0628\u0627\u0644\u063a\u0627\u0632 \u0627\u0644\u0637\u0628\u064a\u0639\u064a \u0648\u063a\u0627\u0632 \u0627\u0644\u0628\u062a\u0631\u0648\u0644 \u0627\u0644\u0645\u0633\u0627\u0644 (LPG)<\/strong><\/li>\n<li><strong>\u0642\u062f\u0631\u0629 \u0627\u0644\u063a\u0627\u0632 \u0627\u0644\u0637\u0628\u064a\u0639\u064a 28 \u0643\u064a\u0644\u0648 \u0648\u0627\u0637\u060c \u0627\u0633\u062a\u0647\u0644\u0627\u0643 2.9 (EQn)3\/h<\/strong><\/li>\n<li><strong>\u0636\u063a\u0637 \u0627\u0644\u063a\u0627\u0632 620\/20 \u0645bar<\/strong><\/li>\n<li><strong>\u0642\u062f\u0631\u0629 \u063a\u0627\u0632 \u0627\u0644\u0628\u062a\u0631\u0648\u0644 \u0627\u0644\u0645\u0633\u0627\u0644 28 \u0643\u064a\u0644\u0648 \u0648\u0627\u0637\u060c \u0627\u0633\u062a\u0647\u0644\u0627\u0643 2.2 (EQn) <\/strong><strong>\u0643\u063a\/\u0633\u0627\u0639\u0629<\/strong><\/li>\n<\/ul>\n","protected":false},"excerpt":{"rendered":"<p><strong><u>\u0627\u0644\u0645\u0648\u0627\u0635\u0641\u0627\u062a \u0627\u0644\u062a\u0642\u0646\u064a\u0629<\/u><\/strong><\/p>\n<ul>\n<li><strong>\u0645\u0642\u0627\u0648\u0645 \u0644\u0644\u062d\u0631\u0627\u0631\u0629<\/strong><\/li>\n<li><strong>\u0645\u0624\u0634\u0631 \u062f\u0631\u062c\u0629 \u0627\u0644\u062d\u0631\u0627\u0631\u0629<\/strong><\/li>\n<li><strong>4 <\/strong><strong>\u0631\u0641\u0648\u0641 \u0644\u0642\u0644\u064a \u0627\u0644\u0637\u0639\u0627\u0645<\/strong><\/li>\n<li><strong>\u062a\u062d\u0643\u0645 \u0641\u064a \u062a\u062f\u0641\u0642 \u0627\u0644\u0647\u0648\u0627\u0621 \u0648\u062f\u0631\u062c\u0629 \u0627\u0644\u062d\u0631\u0627\u0631\u0629<\/strong><\/li>\n<li><strong>\u0627\u0644\u062c\u0632\u0621 \u0627\u0644\u062f\u0627\u062e\u0644\u064a \u0645\u0646 \u0627\u0644\u0641\u0648\u0644\u0627\u0630 \u0627\u0644\u0645\u0642\u0627\u0648\u0645 \u0644\u0644\u0635\u062f\u0623<\/strong><\/li>\n<li><strong>\u0645\u064a\u0632\u0629 \u0627\u0644\u062a\u062f\u062e\u064a\u0646 \u0648\u0627\u0644\u0637\u0647\u064a<\/strong><\/li>\n<li><strong>\u0635\u064a\u0646\u064a\u0629 \u0645\u0627\u0621 \u0645\u0646 \u0627\u0644\u0641\u0648\u0644\u0627\u0630 \u0627\u0644\u0645\u0642\u0627\u0648\u0645 \u0644\u0644\u0635\u062f\u0623<\/strong><\/li>\n<li><strong>\u0633\u0639\u0629 \u0644\u062d\u0645\u0644 70 \u0643\u063a \u0645\u0646 \u0627\u0644\u0644\u062d\u0648\u0645<\/strong><\/li>\n<li><strong>\u0627\u0644\u0642\u062f\u0631\u0629 \u0639\u0644\u0649 \u0627\u0644\u0639\u0645\u0644 \u0628\u0627\u0644\u063a\u0627\u0632 \u0627\u0644\u0637\u0628\u064a\u0639\u064a \u0648\u063a\u0627\u0632 \u0627\u0644\u0628\u062a\u0631\u0648\u0644 \u0627\u0644\u0645\u0633\u0627\u0644 (LPG)<\/strong><\/li>\n<li><strong>\u0642\u062f\u0631\u0629 \u0627\u0644\u063a\u0627\u0632 \u0627\u0644\u0637\u0628\u064a\u0639\u064a 28 \u0643\u064a\u0644\u0648 \u0648\u0627\u0637\u060c \u0627\u0633\u062a\u0647\u0644\u0627\u0643 2.9 (EQn)3\/h<\/strong><\/li>\n<li><strong>\u0636\u063a\u0637 \u0627\u0644\u063a\u0627\u0632 620\/20 \u0645bar<\/strong><\/li>\n<li><strong>\u0642\u062f\u0631\u0629 \u063a\u0627\u0632 \u0627\u0644\u0628\u062a\u0631\u0648\u0644 \u0627\u0644\u0645\u0633\u0627\u0644 28 \u0643\u064a\u0644\u0648 \u0648\u0627\u0637\u060c \u0627\u0633\u062a\u0647\u0644\u0627\u0643 2.2 (EQn) <\/strong><strong>\u0643\u063a\/\u0633\u0627\u0639\u0629<\/strong><\/li>\n<\/ul>\n<div class=\"product-details-table-horizontal\">\n<h3>\u00dcr\u00fcn \u00d6zellikleri<\/h3>\n<table>\n<thead>\n<tr>\n<th>\u0643\u0648\u062f<\/th>\n<th>\u0627\u0644\u0637\u0648\u0644<\/th>\n<th>\u0627\u0644\u0639\u0631\u0636<\/th>\n<th>\u0627\u0644\u0627\u0631\u062a\u0641\u0627\u0639<\/th>\n<th>\u0642\u064a\u0627\u0633 \u0627\u0644\u0634\u0648\u0627\u064a\u0629<\/th>\n<th>\u0627\u0644\u0648\u0632\u0646<\/p>\n<p>\u0643\u064a\u0644\u0648 \u062c\u0631\u0627\u0645<\/th>\n<\/tr>\n<\/thead>\n<tbody>\n<tr>\n<td data-label=\"\u00dcr\u00fcn Kodu\">NPICCO 248<\/td>\n<td data-label=\"Uzunluk\">70<\/td>\n<td data-label=\"Geni\u015flik\">70<\/td>\n<td data-label=\"Y\u00fckseklik\">180<\/td>\n<td data-label=\"Izgara \u00d6l\u00e7\u00fcs\u00fc\">55&#215;66<\/td>\n<td data-label=\"A\u011f\u0131rl\u0131k\">200<\/td>\n<\/tr>\n<\/tbody>\n<\/table>\n<\/div>\n","protected":false},"featured_media":33071,"comment_status":"open","ping_status":"closed","template":"","meta":{"_joinchat":[]},"product_brand":[],"product_cat":[],"product_tag":[],"class_list":{"0":"post-32565","1":"product","2":"type-product","3":"status-publish","4":"has-post-thumbnail","7":"first","8":"instock","9":"shipping-taxable","10":"product-type-simple"},"_links":{"self":[{"href":"https:\/\/npicco.com\/ar\/wp-json\/wp\/v2\/product\/32565","targetHints":{"allow":["GET"]}}],"collection":[{"href":"https:\/\/npicco.com\/ar\/wp-json\/wp\/v2\/product"}],"about":[{"href":"https:\/\/npicco.com\/ar\/wp-json\/wp\/v2\/types\/product"}],"replies":[{"embeddable":true,"href":"https:\/\/npicco.com\/ar\/wp-json\/wp\/v2\/comments?post=32565"}],"version-history":[{"count":6,"href":"https:\/\/npicco.com\/ar\/wp-json\/wp\/v2\/product\/32565\/revisions"}],"predecessor-version":[{"id":32572,"href":"https:\/\/npicco.com\/ar\/wp-json\/wp\/v2\/product\/32565\/revisions\/32572"}],"wp:featuredmedia":[{"embeddable":true,"href":"https:\/\/npicco.com\/ar\/wp-json\/wp\/v2\/media\/33071"}],"wp:attachment":[{"href":"https:\/\/npicco.com\/ar\/wp-json\/wp\/v2\/media?parent=32565"}],"wp:term":[{"taxonomy":"product_brand","embeddable":true,"href":"https:\/\/npicco.com\/ar\/wp-json\/wp\/v2\/product_brand?post=32565"},{"taxonomy":"product_cat","embeddable":true,"href":"https:\/\/npicco.com\/ar\/wp-json\/wp\/v2\/product_cat?post=32565"},{"taxonomy":"product_tag","embeddable":true,"href":"https:\/\/npicco.com\/ar\/wp-json\/wp\/v2\/product_tag?post=32565"}],"curies":[{"name":"wp","href":"https:\/\/api.w.org\/{rel}","templated":true}]}}