{"id":17327,"date":"2024-11-13T00:43:39","date_gmt":"2024-11-13T00:43:39","guid":{"rendered":"https:\/\/www.npicco.com\/urun\/buffalo\/"},"modified":"2026-01-16T11:12:53","modified_gmt":"2026-01-16T11:12:53","slug":"buffalo","status":"publish","type":"product","link":"https:\/\/npicco.com\/ar\/urun\/buffalo\/","title":{"rendered":"BUFFALO"},"content":{"rendered":"","protected":false},"excerpt":{"rendered":"<p><strong>TEKN\u0130K \u00d6ZELL\u0130KLER <\/strong><br \/>\n\u2022 Tamam\u0131 3 mm sac ile \u00fcretilmi\u015ftir.<br \/>\n\u2022 2 B\u00f6lmeli Smoke alan\u0131. Her bir alan\u0131nda 1 adet 73&#215;55 cm ve 1 adet 73&#215;44 cm olmak \u00fczere 4 adet tel \u0131zgaras\u0131 vard\u0131r.<br \/>\n\u2022 70 cm boyunda 48cm \u00e7ap\u0131nda yanma odas\u0131 mevcuttur.<br \/>\n\u2022 Hava giri\u015fi ve \u0131s\u0131 kontrol\u00fcn\u00fc sa\u011flamak i\u00e7in yang\u0131n odas\u0131ndan ayarlanabilir.<br \/>\n\u2022 S\u0131cak Hava ile yumu\u015fak pi\u015firme ve ayr\u0131ca k\u0131zartma ve kaynatma i\u00e7in idealdir.<br \/>\n\u2022 11 cm \u00e7ap\u0131nda duman borusu<br \/>\n\u2022 2 adet y\u00fcksek hassasiyetli termometre<br \/>\n\u2022 2 adet ya\u011f ve s\u0131v\u0131 at\u0131k vanas\u0131<br \/>\n\u2022 Is\u0131ya dayan\u0131kl\u0131 boya<br \/>\n\u2022 1 adet tel \u0131zgaral\u0131 taban raf\u0131<br \/>\n\u2022 Tekerlekli ya da sabit ayak se\u00e7enekleri<\/p>\n<div class=\"product-details-table-horizontal\">\n<h3>\u00dcr\u00fcn \u00d6zellikleri<\/h3>\n<table style=\"height: 63px;\" width=\"554\">\n<thead>\n<tr>\n<th style=\"text-align: center;\">\u00dcr\u00fcn Kodu<\/th>\n<th style=\"text-align: center;\">Uzunluk<\/th>\n<th style=\"text-align: center;\">Geni\u015flik<\/th>\n<th style=\"text-align: center;\">Y\u00fckseklik<\/th>\n<th style=\"text-align: center;\">Izgara \u00d6l\u00e7\u00fcs\u00fc<\/th>\n<th style=\"text-align: center;\">A\u011f\u0131rl\u0131k<\/th>\n<\/tr>\n<\/thead>\n<tbody>\n<tr>\n<td style=\"text-align: center;\" data-label=\"\u00dcr\u00fcn Kodu\">NPICCO 83.1<\/td>\n<td style=\"text-align: center;\" data-label=\"Uzunluk\">245<\/td>\n<td style=\"text-align: center;\" data-label=\"Geni\u015flik\">58<\/td>\n<td style=\"text-align: center;\" data-label=\"Y\u00fckseklik\">85\/115<\/td>\n<td style=\"text-align: center;\" data-label=\"Izgara \u00d6l\u00e7\u00fcs\u00fc\">73&#215;55<br \/>\n2 Adet<\/td>\n<td style=\"text-align: center;\" data-label=\"A\u011f\u0131rl\u0131k\">250 kg<\/td>\n<\/tr>\n<\/tbody>\n<\/table>\n<\/div>\n","protected":false},"featured_media":33403,"comment_status":"open","ping_status":"closed","template":"","meta":{"_joinchat":[]},"product_brand":[],"product_cat":[337],"product_tag":[],"class_list":{"0":"post-17327","1":"product","2":"type-product","3":"status-publish","4":"has-post-thumbnail","6":"product_cat-tutsuleme-firinlari","8":"first","9":"instock","10":"shipping-taxable","11":"product-type-simple"},"_links":{"self":[{"href":"https:\/\/npicco.com\/ar\/wp-json\/wp\/v2\/product\/17327","targetHints":{"allow":["GET"]}}],"collection":[{"href":"https:\/\/npicco.com\/ar\/wp-json\/wp\/v2\/product"}],"about":[{"href":"https:\/\/npicco.com\/ar\/wp-json\/wp\/v2\/types\/product"}],"replies":[{"embeddable":true,"href":"https:\/\/npicco.com\/ar\/wp-json\/wp\/v2\/comments?post=17327"}],"version-history":[{"count":9,"href":"https:\/\/npicco.com\/ar\/wp-json\/wp\/v2\/product\/17327\/revisions"}],"predecessor-version":[{"id":17378,"href":"https:\/\/npicco.com\/ar\/wp-json\/wp\/v2\/product\/17327\/revisions\/17378"}],"wp:featuredmedia":[{"embeddable":true,"href":"https:\/\/npicco.com\/ar\/wp-json\/wp\/v2\/media\/33403"}],"wp:attachment":[{"href":"https:\/\/npicco.com\/ar\/wp-json\/wp\/v2\/media?parent=17327"}],"wp:term":[{"taxonomy":"product_brand","embeddable":true,"href":"https:\/\/npicco.com\/ar\/wp-json\/wp\/v2\/product_brand?post=17327"},{"taxonomy":"product_cat","embeddable":true,"href":"https:\/\/npicco.com\/ar\/wp-json\/wp\/v2\/product_cat?post=17327"},{"taxonomy":"product_tag","embeddable":true,"href":"https:\/\/npicco.com\/ar\/wp-json\/wp\/v2\/product_tag?post=17327"}],"curies":[{"name":"wp","href":"https:\/\/api.w.org\/{rel}","templated":true}]}}