{"id":17324,"date":"2024-11-13T00:43:38","date_gmt":"2024-11-13T00:43:38","guid":{"rendered":"https:\/\/www.npicco.com\/urun\/wood-smoke-oven\/"},"modified":"2026-01-16T10:59:43","modified_gmt":"2026-01-16T10:59:43","slug":"wood-smoke-oven","status":"publish","type":"product","link":"https:\/\/npicco.com\/ar\/urun\/wood-smoke-oven\/","title":{"rendered":"WOOD SMOKE OVEN"},"content":{"rendered":"","protected":false},"excerpt":{"rendered":"<p><strong> TEKN\u0130K \u00d6ZELL\u0130KLER<\/strong><br \/>\n\u2022 Is\u0131ya dayan\u0131kl\u0131 g\u00f6vde<br \/>\n\u2022 S\u0131cakl\u0131k g\u00f6stergesi<br \/>\n\u2022 4 adet k\u0131zartma raf\u0131<br \/>\n\u2022 Hava ak\u0131\u015f\u0131 ve s\u0131cakl\u0131k kontrol\u00fc<br \/>\n\u2022 Paslanmaz \u00e7elik i\u00e7 k\u0131s\u0131m<br \/>\n\u2022 T\u00fcts\u00fcleme ve pi\u015firme \u00f6zelli\u011fi<br \/>\n\u2022 70 kg et kapasitesi<\/p>\n<div class=\"product-details-table-horizontal\">\n<h3>\u00dcr\u00fcn \u00d6zellikleri<\/h3>\n<table style=\"height: 60px;\" width=\"569\">\n<thead>\n<tr>\n<th>\u00dcr\u00fcn Kodu<\/th>\n<th>Uzunluk<\/th>\n<th>Geni\u015flik<\/th>\n<th>Y\u00fckseklik<\/th>\n<th>Izgara \u00d6l\u00e7\u00fcs\u00fc<\/th>\n<th>A\u011f\u0131rl\u0131k<\/th>\n<\/tr>\n<\/thead>\n<tbody>\n<tr>\n<td style=\"text-align: center;\" data-label=\"\u00dcr\u00fcn Kodu\">NPICCO 82.1<\/td>\n<td style=\"text-align: center;\" data-label=\"Uzunluk\">70<\/td>\n<td style=\"text-align: center;\" data-label=\"Geni\u015flik\">70<\/td>\n<td style=\"text-align: center;\" data-label=\"Y\u00fckseklik\">180<\/td>\n<td style=\"text-align: center;\" data-label=\"Izgara \u00d6l\u00e7\u00fcs\u00fc\">55*60<\/td>\n<td style=\"text-align: center;\" data-label=\"A\u011f\u0131rl\u0131k\">180 kg<\/td>\n<\/tr>\n<\/tbody>\n<\/table>\n<\/div>\n","protected":false},"featured_media":33392,"comment_status":"open","ping_status":"closed","template":"","meta":{"_joinchat":[]},"product_brand":[],"product_cat":[337],"product_tag":[],"class_list":{"0":"post-17324","1":"product","2":"type-product","3":"status-publish","4":"has-post-thumbnail","6":"product_cat-tutsuleme-firinlari","8":"first","9":"instock","10":"shipping-taxable","11":"product-type-simple"},"_links":{"self":[{"href":"https:\/\/npicco.com\/ar\/wp-json\/wp\/v2\/product\/17324","targetHints":{"allow":["GET"]}}],"collection":[{"href":"https:\/\/npicco.com\/ar\/wp-json\/wp\/v2\/product"}],"about":[{"href":"https:\/\/npicco.com\/ar\/wp-json\/wp\/v2\/types\/product"}],"replies":[{"embeddable":true,"href":"https:\/\/npicco.com\/ar\/wp-json\/wp\/v2\/comments?post=17324"}],"version-history":[{"count":10,"href":"https:\/\/npicco.com\/ar\/wp-json\/wp\/v2\/product\/17324\/revisions"}],"predecessor-version":[{"id":33391,"href":"https:\/\/npicco.com\/ar\/wp-json\/wp\/v2\/product\/17324\/revisions\/33391"}],"wp:featuredmedia":[{"embeddable":true,"href":"https:\/\/npicco.com\/ar\/wp-json\/wp\/v2\/media\/33392"}],"wp:attachment":[{"href":"https:\/\/npicco.com\/ar\/wp-json\/wp\/v2\/media?parent=17324"}],"wp:term":[{"taxonomy":"product_brand","embeddable":true,"href":"https:\/\/npicco.com\/ar\/wp-json\/wp\/v2\/product_brand?post=17324"},{"taxonomy":"product_cat","embeddable":true,"href":"https:\/\/npicco.com\/ar\/wp-json\/wp\/v2\/product_cat?post=17324"},{"taxonomy":"product_tag","embeddable":true,"href":"https:\/\/npicco.com\/ar\/wp-json\/wp\/v2\/product_tag?post=17324"}],"curies":[{"name":"wp","href":"https:\/\/api.w.org\/{rel}","templated":true}]}}