{"id":17320,"date":"2024-11-13T00:42:56","date_gmt":"2024-11-13T00:42:56","guid":{"rendered":"https:\/\/www.npicco.com\/urun\/yakitori-4\/"},"modified":"2026-01-16T12:12:39","modified_gmt":"2026-01-16T12:12:39","slug":"yakitori-80lik","status":"publish","type":"product","link":"https:\/\/npicco.com\/ar\/urun\/yakitori-80lik\/","title":{"rendered":"80&#8217;L\u0130K YAKI\u0307TORI\u0307"},"content":{"rendered":"","protected":false},"excerpt":{"rendered":"<p><strong>TEKN\u0130K \u00d6ZELL\u0130KLER<\/strong><br \/>\n\u2022 Ate\u015f tu\u011fla ile kapl\u0131<br \/>\n\u2022 K\u00fcl hazneli<br \/>\n\u2022 Paslanmaz \u00e7elik g\u00f6vde<br \/>\n\u2022 Hava menfezi<br \/>\n\u2022 Tel, Mil, Pleyt, Tepsi, Raf ve \u015ei\u015f Aparat\u0131 se\u00e7enekleri<\/p>\n<div class=\"product-details-table-horizontal\">\n<h3>\u00dcr\u00fcn \u00d6zellikleri<\/h3>\n<table style=\"height: 87px;\" width=\"421\">\n<thead>\n<tr>\n<th>\u00dcr\u00fcn Kodu<\/th>\n<th>Uzunluk<\/th>\n<th>Geni\u015flik<\/th>\n<th>Y\u00fckseklik<\/th>\n<\/tr>\n<\/thead>\n<tbody>\n<tr>\n<td style=\"text-align: center;\" data-label=\"\u00dcr\u00fcn Kodu\">NPICCO 330.4<\/td>\n<td style=\"text-align: center;\" data-label=\"Uzunluk\">80<\/td>\n<td style=\"text-align: center;\" data-label=\"Geni\u015flik\">27<\/td>\n<td style=\"text-align: center;\" data-label=\"Y\u00fckseklik\">23<\/td>\n<\/tr>\n<tr>\n<td data-label=\"\u00dcr\u00fcn Kodu\"><\/td>\n<td data-label=\"Uzunluk\"><\/td>\n<td data-label=\"Geni\u015flik\"><\/td>\n<td data-label=\"Y\u00fckseklik\"><\/td>\n<\/tr>\n<\/tbody>\n<\/table>\n<\/div>\n","protected":false},"featured_media":33434,"comment_status":"open","ping_status":"closed","template":"","meta":{"_joinchat":[]},"product_brand":[],"product_cat":[338],"product_tag":[],"class_list":{"0":"post-17320","1":"product","2":"type-product","3":"status-publish","4":"has-post-thumbnail","6":"product_cat-yakitori","8":"first","9":"instock","10":"shipping-taxable","11":"product-type-simple"},"_links":{"self":[{"href":"https:\/\/npicco.com\/ar\/wp-json\/wp\/v2\/product\/17320","targetHints":{"allow":["GET"]}}],"collection":[{"href":"https:\/\/npicco.com\/ar\/wp-json\/wp\/v2\/product"}],"about":[{"href":"https:\/\/npicco.com\/ar\/wp-json\/wp\/v2\/types\/product"}],"replies":[{"embeddable":true,"href":"https:\/\/npicco.com\/ar\/wp-json\/wp\/v2\/comments?post=17320"}],"version-history":[{"count":9,"href":"https:\/\/npicco.com\/ar\/wp-json\/wp\/v2\/product\/17320\/revisions"}],"predecessor-version":[{"id":33437,"href":"https:\/\/npicco.com\/ar\/wp-json\/wp\/v2\/product\/17320\/revisions\/33437"}],"wp:featuredmedia":[{"embeddable":true,"href":"https:\/\/npicco.com\/ar\/wp-json\/wp\/v2\/media\/33434"}],"wp:attachment":[{"href":"https:\/\/npicco.com\/ar\/wp-json\/wp\/v2\/media?parent=17320"}],"wp:term":[{"taxonomy":"product_brand","embeddable":true,"href":"https:\/\/npicco.com\/ar\/wp-json\/wp\/v2\/product_brand?post=17320"},{"taxonomy":"product_cat","embeddable":true,"href":"https:\/\/npicco.com\/ar\/wp-json\/wp\/v2\/product_cat?post=17320"},{"taxonomy":"product_tag","embeddable":true,"href":"https:\/\/npicco.com\/ar\/wp-json\/wp\/v2\/product_tag?post=17320"}],"curies":[{"name":"wp","href":"https:\/\/api.w.org\/{rel}","templated":true}]}}