{"id":17316,"date":"2024-11-13T00:42:56","date_gmt":"2024-11-13T00:42:56","guid":{"rendered":"https:\/\/www.npicco.com\/urun\/percia\/"},"modified":"2026-01-16T11:48:23","modified_gmt":"2026-01-16T11:48:23","slug":"percia","status":"publish","type":"product","link":"https:\/\/npicco.com\/ar\/urun\/percia\/","title":{"rendered":"PERCI\u0307A"},"content":{"rendered":"","protected":false},"excerpt":{"rendered":"<p><strong>TEKN\u0130K \u00d6ZELL\u0130KLER<\/strong><br \/>\n\u2022 3 katl\u0131 milli \u0131zgara<br \/>\n\u2022 7 adet sosluk<br \/>\n\u2022 Y\u00fcksek \u0131s\u0131 yal\u0131t\u0131ml\u0131<br \/>\n\u2022 Taban ara rafl\u0131<br \/>\n\u2022 K\u00fcl bo\u015faltma haznesi<\/p>\n<div class=\"product-details-table-horizontal\">\n<h3>\u00dcr\u00fcn \u00d6zellikleri<\/h3>\n<table style=\"height: 64px;\" width=\"563\">\n<thead>\n<tr>\n<th style=\"text-align: center;\">\u00dcr\u00fcn Kodu<\/th>\n<th style=\"text-align: center;\">Uzunluk<\/th>\n<th style=\"text-align: center;\">Geni\u015flik<\/th>\n<th style=\"text-align: center;\">Y\u00fckseklik<\/th>\n<th style=\"text-align: center;\">Izgara \u00d6l\u00e7\u00fcs\u00fc<\/th>\n<th style=\"text-align: center;\">A\u011f\u0131rl\u0131k<\/th>\n<\/tr>\n<\/thead>\n<tbody>\n<tr>\n<td style=\"text-align: center;\" data-label=\"\u00dcr\u00fcn Kodu\">NPICCO 87.1<\/td>\n<td style=\"text-align: center;\" data-label=\"Uzunluk\">200<\/td>\n<td style=\"text-align: center;\" data-label=\"Geni\u015flik\">122<\/td>\n<td style=\"text-align: center;\" data-label=\"Y\u00fckseklik\">90\/170<\/td>\n<td style=\"text-align: center;\" data-label=\"Izgara \u00d6l\u00e7\u00fcs\u00fc\">48*65<br \/>\n3 Adet<\/td>\n<td style=\"text-align: center;\" data-label=\"A\u011f\u0131rl\u0131k\">550<\/td>\n<\/tr>\n<\/tbody>\n<\/table>\n<\/div>\n","protected":false},"featured_media":33082,"comment_status":"open","ping_status":"closed","template":"","meta":{"_joinchat":[]},"product_brand":[],"product_cat":[332],"product_tag":[],"class_list":{"0":"post-17316","1":"product","2":"type-product","3":"status-publish","4":"has-post-thumbnail","6":"product_cat-barbekuler","8":"first","9":"instock","10":"shipping-taxable","11":"product-type-simple"},"_links":{"self":[{"href":"https:\/\/npicco.com\/ar\/wp-json\/wp\/v2\/product\/17316","targetHints":{"allow":["GET"]}}],"collection":[{"href":"https:\/\/npicco.com\/ar\/wp-json\/wp\/v2\/product"}],"about":[{"href":"https:\/\/npicco.com\/ar\/wp-json\/wp\/v2\/types\/product"}],"replies":[{"embeddable":true,"href":"https:\/\/npicco.com\/ar\/wp-json\/wp\/v2\/comments?post=17316"}],"version-history":[{"count":9,"href":"https:\/\/npicco.com\/ar\/wp-json\/wp\/v2\/product\/17316\/revisions"}],"predecessor-version":[{"id":33412,"href":"https:\/\/npicco.com\/ar\/wp-json\/wp\/v2\/product\/17316\/revisions\/33412"}],"wp:featuredmedia":[{"embeddable":true,"href":"https:\/\/npicco.com\/ar\/wp-json\/wp\/v2\/media\/33082"}],"wp:attachment":[{"href":"https:\/\/npicco.com\/ar\/wp-json\/wp\/v2\/media?parent=17316"}],"wp:term":[{"taxonomy":"product_brand","embeddable":true,"href":"https:\/\/npicco.com\/ar\/wp-json\/wp\/v2\/product_brand?post=17316"},{"taxonomy":"product_cat","embeddable":true,"href":"https:\/\/npicco.com\/ar\/wp-json\/wp\/v2\/product_cat?post=17316"},{"taxonomy":"product_tag","embeddable":true,"href":"https:\/\/npicco.com\/ar\/wp-json\/wp\/v2\/product_tag?post=17316"}],"curies":[{"name":"wp","href":"https:\/\/api.w.org\/{rel}","templated":true}]}}