{"id":17312,"date":"2024-11-13T00:38:25","date_gmt":"2024-11-13T00:38:25","guid":{"rendered":"https:\/\/www.npicco.com\/urun\/matador\/"},"modified":"2026-01-16T13:15:21","modified_gmt":"2026-01-16T13:15:21","slug":"matador","status":"publish","type":"product","link":"https:\/\/npicco.com\/ar\/urun\/matador\/","title":{"rendered":"MATADOR"},"content":{"rendered":"","protected":false},"excerpt":{"rendered":"<p><strong>TEKN\u0130K \u00d6ZELL\u0130KLER <\/strong><br \/>\n\u2022 Y\u00fcksek \u0131s\u0131 yal\u0131t\u0131ml\u0131<br \/>\n\u2022 4 adet y\u00fcksekli\u011fi ayarlanabilir asans\u00f6rl\u00fc \u0131zgara<br \/>\n\u2022 Izgaralarda ayarlanabilir fren sistemi<br \/>\n\u2022 Et ask\u0131s\u0131 ve dinlendirme raf\u0131<br \/>\n\u2022 4 adet k\u00fcl \u00e7ekmeceli<br \/>\n\u2022 \u0130\u00e7 hazne ate\u015f tu\u011fla<\/p>\n<div class=\"product-details-table-horizontal\">\n<h3>\u00dcr\u00fcn \u00d6zellikleri<\/h3>\n<table style=\"height: 63px;\" width=\"567\">\n<thead>\n<tr>\n<th>\u00dcr\u00fcn Kodu<\/th>\n<th>Uzunluk<\/th>\n<th>Geni\u015flik<\/th>\n<th>Y\u00fckseklik<\/th>\n<th>Izgara \u00d6l\u00e7\u00fcs\u00fc<\/th>\n<th>A\u011f\u0131rl\u0131k<\/th>\n<\/tr>\n<\/thead>\n<tbody>\n<tr>\n<td style=\"text-align: center;\" data-label=\"\u00dcr\u00fcn Kodu\">NPICCO 64.1<\/td>\n<td style=\"text-align: center;\" data-label=\"Uzunluk\">300<\/td>\n<td style=\"text-align: center;\" data-label=\"Geni\u015flik\">90<\/td>\n<td style=\"text-align: center;\" data-label=\"Y\u00fckseklik\">30\/110<\/td>\n<td style=\"text-align: center;\" data-label=\"Izgara \u00d6l\u00e7\u00fcs\u00fc\">63&#215;69 3 Adet<\/td>\n<td style=\"text-align: center;\" data-label=\"A\u011f\u0131rl\u0131k\">550<\/td>\n<\/tr>\n<\/tbody>\n<\/table>\n<\/div>\n","protected":false},"featured_media":33091,"comment_status":"open","ping_status":"closed","template":"","meta":{"_joinchat":[]},"product_brand":[],"product_cat":[333],"product_tag":[],"class_list":{"0":"post-17312","1":"product","2":"type-product","3":"status-publish","4":"has-post-thumbnail","6":"product_cat-setustu-barbekuler","8":"first","9":"instock","10":"shipping-taxable","11":"product-type-simple"},"_links":{"self":[{"href":"https:\/\/npicco.com\/ar\/wp-json\/wp\/v2\/product\/17312","targetHints":{"allow":["GET"]}}],"collection":[{"href":"https:\/\/npicco.com\/ar\/wp-json\/wp\/v2\/product"}],"about":[{"href":"https:\/\/npicco.com\/ar\/wp-json\/wp\/v2\/types\/product"}],"replies":[{"embeddable":true,"href":"https:\/\/npicco.com\/ar\/wp-json\/wp\/v2\/comments?post=17312"}],"version-history":[{"count":8,"href":"https:\/\/npicco.com\/ar\/wp-json\/wp\/v2\/product\/17312\/revisions"}],"predecessor-version":[{"id":33448,"href":"https:\/\/npicco.com\/ar\/wp-json\/wp\/v2\/product\/17312\/revisions\/33448"}],"wp:featuredmedia":[{"embeddable":true,"href":"https:\/\/npicco.com\/ar\/wp-json\/wp\/v2\/media\/33091"}],"wp:attachment":[{"href":"https:\/\/npicco.com\/ar\/wp-json\/wp\/v2\/media?parent=17312"}],"wp:term":[{"taxonomy":"product_brand","embeddable":true,"href":"https:\/\/npicco.com\/ar\/wp-json\/wp\/v2\/product_brand?post=17312"},{"taxonomy":"product_cat","embeddable":true,"href":"https:\/\/npicco.com\/ar\/wp-json\/wp\/v2\/product_cat?post=17312"},{"taxonomy":"product_tag","embeddable":true,"href":"https:\/\/npicco.com\/ar\/wp-json\/wp\/v2\/product_tag?post=17312"}],"curies":[{"name":"wp","href":"https:\/\/api.w.org\/{rel}","templated":true}]}}