{"id":17306,"date":"2024-11-13T00:37:31","date_gmt":"2024-11-13T00:37:31","guid":{"rendered":"https:\/\/www.npicco.com\/urun\/gazli-set\/"},"modified":"2026-01-16T14:14:10","modified_gmt":"2026-01-16T14:14:10","slug":"gazli-izgara-4lu","status":"publish","type":"product","link":"https:\/\/npicco.com\/ar\/urun\/gazli-izgara-4lu\/","title":{"rendered":"GAZLI IZGARA 4&#8217;L\u00dc"},"content":{"rendered":"","protected":false},"excerpt":{"rendered":"<p><strong>TEKN\u0130K \u00d6ZELL\u0130KLER<\/strong><br \/>\n\u2022 Y\u00fcksek \u0131s\u0131 yal\u0131t\u0131ml\u0131<br \/>\n\u2022 Paslanmaz \u00e7elik g\u00f6vde<br \/>\n\u2022 Sulu sistem<br \/>\n\u2022 LPG ve NG ile \u00e7al\u0131\u015fabilme \u00f6zelli\u011fi<br \/>\n\u2022 Ayarlanabilen asans\u00f6rl\u00fc \u0131zgara<br \/>\n\u2022 Izgaralarda ayarlanabilir fren sistemi<\/p>\n<div class=\"product-details-table-horizontal\">\n<h3>\u00dcr\u00fcn \u00d6zellikleri<\/h3>\n<table style=\"height: 206px;\" width=\"647\">\n<thead>\n<tr>\n<th>\u00dcr\u00fcn Kodu<\/th>\n<th>Uzunluk<\/th>\n<th>Geni\u015flik<\/th>\n<th>Y\u00fckseklik<\/th>\n<th>Izgara \u00d6l\u00e7\u00fcs\u00fc<\/th>\n<\/tr>\n<\/thead>\n<tbody>\n<tr>\n<td style=\"text-align: center;\" data-label=\"\u00dcr\u00fcn Kodu\">NPICCO 222.1 Geni\u015f Tekli<\/td>\n<td style=\"text-align: center;\" data-label=\"Uzunluk\">100<\/td>\n<td style=\"text-align: center;\" data-label=\"Geni\u015flik\">70<\/td>\n<td style=\"text-align: center;\" data-label=\"Y\u00fckseklik\">30\/110<\/td>\n<td style=\"text-align: center;\" data-label=\"Izgara \u00d6l\u00e7\u00fcs\u00fc\">80&#215;50<\/td>\n<\/tr>\n<tr>\n<td style=\"text-align: center;\" data-label=\"\u00dcr\u00fcn Kodu\">NPICCO 222.2 Geni\u015f \u0130kili<\/td>\n<td style=\"text-align: center;\" data-label=\"Uzunluk\">200<\/td>\n<td style=\"text-align: center;\" data-label=\"Geni\u015flik\">70<\/td>\n<td style=\"text-align: center;\" data-label=\"Y\u00fckseklik\">30\/110<\/td>\n<td style=\"text-align: center;\" data-label=\"Izgara \u00d6l\u00e7\u00fcs\u00fc\">80&#215;50<\/td>\n<\/tr>\n<tr>\n<td style=\"text-align: center;\" data-label=\"\u00dcr\u00fcn Kodu\">NPICCO 223.1 Tekli<\/td>\n<td style=\"text-align: center;\" data-label=\"Uzunluk\">80<\/td>\n<td style=\"text-align: center;\" data-label=\"Geni\u015flik\">70<\/td>\n<td style=\"text-align: center;\" data-label=\"Y\u00fckseklik\">30\/110<\/td>\n<td style=\"text-align: center;\" data-label=\"Izgara \u00d6l\u00e7\u00fcs\u00fc\">53&#215;50<\/td>\n<\/tr>\n<tr>\n<td style=\"text-align: center;\" data-label=\"\u00dcr\u00fcn Kodu\">NPICCO 223.2 \u0130kili<\/td>\n<td style=\"text-align: center;\" data-label=\"Uzunluk\">150<\/td>\n<td style=\"text-align: center;\" data-label=\"Geni\u015flik\">70<\/td>\n<td style=\"text-align: center;\" data-label=\"Y\u00fckseklik\">30\/110<\/td>\n<td style=\"text-align: center;\" data-label=\"Izgara \u00d6l\u00e7\u00fcs\u00fc\">53&#215;50<\/td>\n<\/tr>\n<tr>\n<td style=\"text-align: center;\" data-label=\"\u00dcr\u00fcn Kodu\">NPICCO 223.3 \u00dc\u00e7l\u00fc<\/td>\n<td style=\"text-align: center;\" data-label=\"Uzunluk\">220<\/td>\n<td style=\"text-align: center;\" data-label=\"Geni\u015flik\">70<\/td>\n<td style=\"text-align: center;\" data-label=\"Y\u00fckseklik\">30\/110<\/td>\n<td style=\"text-align: center;\" data-label=\"Izgara \u00d6l\u00e7\u00fcs\u00fc\">53&#215;50<\/td>\n<\/tr>\n<tr>\n<td style=\"text-align: center;\" data-label=\"\u00dcr\u00fcn Kodu\">NPICCO 223.4 D\u00f6rtl\u00fc<\/td>\n<td style=\"text-align: center;\" data-label=\"Uzunluk\">285<\/td>\n<td style=\"text-align: center;\" data-label=\"Geni\u015flik\">70<\/td>\n<td style=\"text-align: center;\" data-label=\"Y\u00fckseklik\">30\/110<\/td>\n<td style=\"text-align: center;\" data-label=\"Izgara \u00d6l\u00e7\u00fcs\u00fc\">80&#215;50<\/td>\n<\/tr>\n<\/tbody>\n<\/table>\n<\/div>\n","protected":false},"featured_media":33103,"comment_status":"open","ping_status":"closed","template":"","meta":{"_joinchat":[]},"product_brand":[],"product_cat":[333],"product_tag":[],"class_list":{"0":"post-17306","1":"product","2":"type-product","3":"status-publish","4":"has-post-thumbnail","6":"product_cat-setustu-barbekuler","8":"first","9":"instock","10":"shipping-taxable","11":"product-type-simple"},"_links":{"self":[{"href":"https:\/\/npicco.com\/ar\/wp-json\/wp\/v2\/product\/17306","targetHints":{"allow":["GET"]}}],"collection":[{"href":"https:\/\/npicco.com\/ar\/wp-json\/wp\/v2\/product"}],"about":[{"href":"https:\/\/npicco.com\/ar\/wp-json\/wp\/v2\/types\/product"}],"replies":[{"embeddable":true,"href":"https:\/\/npicco.com\/ar\/wp-json\/wp\/v2\/comments?post=17306"}],"version-history":[{"count":7,"href":"https:\/\/npicco.com\/ar\/wp-json\/wp\/v2\/product\/17306\/revisions"}],"predecessor-version":[{"id":33457,"href":"https:\/\/npicco.com\/ar\/wp-json\/wp\/v2\/product\/17306\/revisions\/33457"}],"wp:featuredmedia":[{"embeddable":true,"href":"https:\/\/npicco.com\/ar\/wp-json\/wp\/v2\/media\/33103"}],"wp:attachment":[{"href":"https:\/\/npicco.com\/ar\/wp-json\/wp\/v2\/media?parent=17306"}],"wp:term":[{"taxonomy":"product_brand","embeddable":true,"href":"https:\/\/npicco.com\/ar\/wp-json\/wp\/v2\/product_brand?post=17306"},{"taxonomy":"product_cat","embeddable":true,"href":"https:\/\/npicco.com\/ar\/wp-json\/wp\/v2\/product_cat?post=17306"},{"taxonomy":"product_tag","embeddable":true,"href":"https:\/\/npicco.com\/ar\/wp-json\/wp\/v2\/product_tag?post=17306"}],"curies":[{"name":"wp","href":"https:\/\/api.w.org\/{rel}","templated":true}]}}