{"id":17305,"date":"2024-11-13T00:37:30","date_gmt":"2024-11-13T00:37:30","guid":{"rendered":"https:\/\/www.npicco.com\/urun\/experto\/"},"modified":"2026-01-16T14:29:02","modified_gmt":"2026-01-16T14:29:02","slug":"experto","status":"publish","type":"product","link":"https:\/\/npicco.com\/ar\/urun\/experto\/","title":{"rendered":"EXPERTO"},"content":{"rendered":"<p>TEKN\u0130K \u00d6ZELL\u0130KLER<br \/>\n\u2022 Is\u0131 yal\u0131t\u0131ml\u0131<br \/>\n\u2022 3 taraf\u0131 kapal\u0131 paslanmaz g\u00f6vde ve filtreli davlumbaz<br \/>\n\u2022 3 adet y\u00fcksekli\u011fi ayarlanabilir asans\u00f6rl\u00fc \u0131zgara<br \/>\n\u2022 Et ask\u0131 ve dinlendirme raf\u0131<br \/>\n\u2022 Izgaralarda ayarl\u0131 fren sistemi<br \/>\n\u2022 3 \u00e7ekmeceli<br \/>\n\u2022 Taban ara rafl\u0131<br \/>\n\u2022 2 adet k\u00fcl arabas\u0131<\/p>\n","protected":false},"excerpt":{"rendered":"<p><strong>TEKN\u0130K \u00d6ZELL\u0130KLER<\/strong><br \/>\n\u2022\u00a0 Y\u00fcksek \u0131s\u0131 yal\u0131t\u0131ml\u0131<\/p>\n<p>\u2022 Sabit veya tekerlekli ayak se\u00e7ene\u011fi<\/p>\n<p>\u2022 2 Adet ayarlanabilir asans\u00f6rl\u00fc \u0131zgara<\/p>\n<p>\u2022 3 Taraf\u0131 kapal\u0131 paslanmaz g\u00f6vde ve filtreli davlumbaz<\/p>\n<p>\u2022 Izgaralarda ayarlanabilir fren sistemi<\/p>\n<p>\u2022 Paslanmaz \u00e7elik g\u00f6vde<\/p>\n<p>\u2022 \u0130\u00e7 hazne ate\u015f tu\u011fla ile kapl\u0131<\/p>\n<p>\u2022 2 Adet dinlendirme raf\u0131 ve et ask\u0131s\u0131<\/p>\n<p>\u2022 2 Adet k\u00fcl depolama ve bo\u015faltma haznesi<\/p>\n<p>\u2022 Kanal, mil ve kare \u0131zgara se\u00e7enekleri<\/p>\n<p>\u2022 Yandan \u00e7evirme kolu<\/p>\n<p>&nbsp;<\/p>\n<p><strong><span style=\"color: #1b1919; font-size: 22px;\">\u00dcr\u00fcn \u00d6zellikleri<\/span><\/strong><\/p>\n<div class=\"product-details-table-horizontal\">\n<table style=\"height: 61px;\" width=\"560\">\n<thead>\n<tr>\n<th>\u00dcr\u00fcn Kodu<\/th>\n<th>Uzunluk<\/th>\n<th>Geni\u015flik<\/th>\n<th>Y\u00fckseklik<\/th>\n<th><\/th>\n<th>A\u011f\u0131rl\u0131k<\/th>\n<\/tr>\n<\/thead>\n<tbody>\n<tr>\n<td style=\"text-align: center;\" data-label=\"\u00dcr\u00fcn Kodu\">NPICCO 62.1<\/td>\n<td style=\"text-align: center;\" data-label=\"Uzunluk\">184<\/td>\n<td style=\"text-align: center;\" data-label=\"Geni\u015flik\">85<\/td>\n<td style=\"text-align: center;\" data-label=\"Y\u00fckseklik\">90*230<\/td>\n<td style=\"text-align: center;\" data-label=\"Izgara \u00d6l\u00e7\u00fcs\u00fc\"><\/td>\n<td style=\"text-align: center;\" data-label=\"A\u011f\u0131rl\u0131k\">550<\/td>\n<\/tr>\n<\/tbody>\n<\/table>\n<\/div>\n","protected":false},"featured_media":33459,"comment_status":"open","ping_status":"closed","template":"","meta":{"_joinchat":[]},"product_brand":[],"product_cat":[334],"product_tag":[],"class_list":{"0":"post-17305","1":"product","2":"type-product","3":"status-publish","4":"has-post-thumbnail","6":"product_cat-davlumbazli-barbekuler","8":"first","9":"instock","10":"shipping-taxable","11":"product-type-simple"},"_links":{"self":[{"href":"https:\/\/npicco.com\/ar\/wp-json\/wp\/v2\/product\/17305","targetHints":{"allow":["GET"]}}],"collection":[{"href":"https:\/\/npicco.com\/ar\/wp-json\/wp\/v2\/product"}],"about":[{"href":"https:\/\/npicco.com\/ar\/wp-json\/wp\/v2\/types\/product"}],"replies":[{"embeddable":true,"href":"https:\/\/npicco.com\/ar\/wp-json\/wp\/v2\/comments?post=17305"}],"version-history":[{"count":6,"href":"https:\/\/npicco.com\/ar\/wp-json\/wp\/v2\/product\/17305\/revisions"}],"predecessor-version":[{"id":33462,"href":"https:\/\/npicco.com\/ar\/wp-json\/wp\/v2\/product\/17305\/revisions\/33462"}],"wp:featuredmedia":[{"embeddable":true,"href":"https:\/\/npicco.com\/ar\/wp-json\/wp\/v2\/media\/33459"}],"wp:attachment":[{"href":"https:\/\/npicco.com\/ar\/wp-json\/wp\/v2\/media?parent=17305"}],"wp:term":[{"taxonomy":"product_brand","embeddable":true,"href":"https:\/\/npicco.com\/ar\/wp-json\/wp\/v2\/product_brand?post=17305"},{"taxonomy":"product_cat","embeddable":true,"href":"https:\/\/npicco.com\/ar\/wp-json\/wp\/v2\/product_cat?post=17305"},{"taxonomy":"product_tag","embeddable":true,"href":"https:\/\/npicco.com\/ar\/wp-json\/wp\/v2\/product_tag?post=17305"}],"curies":[{"name":"wp","href":"https:\/\/api.w.org\/{rel}","templated":true}]}}