{"id":17296,"date":"2024-11-13T00:36:46","date_gmt":"2024-11-13T00:36:46","guid":{"rendered":"https:\/\/www.npicco.com\/urun\/croxoven\/"},"modified":"2026-01-19T07:37:27","modified_gmt":"2026-01-19T07:37:27","slug":"croxoven","status":"publish","type":"product","link":"https:\/\/npicco.com\/ar\/urun\/croxoven\/","title":{"rendered":"CROXOVEN"},"content":{"rendered":"","protected":false},"excerpt":{"rendered":"<p><strong>TEKN\u0130K \u00d6ZELL\u0130KLER<\/strong><br \/>\n\u2022 Kapal\u0131 sistem barbek\u00fc<br \/>\n\u2022 Paslanmaz \u00f6n g\u00f6vde<br \/>\n\u2022 Y\u00fcksek \u0131s\u0131ya dayan\u0131kl\u0131 boya<br \/>\n\u2022 Y\u00fcksek \u0131s\u0131ya dayan\u0131kl\u0131 cam<br \/>\n\u2022 500\u00b0C \u00e7al\u0131\u015fma \u0131s\u0131s\u0131<br \/>\n\u2022 \u0130zolasyonlu g\u00f6vde<br \/>\n\u2022 K\u00fcl ve ya\u011f \u00e7ekmecesi<br \/>\n\u2022 2 adet pi\u015firme \u0131zgaras\u0131<br \/>\n\u2022 Paslanmaz alt \u00e7ekmece<br \/>\n\u2022\u00a0S\u0131cakl\u0131k kontrol sistemi<br \/>\n\u2022 \u00dcste a\u00e7\u0131lan kapak sistemi<br \/>\n\u2022 1 adet dinlendirme raf\u0131<br \/>\n\u2022 Kapakl\u0131 ve paslanmaz alt dolap<\/p>\n<div class=\"product-details-table-horizontal\">\n<h3>\u00dcr\u00fcn \u00d6zellikleri<\/h3>\n<table>\n<thead>\n<tr>\n<th>\u00dcr\u00fcn Kodu<\/th>\n<th>Uzunluk<\/th>\n<th>Geni\u015flik<\/th>\n<th>Y\u00fckseklik<\/th>\n<th>A\u011f\u0131rl\u0131k<\/th>\n<\/tr>\n<\/thead>\n<tbody>\n<tr>\n<td style=\"text-align: center;\" data-label=\"\u00dcr\u00fcn Kodu\">NPICCO 77.3<\/td>\n<td style=\"text-align: center;\" data-label=\"Uzunluk\">80<\/td>\n<td style=\"text-align: center;\" data-label=\"Geni\u015flik\">75<\/td>\n<td style=\"text-align: center;\" data-label=\"Y\u00fckseklik\">90\/185<\/td>\n<td style=\"text-align: center;\" data-label=\"A\u011f\u0131rl\u0131k\">245<\/td>\n<\/tr>\n<tr>\n<td style=\"text-align: center;\" data-label=\"\u00dcr\u00fcn Kodu\">NPICCO 77.4<\/td>\n<td style=\"text-align: center;\" data-label=\"Uzunluk\">120<\/td>\n<td style=\"text-align: center;\" data-label=\"Geni\u015flik\">75<\/td>\n<td style=\"text-align: center;\" data-label=\"Y\u00fckseklik\">90\/185<\/td>\n<td style=\"text-align: center;\" data-label=\"A\u011f\u0131rl\u0131k\">345<\/td>\n<\/tr>\n<\/tbody>\n<\/table>\n<\/div>\n","protected":false},"featured_media":33469,"comment_status":"open","ping_status":"closed","template":"","meta":{"_joinchat":[]},"product_brand":[],"product_cat":[336],"product_tag":[],"class_list":{"0":"post-17296","1":"product","2":"type-product","3":"status-publish","4":"has-post-thumbnail","6":"product_cat-komurlu-firinlar","8":"first","9":"instock","10":"shipping-taxable","11":"product-type-simple"},"_links":{"self":[{"href":"https:\/\/npicco.com\/ar\/wp-json\/wp\/v2\/product\/17296","targetHints":{"allow":["GET"]}}],"collection":[{"href":"https:\/\/npicco.com\/ar\/wp-json\/wp\/v2\/product"}],"about":[{"href":"https:\/\/npicco.com\/ar\/wp-json\/wp\/v2\/types\/product"}],"replies":[{"embeddable":true,"href":"https:\/\/npicco.com\/ar\/wp-json\/wp\/v2\/comments?post=17296"}],"version-history":[{"count":7,"href":"https:\/\/npicco.com\/ar\/wp-json\/wp\/v2\/product\/17296\/revisions"}],"predecessor-version":[{"id":33472,"href":"https:\/\/npicco.com\/ar\/wp-json\/wp\/v2\/product\/17296\/revisions\/33472"}],"wp:featuredmedia":[{"embeddable":true,"href":"https:\/\/npicco.com\/ar\/wp-json\/wp\/v2\/media\/33469"}],"wp:attachment":[{"href":"https:\/\/npicco.com\/ar\/wp-json\/wp\/v2\/media?parent=17296"}],"wp:term":[{"taxonomy":"product_brand","embeddable":true,"href":"https:\/\/npicco.com\/ar\/wp-json\/wp\/v2\/product_brand?post=17296"},{"taxonomy":"product_cat","embeddable":true,"href":"https:\/\/npicco.com\/ar\/wp-json\/wp\/v2\/product_cat?post=17296"},{"taxonomy":"product_tag","embeddable":true,"href":"https:\/\/npicco.com\/ar\/wp-json\/wp\/v2\/product_tag?post=17296"}],"curies":[{"name":"wp","href":"https:\/\/api.w.org\/{rel}","templated":true}]}}