{"id":17291,"date":"2024-11-13T00:35:44","date_gmt":"2024-11-13T00:35:44","guid":{"rendered":"https:\/\/www.npicco.com\/urun\/elektrikli-kebap-izgara\/"},"modified":"2026-01-19T07:45:20","modified_gmt":"2026-01-19T07:45:20","slug":"elektrikli-kebap-izgara","status":"publish","type":"product","link":"https:\/\/npicco.com\/ar\/urun\/elektrikli-kebap-izgara\/","title":{"rendered":"ELEKTRI\u0307KLI\u0307 KEBAP IZGARA"},"content":{"rendered":"","protected":false},"excerpt":{"rendered":"<p><strong>TEKN\u0130K \u00d6ZELL\u0130KLER <\/strong><br \/>\n\u2022 Paslanmaz \u00c7elik G\u00f6vde<br \/>\n\u2022 Is\u0131 ayarl\u0131 rezistans kontrol sistemi<br \/>\n\u2022 Ayarlanabilir fren sistemi<br \/>\n\u2022 380\/400V 10KW enerji kullan\u0131m\u0131<br \/>\n\u2022 Y\u00fcksekli\u011fi ayarlanabilir asans\u00f6r sistemi<\/p>\n<div class=\"product-details-table-horizontal\">\n<h3>\u00dcr\u00fcn \u00d6zellikleri<\/h3>\n<table>\n<thead>\n<tr>\n<th>\u00dcr\u00fcn Kodu<\/th>\n<th>Uzunluk<\/th>\n<th>Geni\u015flik<\/th>\n<th>Y\u00fckseklik<\/th>\n<th>Izgara \u00d6l\u00e7\u00fcs\u00fc<\/th>\n<th>A\u011f\u0131rl\u0131k<\/th>\n<\/tr>\n<\/thead>\n<tbody>\n<tr>\n<td data-label=\"\u00dcr\u00fcn Kodu\">NPICCO 220<\/td>\n<td data-label=\"Uzunluk\">140<\/td>\n<td data-label=\"Geni\u015flik\">70<\/td>\n<td data-label=\"Y\u00fckseklik\">105<\/td>\n<td data-label=\"Izgara \u00d6l\u00e7\u00fcs\u00fc\">118&#215;43 1 Adet<\/td>\n<td data-label=\"A\u011f\u0131rl\u0131k\">90<\/td>\n<\/tr>\n<\/tbody>\n<\/table>\n<\/div>\n","protected":false},"featured_media":33121,"comment_status":"open","ping_status":"closed","template":"","meta":{"_joinchat":[]},"product_brand":[],"product_cat":[333],"product_tag":[],"class_list":{"0":"post-17291","1":"product","2":"type-product","3":"status-publish","4":"has-post-thumbnail","6":"product_cat-setustu-barbekuler","8":"first","9":"instock","10":"shipping-taxable","11":"product-type-simple"},"_links":{"self":[{"href":"https:\/\/npicco.com\/ar\/wp-json\/wp\/v2\/product\/17291","targetHints":{"allow":["GET"]}}],"collection":[{"href":"https:\/\/npicco.com\/ar\/wp-json\/wp\/v2\/product"}],"about":[{"href":"https:\/\/npicco.com\/ar\/wp-json\/wp\/v2\/types\/product"}],"replies":[{"embeddable":true,"href":"https:\/\/npicco.com\/ar\/wp-json\/wp\/v2\/comments?post=17291"}],"version-history":[{"count":8,"href":"https:\/\/npicco.com\/ar\/wp-json\/wp\/v2\/product\/17291\/revisions"}],"predecessor-version":[{"id":33480,"href":"https:\/\/npicco.com\/ar\/wp-json\/wp\/v2\/product\/17291\/revisions\/33480"}],"wp:featuredmedia":[{"embeddable":true,"href":"https:\/\/npicco.com\/ar\/wp-json\/wp\/v2\/media\/33121"}],"wp:attachment":[{"href":"https:\/\/npicco.com\/ar\/wp-json\/wp\/v2\/media?parent=17291"}],"wp:term":[{"taxonomy":"product_brand","embeddable":true,"href":"https:\/\/npicco.com\/ar\/wp-json\/wp\/v2\/product_brand?post=17291"},{"taxonomy":"product_cat","embeddable":true,"href":"https:\/\/npicco.com\/ar\/wp-json\/wp\/v2\/product_cat?post=17291"},{"taxonomy":"product_tag","embeddable":true,"href":"https:\/\/npicco.com\/ar\/wp-json\/wp\/v2\/product_tag?post=17291"}],"curies":[{"name":"wp","href":"https:\/\/api.w.org\/{rel}","templated":true}]}}