{"id":17280,"date":"2024-11-13T00:30:57","date_gmt":"2024-11-13T00:30:57","guid":{"rendered":"https:\/\/www.npicco.com\/urun\/verde\/"},"modified":"2026-01-20T13:15:05","modified_gmt":"2026-01-20T13:15:05","slug":"verde","status":"publish","type":"product","link":"https:\/\/npicco.com\/ar\/urun\/verde\/","title":{"rendered":"VERDE"},"content":{"rendered":"","protected":false},"excerpt":{"rendered":"<p><strong> TEKN\u0130K \u00d6ZELL\u0130KLER<\/strong><br \/>\n\u2022 Y\u00fcksek performansl\u0131 \u0131s\u0131 yal\u0131t\u0131m\u0131<br \/>\n\u2022 Tekerlekli veya sabit ayakl\u0131 kullan\u0131m se\u00e7ene\u011fi<br \/>\n\u2022 Zincir sistemli, y\u00fcksekli\u011fi ayarlanabilir asans\u00f6rl\u00fc \u0131zgara<br \/>\n\u2022 Izgarada ayarlanabilir fren sistemi<br \/>\n\u2022 \u0130\u00e7 haznesi ate\u015f tu\u011flas\u0131 ile kapl\u0131d\u0131r<br \/>\n\u2022 Et ask\u0131s\u0131 ve y\u00fcksekli\u011fi ayarlanabilir dinlendirme raflar\u0131<br \/>\n\u2022 Y\u00fcksekli\u011fi ayarlanabilir odun haznesi<br \/>\n\u2022 1 adet plate \u0131zgara<br \/>\n\u2022 1 adet d\u00f6k\u00fcm \u0131zgara<br \/>\n\u2022 1 adet k\u00f6m\u00fcr arabas\u0131<br \/>\n\u2022 Katlanabilir servis raf\u0131<br \/>\n\u2022 Servis raf\u0131, 6 adet GN 1\/6 k\u00fcvet ile uyumludur<\/p>\n<div class=\"product-details-table-horizontal\">\n<h3>\u00dcr\u00fcn \u00d6zellikleri<\/h3>\n<table style=\"height: 59px;\" width=\"461\">\n<thead>\n<tr>\n<th>\u00dcr\u00fcn Kodu<\/th>\n<th>Uzunluk<\/th>\n<th>Geni\u015flik<\/th>\n<th>Y\u00fckseklik<\/th>\n<th>A\u011f\u0131rl\u0131k<\/th>\n<\/tr>\n<\/thead>\n<tbody>\n<tr>\n<td style=\"text-align: center;\" data-label=\"\u00dcr\u00fcn Kodu\">NPICCO 41.1<\/td>\n<td style=\"text-align: center;\" data-label=\"Uzunluk\">150<\/td>\n<td style=\"text-align: center;\" data-label=\"Geni\u015flik\">100<\/td>\n<td style=\"text-align: center;\" data-label=\"Y\u00fckseklik\">90\/190<\/td>\n<td style=\"text-align: center;\" data-label=\"A\u011f\u0131rl\u0131k\">400<\/td>\n<\/tr>\n<\/tbody>\n<\/table>\n<\/div>\n","protected":false},"featured_media":33667,"comment_status":"open","ping_status":"closed","template":"","meta":{"_joinchat":[]},"product_brand":[],"product_cat":[332],"product_tag":[],"class_list":{"0":"post-17280","1":"product","2":"type-product","3":"status-publish","4":"has-post-thumbnail","6":"product_cat-barbekuler","8":"first","9":"instock","10":"shipping-taxable","11":"product-type-simple"},"_links":{"self":[{"href":"https:\/\/npicco.com\/ar\/wp-json\/wp\/v2\/product\/17280","targetHints":{"allow":["GET"]}}],"collection":[{"href":"https:\/\/npicco.com\/ar\/wp-json\/wp\/v2\/product"}],"about":[{"href":"https:\/\/npicco.com\/ar\/wp-json\/wp\/v2\/types\/product"}],"replies":[{"embeddable":true,"href":"https:\/\/npicco.com\/ar\/wp-json\/wp\/v2\/comments?post=17280"}],"version-history":[{"count":9,"href":"https:\/\/npicco.com\/ar\/wp-json\/wp\/v2\/product\/17280\/revisions"}],"predecessor-version":[{"id":33671,"href":"https:\/\/npicco.com\/ar\/wp-json\/wp\/v2\/product\/17280\/revisions\/33671"}],"wp:featuredmedia":[{"embeddable":true,"href":"https:\/\/npicco.com\/ar\/wp-json\/wp\/v2\/media\/33667"}],"wp:attachment":[{"href":"https:\/\/npicco.com\/ar\/wp-json\/wp\/v2\/media?parent=17280"}],"wp:term":[{"taxonomy":"product_brand","embeddable":true,"href":"https:\/\/npicco.com\/ar\/wp-json\/wp\/v2\/product_brand?post=17280"},{"taxonomy":"product_cat","embeddable":true,"href":"https:\/\/npicco.com\/ar\/wp-json\/wp\/v2\/product_cat?post=17280"},{"taxonomy":"product_tag","embeddable":true,"href":"https:\/\/npicco.com\/ar\/wp-json\/wp\/v2\/product_tag?post=17280"}],"curies":[{"name":"wp","href":"https:\/\/api.w.org\/{rel}","templated":true}]}}