{"id":17278,"date":"2024-11-13T00:30:56","date_gmt":"2024-11-13T00:30:56","guid":{"rendered":"https:\/\/www.npicco.com\/urun\/rosso-filter-hood\/"},"modified":"2026-01-19T08:27:59","modified_gmt":"2026-01-19T08:27:59","slug":"rosso-filter-hood","status":"publish","type":"product","link":"https:\/\/npicco.com\/ar\/urun\/rosso-filter-hood\/","title":{"rendered":"ROSSO FILTER HOOD"},"content":{"rendered":"","protected":false},"excerpt":{"rendered":"<p><strong>TEKN\u0130K \u00d6ZELL\u0130KLER <\/strong><br \/>\n\u2022 Y\u00fcksek Is\u0131 yal\u0131t\u0131ml\u0131<\/p>\n<p>\u2022 2 adet y\u00fcksekli\u011fi ayarlanabilir asans\u00f6rl\u00fc \u0131zgara<\/p>\n<p>\u2022 Izgaralarda ayarlanabilir fren sistemi<\/p>\n<p>\u2022 Is\u0131ya dayan\u0131kl\u0131 boya<\/p>\n<p>\u2022 \u0130\u00e7 hazne ate\u015f tu\u011fla<\/p>\n<p>\u2022 Katlanabilir servis tezgah\u0131<\/p>\n<p>\u2022 Kanal, mil ve kare \u0131zgara se\u00e7enekleri<\/p>\n<p>\u2022 Et ask\u0131 ve dinlendirme raf\u0131<\/p>\n<p>\u2022 K\u00fcl bo\u015faltma haznesi<\/p>\n<p>\u2022 Hareketli \u015fi\u015f arabas\u0131<\/p>\n<p>\u2022 2 katl\u0131 tabakl\u0131k<\/p>\n<p>\u2022 Filtreli davlumbaz<\/p>\n<div class=\"product-details-table-horizontal\">\n<h3>\u00dcr\u00fcn \u00d6zellikleri<\/h3>\n<table style=\"height: 63px;\" width=\"758\">\n<thead>\n<tr>\n<th>\u00dcr\u00fcn Kodu<\/th>\n<th>Uzunluk<\/th>\n<th>Geni\u015flik<\/th>\n<th>Y\u00fckseklik<\/th>\n<th>Izgara \u00d6l\u00e7\u00fcs\u00fc<\/th>\n<th>Kebap Hazne \u00d6l\u00e7\u00fcs\u00fc<\/th>\n<th>A\u011f\u0131rl\u0131k<\/th>\n<\/tr>\n<\/thead>\n<tbody>\n<tr>\n<td style=\"text-align: center;\" data-label=\"\u00dcr\u00fcn Kodu\">NPICCO 69.1<\/td>\n<td style=\"text-align: center;\" data-label=\"Uzunluk\">200<\/td>\n<td style=\"text-align: center;\" data-label=\"Geni\u015flik\">85<\/td>\n<td style=\"text-align: center;\" data-label=\"Y\u00fckseklik\">90\/240<\/td>\n<td style=\"text-align: center;\" data-label=\"Izgara \u00d6l\u00e7\u00fcs\u00fc\">64&#215;67<\/td>\n<td style=\"text-align: center;\" data-label=\"Kebap Hazne \u00d6l\u00e7\u00fcs\u00fc\">95*42*11<\/td>\n<td style=\"text-align: center;\" data-label=\"A\u011f\u0131rl\u0131k\">600<\/td>\n<\/tr>\n<\/tbody>\n<\/table>\n<\/div>\n","protected":false},"featured_media":33504,"comment_status":"open","ping_status":"closed","template":"","meta":{"_joinchat":[]},"product_brand":[],"product_cat":[334],"product_tag":[],"class_list":{"0":"post-17278","1":"product","2":"type-product","3":"status-publish","4":"has-post-thumbnail","6":"product_cat-davlumbazli-barbekuler","8":"first","9":"instock","10":"shipping-taxable","11":"product-type-simple"},"_links":{"self":[{"href":"https:\/\/npicco.com\/ar\/wp-json\/wp\/v2\/product\/17278","targetHints":{"allow":["GET"]}}],"collection":[{"href":"https:\/\/npicco.com\/ar\/wp-json\/wp\/v2\/product"}],"about":[{"href":"https:\/\/npicco.com\/ar\/wp-json\/wp\/v2\/types\/product"}],"replies":[{"embeddable":true,"href":"https:\/\/npicco.com\/ar\/wp-json\/wp\/v2\/comments?post=17278"}],"version-history":[{"count":8,"href":"https:\/\/npicco.com\/ar\/wp-json\/wp\/v2\/product\/17278\/revisions"}],"predecessor-version":[{"id":33507,"href":"https:\/\/npicco.com\/ar\/wp-json\/wp\/v2\/product\/17278\/revisions\/33507"}],"wp:featuredmedia":[{"embeddable":true,"href":"https:\/\/npicco.com\/ar\/wp-json\/wp\/v2\/media\/33504"}],"wp:attachment":[{"href":"https:\/\/npicco.com\/ar\/wp-json\/wp\/v2\/media?parent=17278"}],"wp:term":[{"taxonomy":"product_brand","embeddable":true,"href":"https:\/\/npicco.com\/ar\/wp-json\/wp\/v2\/product_brand?post=17278"},{"taxonomy":"product_cat","embeddable":true,"href":"https:\/\/npicco.com\/ar\/wp-json\/wp\/v2\/product_cat?post=17278"},{"taxonomy":"product_tag","embeddable":true,"href":"https:\/\/npicco.com\/ar\/wp-json\/wp\/v2\/product_tag?post=17278"}],"curies":[{"name":"wp","href":"https:\/\/api.w.org\/{rel}","templated":true}]}}