{"id":17260,"date":"2024-11-13T00:30:51","date_gmt":"2024-11-13T00:30:51","guid":{"rendered":"https:\/\/www.npicco.com\/urun\/ponza-tek-asansorlu-firinli-set\/"},"modified":"2026-01-20T09:06:11","modified_gmt":"2026-01-20T09:06:11","slug":"ponza-tek-asansorlu-firinli-set","status":"publish","type":"product","link":"https:\/\/npicco.com\/ar\/urun\/ponza-tek-asansorlu-firinli-set\/","title":{"rendered":"PONZA TEK ASANSO\u0308RLU\u0308 FIRINLI SET"},"content":{"rendered":"","protected":false},"excerpt":{"rendered":"<p><strong>TEKN\u0130K \u00d6ZELL\u0130KLER <\/strong><br \/>\n\u2022 Paslanmaz \u00e7elik g\u00f6vde<br \/>\n\u2022 Bir adet ayarlanabilir asans\u00f6rl\u00fc \u0131zgara<br \/>\n\u2022 Izgara ve dinlendirme raf\u0131 s\u00f6k\u00fclebilir sistem<br \/>\n\u2022 Otomatik fren sistemi<br \/>\n\u2022 500\u00b0 \u00e7al\u0131\u015fma \u0131s\u0131s\u0131<br \/>\n\u2022 Kapal\u0131 sistem barbek\u00fc<br \/>\n\u2022 S\u0131cakl\u0131k kontrol sistemi<br \/>\n\u2022 izolasyonlu g\u00f6vde<br \/>\n\u2022 K\u00fcl \u00e7ekmecesi<br \/>\n\u2022 iki adet pi\u015firme \u0131zgaras\u0131<br \/>\n\u2022 Kapal\u0131 ve paslanmaz alt dolap<br \/>\n\u2022 F\u0131r\u0131n kap\u0131 ve \u00f6n g\u00f6vde d\u00f6k\u00fcm malzeme<\/p>\n<div class=\"product-details-table-horizontal\">\n<h3>\u00dcr\u00fcn \u00d6zellikleri<\/h3>\n<table style=\"height: 65px;\" width=\"632\">\n<thead>\n<tr>\n<th>\u00dcr\u00fcn Kodu<\/th>\n<th>Uzunluk<\/th>\n<th>Geni\u015flik<\/th>\n<th>Y\u00fckseklik<\/th>\n<th>Izgara \u00d6l\u00e7\u00fcs\u00fc<\/th>\n<th>A\u011f\u0131rl\u0131k<\/th>\n<\/tr>\n<\/thead>\n<tbody>\n<tr>\n<td style=\"text-align: center;\" data-label=\"\u00dcr\u00fcn Kodu\">NPICCO 34.1<\/td>\n<td style=\"text-align: center;\" data-label=\"Uzunluk\">190<\/td>\n<td style=\"text-align: center;\" data-label=\"Geni\u015flik\">91.5<\/td>\n<td style=\"text-align: center;\" data-label=\"Y\u00fckseklik\">90\/180<\/td>\n<td style=\"text-align: center;\" data-label=\"Izgara \u00d6l\u00e7\u00fcs\u00fc\">75&#215;50 1 Adet<br \/>\n65&#215;53 2 Adet<\/td>\n<td style=\"text-align: center;\" data-label=\"A\u011f\u0131rl\u0131k\">430<\/td>\n<\/tr>\n<\/tbody>\n<\/table>\n<\/div>\n","protected":false},"featured_media":33184,"comment_status":"open","ping_status":"closed","template":"","meta":{"_joinchat":[]},"product_brand":[],"product_cat":[335],"product_tag":[],"class_list":{"0":"post-17260","1":"product","2":"type-product","3":"status-publish","4":"has-post-thumbnail","6":"product_cat-multi-set-barbekuler","8":"first","9":"instock","10":"shipping-taxable","11":"product-type-simple"},"_links":{"self":[{"href":"https:\/\/npicco.com\/ar\/wp-json\/wp\/v2\/product\/17260","targetHints":{"allow":["GET"]}}],"collection":[{"href":"https:\/\/npicco.com\/ar\/wp-json\/wp\/v2\/product"}],"about":[{"href":"https:\/\/npicco.com\/ar\/wp-json\/wp\/v2\/types\/product"}],"replies":[{"embeddable":true,"href":"https:\/\/npicco.com\/ar\/wp-json\/wp\/v2\/comments?post=17260"}],"version-history":[{"count":8,"href":"https:\/\/npicco.com\/ar\/wp-json\/wp\/v2\/product\/17260\/revisions"}],"predecessor-version":[{"id":33626,"href":"https:\/\/npicco.com\/ar\/wp-json\/wp\/v2\/product\/17260\/revisions\/33626"}],"wp:featuredmedia":[{"embeddable":true,"href":"https:\/\/npicco.com\/ar\/wp-json\/wp\/v2\/media\/33184"}],"wp:attachment":[{"href":"https:\/\/npicco.com\/ar\/wp-json\/wp\/v2\/media?parent=17260"}],"wp:term":[{"taxonomy":"product_brand","embeddable":true,"href":"https:\/\/npicco.com\/ar\/wp-json\/wp\/v2\/product_brand?post=17260"},{"taxonomy":"product_cat","embeddable":true,"href":"https:\/\/npicco.com\/ar\/wp-json\/wp\/v2\/product_cat?post=17260"},{"taxonomy":"product_tag","embeddable":true,"href":"https:\/\/npicco.com\/ar\/wp-json\/wp\/v2\/product_tag?post=17260"}],"curies":[{"name":"wp","href":"https:\/\/api.w.org\/{rel}","templated":true}]}}