{"id":17257,"date":"2024-11-13T00:30:50","date_gmt":"2024-11-13T00:30:50","guid":{"rendered":"https:\/\/www.npicco.com\/urun\/ponza\/"},"modified":"2026-01-20T09:08:40","modified_gmt":"2026-01-20T09:08:40","slug":"ponza","status":"publish","type":"product","link":"https:\/\/npicco.com\/ar\/urun\/ponza\/","title":{"rendered":"PONZA"},"content":{"rendered":"","protected":false},"excerpt":{"rendered":"<p><strong>TEKN\u0130K \u00d6ZELL\u0130KLER <\/strong><br \/>\n\u2022 Y\u00fcksek \u0131s\u0131 yal\u0131t\u0131ml\u0131<br \/>\n\u2022 Tekerlek veya sabit ayak se\u00e7ene\u011fi<br \/>\n\u2022 Boyal\u0131 ve paslanmaz se\u00e7ene\u011fi<br \/>\n\u2022 Y\u00fcksekli\u011fi ayarlanabilir \u0131zgara<br \/>\n\u2022 Izgaralarda ayarlanabilir fren sistemi<br \/>\n\u2022 \u0130\u00e7 hazne ate\u015f tu\u011fla kapl\u0131<br \/>\n\u2022 Dinlendirme raf\u0131<br \/>\n\u2022 Kanal, Mil ve kare \u0131zgara se\u00e7enekleri<br \/>\n\u2022 K\u00fcl bo\u015faltma haznesi<br \/>\n\u2022 \u00c7\u0131kar\u0131labilen ya\u011f kanal\u0131<br \/>\n\u2022 \u00c7\u0131kar\u0131labilen \u0131zgara ve dinlendirme raf\u0131<\/p>\n<div class=\"product-details-table-horizontal\">\n<h3>\u00dcr\u00fcn \u00d6zellikleri<\/h3>\n<table style=\"height: 152px;\" width=\"547\">\n<thead>\n<tr>\n<th>\u00dcr\u00fcn Kodu<\/th>\n<th>Uzunluk<\/th>\n<th>Geni\u015flik<\/th>\n<th>Y\u00fckseklik<\/th>\n<th>Izgara \u00d6l\u00e7\u00fcs\u00fc<\/th>\n<th>A\u011f\u0131rl\u0131k<\/th>\n<\/tr>\n<\/thead>\n<tbody>\n<tr>\n<td style=\"text-align: center;\" data-label=\"\u00dcr\u00fcn Kodu\">NPICCO 31.1<\/td>\n<td style=\"text-align: center;\" data-label=\"Uzunluk\">100<\/td>\n<td style=\"text-align: center;\" data-label=\"Geni\u015flik\">91,5<\/td>\n<td style=\"text-align: center;\" data-label=\"Y\u00fckseklik\">100\/160<\/td>\n<td style=\"text-align: center;\" data-label=\"Izgara \u00d6l\u00e7\u00fcs\u00fc\">65&#215;50 1 Adet<\/td>\n<td style=\"text-align: center;\" data-label=\"A\u011f\u0131rl\u0131k\">150<\/td>\n<\/tr>\n<tr>\n<td style=\"text-align: center;\" data-label=\"\u00dcr\u00fcn Kodu\">NPICCO 31.2<\/td>\n<td style=\"text-align: center;\" data-label=\"Uzunluk\">150<\/td>\n<td style=\"text-align: center;\" data-label=\"Geni\u015flik\">91,5<\/td>\n<td style=\"text-align: center;\" data-label=\"Y\u00fckseklik\">100\/160<\/td>\n<td style=\"text-align: center;\" data-label=\"Izgara \u00d6l\u00e7\u00fcs\u00fc\">60&#215;50 2 Adet<\/td>\n<td style=\"text-align: center;\" data-label=\"A\u011f\u0131rl\u0131k\">300<\/td>\n<\/tr>\n<tr>\n<td style=\"text-align: center;\" data-label=\"\u00dcr\u00fcn Kodu\">NPICCO 31.3<\/td>\n<td style=\"text-align: center;\" data-label=\"Uzunluk\">200<\/td>\n<td style=\"text-align: center;\" data-label=\"Geni\u015flik\">91,5<\/td>\n<td style=\"text-align: center;\" data-label=\"Y\u00fckseklik\">100\/160<\/td>\n<td style=\"text-align: center;\" data-label=\"Izgara \u00d6l\u00e7\u00fcs\u00fc\">85&#215;50 2 Adet<\/td>\n<td style=\"text-align: center;\" data-label=\"A\u011f\u0131rl\u0131k\">350<\/td>\n<\/tr>\n<tr>\n<td style=\"text-align: center;\" data-label=\"\u00dcr\u00fcn Kodu\">NPICCO 31.4<\/td>\n<td style=\"text-align: center;\" data-label=\"Uzunluk\">250<\/td>\n<td style=\"text-align: center;\" data-label=\"Geni\u015flik\">91,5<\/td>\n<td style=\"text-align: center;\" data-label=\"Y\u00fckseklik\">100\/160<\/td>\n<td style=\"text-align: center;\" data-label=\"Izgara \u00d6l\u00e7\u00fcs\u00fc\">71&#215;50 3 Adet<\/td>\n<td style=\"text-align: center;\" data-label=\"A\u011f\u0131rl\u0131k\">450<\/td>\n<\/tr>\n<\/tbody>\n<\/table>\n<\/div>\n","protected":false},"featured_media":33190,"comment_status":"open","ping_status":"closed","template":"","meta":{"_joinchat":[]},"product_brand":[],"product_cat":[367],"product_tag":[],"class_list":{"0":"post-17257","1":"product","2":"type-product","3":"status-publish","4":"has-post-thumbnail","6":"product_cat-barbecues","8":"first","9":"instock","10":"shipping-taxable","11":"product-type-simple"},"_links":{"self":[{"href":"https:\/\/npicco.com\/ar\/wp-json\/wp\/v2\/product\/17257","targetHints":{"allow":["GET"]}}],"collection":[{"href":"https:\/\/npicco.com\/ar\/wp-json\/wp\/v2\/product"}],"about":[{"href":"https:\/\/npicco.com\/ar\/wp-json\/wp\/v2\/types\/product"}],"replies":[{"embeddable":true,"href":"https:\/\/npicco.com\/ar\/wp-json\/wp\/v2\/comments?post=17257"}],"version-history":[{"count":7,"href":"https:\/\/npicco.com\/ar\/wp-json\/wp\/v2\/product\/17257\/revisions"}],"predecessor-version":[{"id":33628,"href":"https:\/\/npicco.com\/ar\/wp-json\/wp\/v2\/product\/17257\/revisions\/33628"}],"wp:featuredmedia":[{"embeddable":true,"href":"https:\/\/npicco.com\/ar\/wp-json\/wp\/v2\/media\/33190"}],"wp:attachment":[{"href":"https:\/\/npicco.com\/ar\/wp-json\/wp\/v2\/media?parent=17257"}],"wp:term":[{"taxonomy":"product_brand","embeddable":true,"href":"https:\/\/npicco.com\/ar\/wp-json\/wp\/v2\/product_brand?post=17257"},{"taxonomy":"product_cat","embeddable":true,"href":"https:\/\/npicco.com\/ar\/wp-json\/wp\/v2\/product_cat?post=17257"},{"taxonomy":"product_tag","embeddable":true,"href":"https:\/\/npicco.com\/ar\/wp-json\/wp\/v2\/product_tag?post=17257"}],"curies":[{"name":"wp","href":"https:\/\/api.w.org\/{rel}","templated":true}]}}