{"id":17246,"date":"2024-11-13T00:25:28","date_gmt":"2024-11-13T00:25:28","guid":{"rendered":"https:\/\/www.npicco.com\/urun\/long-grill\/"},"modified":"2026-01-20T08:38:24","modified_gmt":"2026-01-20T08:38:24","slug":"long-grill","status":"publish","type":"product","link":"https:\/\/npicco.com\/ar\/urun\/long-grill\/","title":{"rendered":"LONG GRILL"},"content":{"rendered":"","protected":false},"excerpt":{"rendered":"<p><strong>TEKN\u0130K \u00d6ZELL\u0130KLER<\/strong><br \/>\n\u2022 Is\u0131 yal\u0131t\u0131ml\u0131<br \/>\n\u2022 2 adet y\u00fcksekli\u011fi ayarlanabilir asans\u00f6rl\u00fc \u0131zgara<br \/>\n\u2022 Is\u0131ya dayan\u0131kl\u0131 boya<br \/>\n\u2022 Izgaralarda ayarlanabilir fren sistemi<br \/>\n\u2022 Et ask\u0131 raf\u0131<br \/>\n\u2022 2 adet k\u00fcl depolama haznesi<br \/>\n\u2022 3 adet \u00e7ekmece hazneli<\/p>\n<div class=\"product-details-table-horizontal\">\n<h3>\u00dcr\u00fcn \u00d6zellikleri<\/h3>\n<table style=\"height: 58px;\" width=\"460\">\n<thead>\n<tr>\n<th>\u00dcr\u00fcn Kodu<\/th>\n<th>Uzunluk<\/th>\n<th>Geni\u015flik<\/th>\n<th>Y\u00fckseklik<\/th>\n<th>A\u011f\u0131rl\u0131k<\/th>\n<\/tr>\n<\/thead>\n<tbody>\n<tr>\n<td style=\"text-align: center;\" data-label=\"\u00dcr\u00fcn Kodu\">NPICCO 84.1<\/td>\n<td style=\"text-align: center;\" data-label=\"Uzunluk\">400<\/td>\n<td style=\"text-align: center;\" data-label=\"Geni\u015flik\">90<\/td>\n<td style=\"text-align: center;\" data-label=\"Y\u00fckseklik\">105<\/td>\n<td style=\"text-align: center;\" data-label=\"A\u011f\u0131rl\u0131k\">450<\/td>\n<\/tr>\n<\/tbody>\n<\/table>\n<\/div>\n","protected":false},"featured_media":33208,"comment_status":"open","ping_status":"closed","template":"","meta":{"_joinchat":[]},"product_brand":[],"product_cat":[332],"product_tag":[],"class_list":{"0":"post-17246","1":"product","2":"type-product","3":"status-publish","4":"has-post-thumbnail","6":"product_cat-barbekuler","8":"first","9":"instock","10":"shipping-taxable","11":"product-type-simple"},"_links":{"self":[{"href":"https:\/\/npicco.com\/ar\/wp-json\/wp\/v2\/product\/17246","targetHints":{"allow":["GET"]}}],"collection":[{"href":"https:\/\/npicco.com\/ar\/wp-json\/wp\/v2\/product"}],"about":[{"href":"https:\/\/npicco.com\/ar\/wp-json\/wp\/v2\/types\/product"}],"replies":[{"embeddable":true,"href":"https:\/\/npicco.com\/ar\/wp-json\/wp\/v2\/comments?post=17246"}],"version-history":[{"count":7,"href":"https:\/\/npicco.com\/ar\/wp-json\/wp\/v2\/product\/17246\/revisions"}],"predecessor-version":[{"id":33610,"href":"https:\/\/npicco.com\/ar\/wp-json\/wp\/v2\/product\/17246\/revisions\/33610"}],"wp:featuredmedia":[{"embeddable":true,"href":"https:\/\/npicco.com\/ar\/wp-json\/wp\/v2\/media\/33208"}],"wp:attachment":[{"href":"https:\/\/npicco.com\/ar\/wp-json\/wp\/v2\/media?parent=17246"}],"wp:term":[{"taxonomy":"product_brand","embeddable":true,"href":"https:\/\/npicco.com\/ar\/wp-json\/wp\/v2\/product_brand?post=17246"},{"taxonomy":"product_cat","embeddable":true,"href":"https:\/\/npicco.com\/ar\/wp-json\/wp\/v2\/product_cat?post=17246"},{"taxonomy":"product_tag","embeddable":true,"href":"https:\/\/npicco.com\/ar\/wp-json\/wp\/v2\/product_tag?post=17246"}],"curies":[{"name":"wp","href":"https:\/\/api.w.org\/{rel}","templated":true}]}}